{"id":81,"date":"2021-04-16T18:42:51","date_gmt":"2021-04-16T18:42:51","guid":{"rendered":"http:\/\/localhost:85\/?page_id=81"},"modified":"2021-05-16T20:31:01","modified_gmt":"2021-05-16T20:31:01","slug":"celtic-applicants","status":"publish","type":"page","link":"https:\/\/www.theelthub.com\/fr\/elt-brittany\/celtic-applicants\/","title":{"rendered":"ELT Brittany &#8211; For Welsh, Scottish and Irish applicants"},"content":{"rendered":"<h2 class=\"wp-block-heading\">Celtic applicants<\/h2>\n\n\n\n<figure class=\"wp-block-image size-large\"><img loading=\"lazy\" decoding=\"async\" width=\"114\" height=\"162\" src=\"http:\/\/www.theelthub.com\/wp-content\/uploads\/2021\/04\/welsh.jpg\" alt=\"\" class=\"wp-image-82\"\/><\/figure>\n\n\n\n<p>&#8220;Diddorol bob amser. Digon o chwerthin<br>Hefyd wnaeth olygu bod y trin a&#8217;r trafod yn mynd<br>yn ei flaen. Wedi mwynhau&#8217;r dulliau addysgu&#8217;n<br>defnyddio&#8217;r dull dysgu trwy wneud. Cwrs gyda strwythur<br>da iawn oedd wedi&#8217;i drefnu&#8217;n dda. Diolchyn fawr iawn i<br>Alina, Neil a Jane am eich holl gefnogaeth. Ni theimlais o<br>gwbl fod pethau&#8217;n mynd yn ormod i mi na mod i<br>mewn dyfroedd dyfnion.&#8221;<\/p>\n\n\n\n<p><strong>Written by Tom<\/strong><\/p>\n\n\n\n<p><\/p>\n\n\n\n<figure class=\"wp-block-image size-large\"><img loading=\"lazy\" decoding=\"async\" width=\"124\" height=\"162\" src=\"http:\/\/www.theelthub.com\/wp-content\/uploads\/2021\/04\/irsh.jpg\" alt=\"\" class=\"wp-image-83\"\/><\/figure>\n\n\n\n<p>&#8220;Bu\u00edochas le Neil agus Alina.<br>Is daoine an-ch\u00e1irdi\u00fail iad. Bh\u00ed<br>muin\u00edn agam acu mar cheap m\u00e9 go<br>raibh&nbsp;sp\u00e9is acu san \u00e1bhair a bh\u00ed le&nbsp;pl\u00e9 acu.<br>Ar ioml\u00e1n cheap m\u00e9 gur chabhraidh an<br>ch\u00farsa liom tuiscint n\u00edos fearr a bheith agam<br>ar na dalta\u00ed agus a gcuid riachtanais. Is c\u00f3ras<br>iontach \u00e9 chun inspior\u00e1id a chruth\u00fa i daoine<br>agus chun beala\u00ed foghlamtha<br>a chruth\u00fa.&#8221;<\/p>\n\n\n\n<p><strong>Written by James<\/strong><\/p>\n\n\n\n<p><\/p>\n\n\n\n<figure class=\"wp-block-image size-large\"><img loading=\"lazy\" decoding=\"async\" width=\"101\" height=\"162\" src=\"http:\/\/www.theelthub.com\/wp-content\/uploads\/2021\/04\/scot.jpg\" alt=\"\" class=\"wp-image-84\"\/><\/figure>\n\n\n\n<p>&#8220;Dh\u00f2mhsa, bha an c\u00f9rsa 5 seachdaineach a&#8217;<br>ciallachadh gun robh latha a bharrachd agam<br>gach seachdain airson m&#8217; anail a ghabhail.<br>Chaidh agam air \u00f9ine a bharrachd a ghabhail<br>gus beachdachadh air obair na seachdain a<br>dh&#8217;fhalbh air agus obair sam bith a dh&#8217;fheumainn<br>a dh\u00e8amamh, cho math ri bhith a&#8217; coiseachd ri<br>taobh na h-aibhne \u00e0lainn. Thug e dhomh an<br>cothrom smachd a chumail air na bha romham<br>de dh&#8217;obair agus ullachadh a dh\u00e8anamh airson<br>na seachdain a bha gu bhith romham. Chanainn<br>gun robh an latha dheth a bharrachd a bh&#8217; agam<br>mar ch\u00f9l-taic pearsanta CELTA dhomh fh\u00ecn.<\/p>\n\n\n\n<p>&#8220;Bha l\u00e0rach nan seiseanan d\u00ecreach \u00e0lainn, agus<br>fhuair sinn f\u00e0ilte agus furan aig CIEL<br>na Breatainne Bige. Thug seo uallach seachdain<br>thrang bhuainn. B&#8217; e f\u00ecor thlachd a bh&#8217; ann a<br>bhith a&#8217; dol s\u00ecos a h-uile latha gu bruach na h-aibhne<br>agus a bhith a&#8217; me\u00f2rachadh air mo smuaintean.&#8221;<\/p>\n\n\n\n<p>&#8220;Chanainn gum biodh c\u00f9rsa 5 seachdaineach<br>CELTA air leth freagarrach do luchd-ionnsachaidh<br>nas sine no dhaibhsan a tha a&#8217;<br>tilleadh gu bhith ag ionnsachadh an d\u00e8idh \u00f9ine<br>mh\u00f2r. Bha deireadh-sheachdain de 3 l\u00e0ithean a&#8217;<br>toirt dh\u00ecot uallach gun teagamh sam bith.&#8221;<\/p>\n\n\n\n<p>&#8220;Gun teagamh, chan e a-mh\u00e0in cho fada &#8216;s a<br>mhaireas e a tha cudromach. Tha A&#8217; Bhreatainn<br>Bhig fh\u00e8in tarraingeach cuideachd. Dhaibhsan<br>a tha measail air an t-saoghal n\u00e0darrach, a bhith<br>air a&#8217; bhl\u00e0r a-muigh, agus dhaibhsan a tha<br>d\u00e8idheil air s\u00e0mhchair, bhiodh an t-\u00e0ite seo air<br>leth freagarrach airson CELTA a dh\u00e8anamh.&#8221;<\/p>\n\n\n\n<p>&#8220;An fheadhainn as fhe\u00e0rr anns an Fhraing air<br>c\u00f9rsaichean a sholarachadh.&#8221;<\/p>\n\n\n\n<p>&#8220;Ceumnaiche CELTA 2015&#8221;<\/p>\n\n\n\n<p>Le taing do Ghillebr\u00ecde Mac &#8216;IlleMhaoil airson an eadar-theangachaidh gu G\u00e0idhlig.<\/p>\n\n\n\n<p><strong>Written by Eva<\/strong><\/p>\n\n\n\n<h2 class=\"wp-block-heading\">Breton Language Courses<\/h2>\n\n\n\n<p>Breton is a Celtic language. Its closest relative is Cornish. Whereas Cornish is hanging on for dear life &#8211; there are fewer than 500 fluent speakers and funding has just been severely cut &#8211; Breton is edging tentatively forwards in its revival. It remains classified as &#8220;severely endangered&#8221; by UNESCO, but there has been a rise in the number of children attending bilingual classes &#8211; up 33% from 2006 to 2012, to more than 14000. A dip in the ocean compared with the million or so speakers in the 1950s, but, nevertheless, moving upwards.<\/p>\n\n\n\n<p>The six territories widely considered Celtic nations are Brittany (Breizh), Cornwall (Kernow), Wales (Cymru), Scotland (Alba), Ireland (\u00c9ire), and the Isle of Man (Mannin), commonly referred to as the &#8220;Celtic fringe&#8221;.<\/p>\n\n\n\n<p>Perhaps your interest in languages and the fact that you&#8217;re in Brittany for your CELTA might tempt you to give Breton a try. We can help you there. SKED, a local training organisation specialising in the Breton language and culture, are not far from where you will be based. They can offer bespoke introductory courses of 10 or 15 hours. Let us know in advance if it might interest you. Sit on the other side of the table as a learner, and enjoy lively, interactive lessons.<\/p>\n\n\n\n<p>Listen to little taster of Breton, recorded by SKED. It says &#8220;Hello, welcome to SKED. Come and take Breton courses with us! Bye!&#8221;<\/p>\n\n\n\n<figure class=\"wp-block-audio\"><audio controls src=\"http:\/\/www.theelthub.com\/wp-content\/uploads\/2021\/04\/degemer1.mp3\"><\/audio><\/figure>\n\n\n\n<figure class=\"wp-block-image size-large\"><img loading=\"lazy\" decoding=\"async\" width=\"653\" height=\"292\" src=\"http:\/\/www.theelthub.com\/wp-content\/uploads\/2021\/04\/breton1.jpg\" alt=\"\" class=\"wp-image-86\" srcset=\"https:\/\/www.theelthub.com\/wp-content\/uploads\/2021\/04\/breton1.jpg 653w, https:\/\/www.theelthub.com\/wp-content\/uploads\/2021\/04\/breton1-300x134.jpg 300w\" sizes=\"auto, (max-width: 653px) 100vw, 653px\" \/><\/figure>\n\n\n\n<figure class=\"wp-block-image size-large\"><img loading=\"lazy\" decoding=\"async\" width=\"653\" height=\"292\" src=\"http:\/\/www.theelthub.com\/wp-content\/uploads\/2021\/04\/breton2.jpg\" alt=\"\" class=\"wp-image-87\" srcset=\"https:\/\/www.theelthub.com\/wp-content\/uploads\/2021\/04\/breton2.jpg 653w, https:\/\/www.theelthub.com\/wp-content\/uploads\/2021\/04\/breton2-300x134.jpg 300w\" sizes=\"auto, (max-width: 653px) 100vw, 653px\" \/><\/figure>\n\n\n\n<p><\/p>","protected":false},"excerpt":{"rendered":"<p>Celtic applicants &#8220;Diddorol bob amser. Digon o chwerthinHefyd wnaeth olygu bod y trin a&#8217;r trafod yn myndyn ei flaen. Wedi mwynhau&#8217;r dulliau addysgu&#8217;ndefnyddio&#8217;r dull dysgu trwy<span class=\"excerpt-hellip\"> [\u2026]<\/span><\/p>\n","protected":false},"author":1,"featured_media":0,"parent":69,"menu_order":4,"comment_status":"closed","ping_status":"closed","template":"","meta":{"footnotes":""},"class_list":["post-81","page","type-page","status-publish","hentry"],"_links":{"self":[{"href":"https:\/\/www.theelthub.com\/fr\/wp-json\/wp\/v2\/pages\/81","targetHints":{"allow":["GET"]}}],"collection":[{"href":"https:\/\/www.theelthub.com\/fr\/wp-json\/wp\/v2\/pages"}],"about":[{"href":"https:\/\/www.theelthub.com\/fr\/wp-json\/wp\/v2\/types\/page"}],"author":[{"embeddable":true,"href":"https:\/\/www.theelthub.com\/fr\/wp-json\/wp\/v2\/users\/1"}],"replies":[{"embeddable":true,"href":"https:\/\/www.theelthub.com\/fr\/wp-json\/wp\/v2\/comments?post=81"}],"version-history":[{"count":5,"href":"https:\/\/www.theelthub.com\/fr\/wp-json\/wp\/v2\/pages\/81\/revisions"}],"predecessor-version":[{"id":710,"href":"https:\/\/www.theelthub.com\/fr\/wp-json\/wp\/v2\/pages\/81\/revisions\/710"}],"up":[{"embeddable":true,"href":"https:\/\/www.theelthub.com\/fr\/wp-json\/wp\/v2\/pages\/69"}],"wp:attachment":[{"href":"https:\/\/www.theelthub.com\/fr\/wp-json\/wp\/v2\/media?parent=81"}],"curies":[{"name":"wp","href":"https:\/\/api.w.org\/{rel}","templated":true}]}}