{"id":760,"date":"2021-05-11T16:57:46","date_gmt":"2021-05-11T16:57:46","guid":{"rendered":"http:\/\/localhost:85\/?page_id=760"},"modified":"2025-12-29T15:13:56","modified_gmt":"2025-12-29T15:13:56","slug":"celta-statistics","status":"publish","type":"page","link":"https:\/\/www.theelthub.com\/fr\/celta\/celta-statistics\/","title":{"rendered":"CELTA &#8211; Statistics"},"content":{"rendered":"<h3 class=\"wp-block-heading\"><strong>R\u00e9sultats du questionnaire de suivi du CELTA pour un total de 246 dipl\u00f4m\u00e9s (juillet 2022 \u2013 juillet 2024) :\u00a0<\/strong>(juillet 2022 \u2013 juillet 2024) :<\/h3>\n\n\n\n<div style=\"height:66px\" aria-hidden=\"true\" class=\"wp-block-spacer\"><\/div>\n\n\n<div class=\"wp-block-image\">\n<figure class=\"aligncenter size-large is-resized\"><img loading=\"lazy\" decoding=\"async\" width=\"1024\" height=\"683\" src=\"https:\/\/www.theelthub.com\/wp-content\/uploads\/2024\/08\/work-situation-1024x683.png\" alt=\"\" class=\"wp-image-1516\" style=\"width:876px;height:auto\" srcset=\"https:\/\/www.theelthub.com\/wp-content\/uploads\/2024\/08\/work-situation-1024x683.png 1024w, https:\/\/www.theelthub.com\/wp-content\/uploads\/2024\/08\/work-situation-300x200.png 300w, https:\/\/www.theelthub.com\/wp-content\/uploads\/2024\/08\/work-situation-768x512.png 768w, https:\/\/www.theelthub.com\/wp-content\/uploads\/2024\/08\/work-situation-219x146.png 219w, https:\/\/www.theelthub.com\/wp-content\/uploads\/2024\/08\/work-situation-50x33.png 50w, https:\/\/www.theelthub.com\/wp-content\/uploads\/2024\/08\/work-situation-113x75.png 113w, https:\/\/www.theelthub.com\/wp-content\/uploads\/2024\/08\/work-situation.png 1200w\" sizes=\"auto, (max-width: 1024px) 100vw, 1024px\" \/><\/figure>\n<\/div>\n\n\n<div style=\"height:209px\" aria-hidden=\"true\" class=\"wp-block-spacer\"><\/div>\n\n\n<div class=\"wp-block-image\">\n<figure class=\"aligncenter size-large is-resized\"><img loading=\"lazy\" decoding=\"async\" width=\"1024\" height=\"683\" src=\"https:\/\/www.theelthub.com\/wp-content\/uploads\/2024\/08\/contractual-status-1024x683.png\" alt=\"\" class=\"wp-image-1517\" style=\"width:1024px;height:auto\" srcset=\"https:\/\/www.theelthub.com\/wp-content\/uploads\/2024\/08\/contractual-status-1024x683.png 1024w, https:\/\/www.theelthub.com\/wp-content\/uploads\/2024\/08\/contractual-status-300x200.png 300w, https:\/\/www.theelthub.com\/wp-content\/uploads\/2024\/08\/contractual-status-768x512.png 768w, https:\/\/www.theelthub.com\/wp-content\/uploads\/2024\/08\/contractual-status-219x146.png 219w, https:\/\/www.theelthub.com\/wp-content\/uploads\/2024\/08\/contractual-status-50x33.png 50w, https:\/\/www.theelthub.com\/wp-content\/uploads\/2024\/08\/contractual-status-113x75.png 113w, https:\/\/www.theelthub.com\/wp-content\/uploads\/2024\/08\/contractual-status.png 1200w\" sizes=\"auto, (max-width: 1024px) 100vw, 1024px\" \/><\/figure>\n<\/div>\n\n\n<div style=\"height:209px\" aria-hidden=\"true\" class=\"wp-block-spacer\"><\/div>\n\n\n<div class=\"wp-block-image\">\n<figure class=\"aligncenter size-full\"><img loading=\"lazy\" decoding=\"async\" width=\"716\" height=\"320\" src=\"https:\/\/www.theelthub.com\/wp-content\/uploads\/2024\/07\/How-do-you-feel-being-CELTA.png\" alt=\"\" class=\"wp-image-1506\" srcset=\"https:\/\/www.theelthub.com\/wp-content\/uploads\/2024\/07\/How-do-you-feel-being-CELTA.png 716w, https:\/\/www.theelthub.com\/wp-content\/uploads\/2024\/07\/How-do-you-feel-being-CELTA-300x134.png 300w, https:\/\/www.theelthub.com\/wp-content\/uploads\/2024\/07\/How-do-you-feel-being-CELTA-260x116.png 260w, https:\/\/www.theelthub.com\/wp-content\/uploads\/2024\/07\/How-do-you-feel-being-CELTA-50x22.png 50w, https:\/\/www.theelthub.com\/wp-content\/uploads\/2024\/07\/How-do-you-feel-being-CELTA-150x67.png 150w\" sizes=\"auto, (max-width: 716px) 100vw, 716px\" \/><\/figure>\n<\/div>\n\n\n<div style=\"height:209px\" aria-hidden=\"true\" class=\"wp-block-spacer\"><\/div>\n\n\n<div class=\"wp-block-image\">\n<figure class=\"aligncenter size-full\"><img loading=\"lazy\" decoding=\"async\" width=\"696\" height=\"287\" src=\"https:\/\/www.theelthub.com\/wp-content\/uploads\/2024\/07\/Has-what-you-learned-on-your-CELTA.png\" alt=\"\" class=\"wp-image-1507\" srcset=\"https:\/\/www.theelthub.com\/wp-content\/uploads\/2024\/07\/Has-what-you-learned-on-your-CELTA.png 696w, https:\/\/www.theelthub.com\/wp-content\/uploads\/2024\/07\/Has-what-you-learned-on-your-CELTA-300x124.png 300w, https:\/\/www.theelthub.com\/wp-content\/uploads\/2024\/07\/Has-what-you-learned-on-your-CELTA-260x107.png 260w, https:\/\/www.theelthub.com\/wp-content\/uploads\/2024\/07\/Has-what-you-learned-on-your-CELTA-50x21.png 50w, https:\/\/www.theelthub.com\/wp-content\/uploads\/2024\/07\/Has-what-you-learned-on-your-CELTA-150x62.png 150w\" sizes=\"auto, (max-width: 696px) 100vw, 696px\" \/><\/figure>\n<\/div>\n\n\n<div style=\"height:100px\" aria-hidden=\"true\" class=\"wp-block-spacer\"><\/div>","protected":false},"excerpt":{"rendered":"<p>CELTA follow-up questionnaire results\u00a0for a total of 246 graduates (July 2022 &#8211; July 2024) :\u00a0(juillet 2022 \u2013 juillet 2024) :<\/p>","protected":false},"author":1,"featured_media":0,"parent":299,"menu_order":6,"comment_status":"closed","ping_status":"closed","template":"","meta":{"footnotes":""},"class_list":["post-760","page","type-page","status-publish","hentry"],"_links":{"self":[{"href":"https:\/\/www.theelthub.com\/fr\/wp-json\/wp\/v2\/pages\/760","targetHints":{"allow":["GET"]}}],"collection":[{"href":"https:\/\/www.theelthub.com\/fr\/wp-json\/wp\/v2\/pages"}],"about":[{"href":"https:\/\/www.theelthub.com\/fr\/wp-json\/wp\/v2\/types\/page"}],"author":[{"embeddable":true,"href":"https:\/\/www.theelthub.com\/fr\/wp-json\/wp\/v2\/users\/1"}],"replies":[{"embeddable":true,"href":"https:\/\/www.theelthub.com\/fr\/wp-json\/wp\/v2\/comments?post=760"}],"version-history":[{"count":21,"href":"https:\/\/www.theelthub.com\/fr\/wp-json\/wp\/v2\/pages\/760\/revisions"}],"predecessor-version":[{"id":2195,"href":"https:\/\/www.theelthub.com\/fr\/wp-json\/wp\/v2\/pages\/760\/revisions\/2195"}],"up":[{"embeddable":true,"href":"https:\/\/www.theelthub.com\/fr\/wp-json\/wp\/v2\/pages\/299"}],"wp:attachment":[{"href":"https:\/\/www.theelthub.com\/fr\/wp-json\/wp\/v2\/media?parent=760"}],"curies":[{"name":"wp","href":"https:\/\/api.w.org\/{rel}","templated":true}]}}