{"id":748,"date":"2021-05-11T15:44:58","date_gmt":"2021-05-11T15:44:58","guid":{"rendered":"http:\/\/localhost:85\/?page_id=748"},"modified":"2024-09-03T14:39:54","modified_gmt":"2024-09-03T14:39:54","slug":"accessibilite","status":"publish","type":"page","link":"https:\/\/www.theelthub.com\/fr\/accessibilite\/","title":{"rendered":"Accessibilit\u00e9"},"content":{"rendered":"<p>Nous nous effor\u00e7ons de garantir le meilleur accueil possible aux personnes en situation de handicap.<\/p>\n\n\n\n<p>Nos formations CELTA se d\u00e9roulant \u00e0 Lyon et Strasbourg ont lieu dans les locaux des CCI et l&#8217;Escale Lyonnaise respectives de ces deux villes, \u00e9tablissements class\u00e9s ERP et donc parfaitement adapt\u00e9s \u00e0 l\u2019accueil des personnes en situation de handicap.<\/p>\n\n\n\n<p>Notre centre de Landerneau, en Bretagne, n\u2019est pas class\u00e9 ERP, mais les formations CELTA y ont lieu au rez de chauss\u00e9e qui dispose de toilettes adapt\u00e9es. Notre centre en Auvergne et d\u00e9conseill\u00e9 pour des personnes de mobilit\u00e9 r\u00e9duite. <\/p>\n\n\n\n<p>Si vous \u00eates en situation de handicap temporaire ou permanent, si vous souffrez d\u2019un probl\u00e8me de sant\u00e9 invalidant ou de difficult\u00e9s susceptibles d\u2019impacter l\u2019apprentissage, contactez nous pour nous en faire part afin que nous puissions ensemble discuter des besoins sp\u00e9cifiques \u00e0 prendre en compte et \u00e9valuer les mesures n\u00e9cessaires \u00e0 prendre avant le d\u00e9but de la formation. Ces mesures peuvent concerner, dans la mesure du possible, l\u2019adaptation des locaux, le rendu des cours ou un soutien adapt\u00e9, dans le respect de la charte d\u2019\u00e9galit\u00e9 de Cambridge English.<\/p>\n\n\n\n<p>Vous pouvez \u00e0 tout moment (et le plus t\u00f4t possible) contacter Jane Ryder, directrice de the ELT Hub et r\u00e9f\u00e9rent pour personnes en situation de handicap, pour lui faire part de votre situation et de vos besoins sp\u00e9cifiques.<\/p>","protected":false},"excerpt":{"rendered":"<p>Nous nous effor\u00e7ons de garantir le meilleur accueil possible aux personnes en situation de handicap. Nos formations CELTA se d\u00e9roulant \u00e0 Lyon et Strasbourg ont lieu<span class=\"excerpt-hellip\"> [\u2026]<\/span><\/p>\n","protected":false},"author":1,"featured_media":0,"parent":0,"menu_order":0,"comment_status":"closed","ping_status":"closed","template":"","meta":{"footnotes":""},"class_list":["post-748","page","type-page","status-publish","hentry"],"_links":{"self":[{"href":"https:\/\/www.theelthub.com\/fr\/wp-json\/wp\/v2\/pages\/748","targetHints":{"allow":["GET"]}}],"collection":[{"href":"https:\/\/www.theelthub.com\/fr\/wp-json\/wp\/v2\/pages"}],"about":[{"href":"https:\/\/www.theelthub.com\/fr\/wp-json\/wp\/v2\/types\/page"}],"author":[{"embeddable":true,"href":"https:\/\/www.theelthub.com\/fr\/wp-json\/wp\/v2\/users\/1"}],"replies":[{"embeddable":true,"href":"https:\/\/www.theelthub.com\/fr\/wp-json\/wp\/v2\/comments?post=748"}],"version-history":[{"count":4,"href":"https:\/\/www.theelthub.com\/fr\/wp-json\/wp\/v2\/pages\/748\/revisions"}],"predecessor-version":[{"id":1535,"href":"https:\/\/www.theelthub.com\/fr\/wp-json\/wp\/v2\/pages\/748\/revisions\/1535"}],"wp:attachment":[{"href":"https:\/\/www.theelthub.com\/fr\/wp-json\/wp\/v2\/media?parent=748"}],"curies":[{"name":"wp","href":"https:\/\/api.w.org\/{rel}","templated":true}]}}