{"id":7,"date":"2021-04-16T16:27:09","date_gmt":"2021-04-16T16:27:09","guid":{"rendered":"http:\/\/localhost:85\/?page_id=7"},"modified":"2025-12-29T15:08:27","modified_gmt":"2025-12-29T15:08:27","slug":"a-propos-de","status":"publish","type":"page","link":"https:\/\/www.theelthub.com\/fr\/a-propos-de\/","title":{"rendered":"\u00c0 propos de nous"},"content":{"rendered":"<p>L\u2019\u00e9valuation des comp\u00e9tences linguistiques en anglais de Cambridge applique des crit\u00e8res de s\u00e9lection tr\u00e8s stricts pour ses formateurs CELTA, et The ELT Hub n\u2019y fait pas exception (voir les biographies ci-dessous). Nos formateurs poss\u00e8dent une solide exp\u00e9rience dans l\u2019enseignement des formations CELTA et DipTESOL et seront \u00e0 vos c\u00f4t\u00e9s pour vous accompagner tout au long de votre formation.<\/p>\n\n\n\n<p>Pour les candidats au dipl\u00f4me DipTESOL, gr\u00e2ce \u00e0 notre emplacement strat\u00e9gique et \u00e0 nos liens avec les institutions locales, vous avez l\u2019opportunit\u00e9 de mener des projets de recherche qui abordent les probl\u00e9matiques actuelles li\u00e9es \u00e0 l\u2019enseignement de l\u2019anglais en Europe.<\/p>\n\n\n\n<div style=\"height:100px\" aria-hidden=\"true\" class=\"wp-block-spacer\"><\/div>\n\n\n\n<div class=\"wp-block-columns is-layout-flex wp-container-core-columns-is-layout-9d6595d7 wp-block-columns-is-layout-flex\">\n<div class=\"wp-block-column is-layout-flow wp-block-column-is-layout-flow\" style=\"flex-basis:33.33%\">\n<figure class=\"wp-block-image size-large is-style-rounded\"><img loading=\"lazy\" decoding=\"async\" width=\"200\" height=\"200\" src=\"http:\/\/www.theelthub.com\/wp-content\/uploads\/2021\/04\/Jane.jpg\" alt=\"\" class=\"wp-image-364\" srcset=\"https:\/\/www.theelthub.com\/wp-content\/uploads\/2021\/04\/Jane.jpg 200w, https:\/\/www.theelthub.com\/wp-content\/uploads\/2021\/04\/Jane-150x150.jpg 150w\" sizes=\"auto, (max-width: 200px) 100vw, 200px\" \/><\/figure>\n<\/div>\n\n\n\n<div class=\"wp-block-column is-layout-flow wp-block-column-is-layout-flow\" style=\"flex-basis:66.66%\">\n<p><strong><mark style=\"background-color:rgba(0, 0, 0, 0);color:#1d71b8\" class=\"has-inline-color\">Jane Ryder<\/mark><mark style=\"background-color:rgba(0, 0, 0, 0)\" class=\"has-inline-color has-vivid-cyan-blue-color\">\u00a0<\/mark><\/strong>a obtenu un master en linguistique appliqu\u00e9e \u00e0 l\u2019Universit\u00e9 de Leicester apr\u00e8s dix ans de travail dans le secteur de la formation continue au sein du minist\u00e8re fran\u00e7ais de l\u2019\u00c9ducation nationale. Elle a commenc\u00e9 sa carri\u00e8re comme ethologue, a ensuite dirig\u00e9 une soci\u00e9t\u00e9 de production cin\u00e9matographique, a travaill\u00e9 plusieurs ann\u00e9es en Am\u00e9rique latine et s\u2019est finalement install\u00e9e en Europe \u00e0 la fin des ann\u00e9es 1990. Sp\u00e9cialis\u00e9e dans la formation des enseignants, elle \u0153uvre pour am\u00e9liorer le statut des formateurs en anglais en France gr\u00e2ce \u00e0 des formations et des certifications. Elle a fond\u00e9 The ELT Hub en octobre 2010 (\u00e0 l\u2019\u00e9poque, il s\u2019appelait ESOL Strasbourg).<\/p>\n<\/div>\n<\/div>\n\n\n\n<div style=\"height:50px\" aria-hidden=\"true\" class=\"wp-block-spacer\"><\/div>\n\n\n\n<div class=\"wp-block-columns is-layout-flex wp-container-core-columns-is-layout-9d6595d7 wp-block-columns-is-layout-flex\">\n<div class=\"wp-block-column is-layout-flow wp-block-column-is-layout-flow\" style=\"flex-basis:33.33%\">\n<figure class=\"wp-block-image size-large is-style-rounded\"><img loading=\"lazy\" decoding=\"async\" width=\"200\" height=\"200\" src=\"http:\/\/www.theelthub.com\/wp-content\/uploads\/2021\/04\/neil.jpg\" alt=\"\" class=\"wp-image-366\" srcset=\"https:\/\/www.theelthub.com\/wp-content\/uploads\/2021\/04\/neil.jpg 200w, https:\/\/www.theelthub.com\/wp-content\/uploads\/2021\/04\/neil-150x150.jpg 150w\" sizes=\"auto, (max-width: 200px) 100vw, 200px\" \/><\/figure>\n<\/div>\n\n\n\n<div class=\"wp-block-column is-layout-flow wp-block-column-is-layout-flow\" style=\"flex-basis:66.66%\">\n<p><strong><span style=\"color:#1d71b8\" class=\"has-inline-color\">Neil McCutcheon<\/span><\/strong> a particip\u00e9 \u00e0 plus de 100 formations CELTA \u00e0 travers le monde et est formateur DELTA depuis six ans. Il a d\u00e9but\u00e9 sa carri\u00e8re comme professeur au primaire, a ensuite travaill\u00e9 comme professeur b\u00e9n\u00e9vole au Ghana et a \u00e9galement enseign\u00e9 le FLE et le FLE\/FLEO \u00e0 Londres et en Hongrie. Neil est titulaire du dipl\u00f4me de TESOL du Trinity College. Il est sp\u00e9cialis\u00e9 dans l\u2019apprentissage par projets.<\/p>\n<\/div>\n<\/div>\n\n\n\n<div style=\"height:50px\" aria-hidden=\"true\" class=\"wp-block-spacer\"><\/div>\n\n\n\n<div class=\"wp-block-columns is-layout-flex wp-container-core-columns-is-layout-9d6595d7 wp-block-columns-is-layout-flex\">\n<div class=\"wp-block-column is-layout-flow wp-block-column-is-layout-flow\" style=\"flex-basis:33.33%\">\n<figure class=\"wp-block-image size-thumbnail is-resized is-style-rounded\"><img loading=\"lazy\" decoding=\"async\" width=\"150\" height=\"150\" src=\"https:\/\/www.theelthub.com\/wp-content\/uploads\/2022\/01\/Christina-Phelps_Profile-photo-150x150.jpg\" alt=\"\" class=\"wp-image-1034\" style=\"width:200px;height:200px\" srcset=\"https:\/\/www.theelthub.com\/wp-content\/uploads\/2022\/01\/Christina-Phelps_Profile-photo-150x150.jpg 150w, https:\/\/www.theelthub.com\/wp-content\/uploads\/2022\/01\/Christina-Phelps_Profile-photo-85x85.jpg 85w, https:\/\/www.theelthub.com\/wp-content\/uploads\/2022\/01\/Christina-Phelps_Profile-photo-80x80.jpg 80w\" sizes=\"auto, (max-width: 150px) 100vw, 150px\" \/><\/figure>\n<\/div>\n\n\n\n<div class=\"wp-block-column is-layout-flow wp-block-column-is-layout-flow\" style=\"flex-basis:66.66%\">\n<p><strong><mark style=\"background-color:rgba(0, 0, 0, 0);color:#1d71b8\" class=\"has-inline-color\">Christina Phelps<\/mark><\/strong> est formatrice CELTA et TYLEC (Trinity). Elle a commenc\u00e9 sa carri\u00e8re comme enseignante de secondaire au Royaume-Uni, puis a travaill\u00e9 pendant de nombreuses ann\u00e9es comme directrice de programme pour le British Council au Moyen-Orient, tout en dirigeant le programme de formation des enseignants pour les jeunes apprenants. Elle est titulaire d\u2019un dipl\u00f4me de p\u00e9dagogie (PGCE), du DELTA et termine actuellement un master en d\u00e9veloppement professionnel en \u00e9ducation linguistique \u00e0 l\u2019institut NILE de Norwich.<\/p>\n<\/div>\n<\/div>\n\n\n\n<div style=\"height:50px\" aria-hidden=\"true\" class=\"wp-block-spacer\"><\/div>\n\n\n\n<div class=\"wp-block-columns is-layout-flex wp-container-core-columns-is-layout-9d6595d7 wp-block-columns-is-layout-flex\">\n<div class=\"wp-block-column is-layout-flow wp-block-column-is-layout-flow\" style=\"flex-basis:33.33%\">\n<figure class=\"wp-block-image size-large is-style-rounded\"><img loading=\"lazy\" decoding=\"async\" width=\"200\" height=\"200\" src=\"http:\/\/www.theelthub.com\/wp-content\/uploads\/2021\/04\/alinabrooks.jpg\" alt=\"\" class=\"wp-image-368\" srcset=\"https:\/\/www.theelthub.com\/wp-content\/uploads\/2021\/04\/alinabrooks.jpg 200w, https:\/\/www.theelthub.com\/wp-content\/uploads\/2021\/04\/alinabrooks-150x150.jpg 150w\" sizes=\"auto, (max-width: 200px) 100vw, 200px\" \/><\/figure>\n<\/div>\n\n\n\n<div class=\"wp-block-column is-layout-flow wp-block-column-is-layout-flow\" style=\"flex-basis:66.66%\">\n<p><strong><span style=\"color:#1d71b8\" class=\"has-inline-color\">Alina Brooks<\/span><\/strong>\u00a0a commenc\u00e9 sa carri\u00e8re d\u2019enseignante en 2001. Elle a enseign\u00e9 dans trois universit\u00e9s, en entreprise (notamment \u00e0 la plus grande bourse de Russie) et \u00e0 l\u2019IH Moscow. Elle a con\u00e7u de nombreux programmes de formation, tant pour les apprenants que pour les enseignants, et est formatrice CELTA depuis 2013 et formatrice DELTA depuis 2016. Ses domaines d\u2019expertise sont la formation des enseignants, l\u2019anglais acad\u00e9mique et les examens linguistiques. Alina est titulaire d\u2019un Master en gestion p\u00e9dagogique (TESOL) de l\u2019Universit\u00e9 d\u2019Aston (Royaume-Uni).<\/p>\n<\/div>\n<\/div>\n\n\n\n<div style=\"height:50px\" aria-hidden=\"true\" class=\"wp-block-spacer\"><\/div>\n\n\n\n<div class=\"wp-block-columns is-layout-flex wp-container-core-columns-is-layout-9d6595d7 wp-block-columns-is-layout-flex\">\n<div class=\"wp-block-column is-layout-flow wp-block-column-is-layout-flow\" style=\"flex-basis:33.33%\">\n<figure class=\"wp-block-image size-large is-style-rounded\"><img loading=\"lazy\" decoding=\"async\" width=\"200\" height=\"200\" src=\"http:\/\/www.theelthub.com\/wp-content\/uploads\/2021\/04\/simonbrooks.jpg\" alt=\"\" class=\"wp-image-369\" srcset=\"https:\/\/www.theelthub.com\/wp-content\/uploads\/2021\/04\/simonbrooks.jpg 200w, https:\/\/www.theelthub.com\/wp-content\/uploads\/2021\/04\/simonbrooks-150x150.jpg 150w\" sizes=\"auto, (max-width: 200px) 100vw, 200px\" \/><\/figure>\n<\/div>\n\n\n\n<div class=\"wp-block-column is-layout-flow wp-block-column-is-layout-flow\" style=\"flex-basis:66.66%\">\n<p><strong><span style=\"color:#1d71b8\" class=\"has-inline-color\">Simon Brooks<\/span><\/strong>\u00a0responsable de la formation des enseignants au ELT Hub, enseigne depuis 20 ans et est formateur d\u2019enseignants depuis 2008. En plus d\u2019\u00eatre formateur CELTA, il a \u00e9galement dispens\u00e9 des cours de m\u00e9thodologie de l\u2019enseignement tels que TKT, IH CAM et IH Language Awareness. Avant de s\u2019installer \u00e0 Strasbourg, Simon a r\u00e9guli\u00e8rement donn\u00e9 des s\u00e9minaires et des conf\u00e9rences sur la m\u00e9thodologie de l\u2019enseignement et a anim\u00e9 des ateliers de pr\u00e9paration aux examens dans plusieurs universit\u00e9s russes. Il est titulaire du dipl\u00f4me Trinity en TESOL et d\u2019un MSC de l\u2019universit\u00e9 Aston de Birmingham en gestion de l\u2019\u00e9ducation en TESOL.<\/p>\n<\/div>\n<\/div>\n\n\n\n<div style=\"height:50px\" aria-hidden=\"true\" class=\"wp-block-spacer\"><\/div>\n\n\n\n<div class=\"wp-block-columns is-layout-flex wp-container-core-columns-is-layout-9d6595d7 wp-block-columns-is-layout-flex\">\n<div class=\"wp-block-column is-layout-flow wp-block-column-is-layout-flow\" style=\"flex-basis:33.33%\">\n<figure class=\"wp-block-image size-thumbnail is-resized is-style-rounded\"><img loading=\"lazy\" decoding=\"async\" width=\"150\" height=\"150\" src=\"https:\/\/www.theelthub.com\/wp-content\/uploads\/2022\/01\/Photo-Vera-1-150x150.jpg\" alt=\"\" class=\"wp-image-1044\" style=\"width:200px;height:200px\" srcset=\"https:\/\/www.theelthub.com\/wp-content\/uploads\/2022\/01\/Photo-Vera-1-150x150.jpg 150w, https:\/\/www.theelthub.com\/wp-content\/uploads\/2022\/01\/Photo-Vera-1-85x85.jpg 85w, https:\/\/www.theelthub.com\/wp-content\/uploads\/2022\/01\/Photo-Vera-1-80x80.jpg 80w\" sizes=\"auto, (max-width: 150px) 100vw, 150px\" \/><\/figure>\n<\/div>\n\n\n\n<div class=\"wp-block-column is-layout-flow wp-block-column-is-layout-flow\" style=\"flex-basis:66.66%\">\n<p class=\"has-black-color has-text-color\"><strong><mark style=\"background-color:rgba(0, 0, 0, 0);color:#1d71b8\" class=\"has-inline-color\">Vera Fernandes<\/mark><\/strong> has worked in EFL for 35 years and has been a CELTA tutor for 20 of these. In recent years she has worked on various British Council projects around the globe, designing and implementing curriculum and materials in Teacher Development projects. She holds a DELTA and her interests include EMI (English as a Medium of Instruction)<\/p>\n<\/div>\n<\/div>\n\n\n\n<div style=\"height:50px\" aria-hidden=\"true\" class=\"wp-block-spacer\"><\/div>\n\n\n\n<div class=\"wp-block-columns is-layout-flex wp-container-core-columns-is-layout-9d6595d7 wp-block-columns-is-layout-flex\">\n<div class=\"wp-block-column is-layout-flow wp-block-column-is-layout-flow\" style=\"flex-basis:33.33%\">\n<figure class=\"wp-block-image size-large is-style-rounded\"><img loading=\"lazy\" decoding=\"async\" width=\"200\" height=\"200\" src=\"http:\/\/www.theelthub.com\/wp-content\/uploads\/2021\/04\/strutt.jpg\" alt=\"\" class=\"wp-image-371\" srcset=\"https:\/\/www.theelthub.com\/wp-content\/uploads\/2021\/04\/strutt.jpg 200w, https:\/\/www.theelthub.com\/wp-content\/uploads\/2021\/04\/strutt-150x150.jpg 150w\" sizes=\"auto, (max-width: 200px) 100vw, 200px\" \/><\/figure>\n<\/div>\n\n\n\n<div class=\"wp-block-column is-layout-flow wp-block-column-is-layout-flow\" style=\"flex-basis:66.66%\">\n<p><strong><span style=\"color:#1d71b8\" class=\"has-inline-color\">Peter Strutt<\/span>\u00a0<\/strong>a obtenu une ma\u00eetrise en litt\u00e9rature anglaise \u00e0 l\u2019Universit\u00e9 de Birmingham et a suivi une formation p\u00e9dagogique sp\u00e9cialis\u00e9e en enseignement de l\u2019anglais comme langue \u00e9trang\u00e8re (TEFL) \u00e0 l\u2019Institut des sciences de l\u2019\u00e9ducation de l\u2019Universit\u00e9 de Londres. Il a \u00e9t\u00e9 formateur DELTA au British Institute de Paris pendant de nombreuses ann\u00e9es et dirige actuellement le programme de dipl\u00f4me Trinity en TESOL au sein de The ELT Hub. Il a publi\u00e9 de nombreux manuels et supports p\u00e9dagogiques et est un conf\u00e9rencier r\u00e9put\u00e9 lors des \u00e9v\u00e9nements li\u00e9s \u00e0 l\u2019enseignement de l\u2019anglais. Ses domaines de recherche comprennent l\u2019anglais sp\u00e9cialis\u00e9, la traduction et l\u2019\u00e9valuation.<\/p>\n<\/div>\n<\/div>\n\n\n\n<div style=\"height:50px\" aria-hidden=\"true\" class=\"wp-block-spacer\"><\/div>\n\n\n\n<div class=\"wp-block-columns is-layout-flex wp-container-core-columns-is-layout-9d6595d7 wp-block-columns-is-layout-flex\">\n<div class=\"wp-block-column is-layout-flow wp-block-column-is-layout-flow\" style=\"flex-basis:33.33%\">\n<figure class=\"wp-block-image size-thumbnail is-resized is-style-rounded\"><img loading=\"lazy\" decoding=\"async\" width=\"150\" height=\"150\" src=\"https:\/\/www.theelthub.com\/wp-content\/uploads\/2022\/01\/Jon-de-Ath-150x150.jpg\" alt=\"\" class=\"wp-image-1037\" style=\"width:200px;height:200px\" srcset=\"https:\/\/www.theelthub.com\/wp-content\/uploads\/2022\/01\/Jon-de-Ath-150x150.jpg 150w, https:\/\/www.theelthub.com\/wp-content\/uploads\/2022\/01\/Jon-de-Ath-85x85.jpg 85w, https:\/\/www.theelthub.com\/wp-content\/uploads\/2022\/01\/Jon-de-Ath-80x80.jpg 80w\" sizes=\"auto, (max-width: 150px) 100vw, 150px\" \/><\/figure>\n<\/div>\n\n\n\n<div class=\"wp-block-column is-layout-flow wp-block-column-is-layout-flow\" style=\"flex-basis:66.66%\">\n<p><strong><mark style=\"background-color:rgba(0, 0, 0, 0);color:#1d71b8\" class=\"has-inline-color\">Jon de Ath<\/mark><\/strong><mark style=\"background-color:rgba(0, 0, 0, 0)\" class=\"has-inline-color has-black-color\"> est formateur certifi\u00e9 Trinity TYLEC et Cambridge CELTA. Il a travaill\u00e9 pendant de nombreuses ann\u00e9es pour le British Council au Moyen-Orient et en Asie, en tant que responsable p\u00e9dagogique et de projet, et participe r\u00e9guli\u00e8rement \u00e0 des projets de formation de formateurs de langues dans des pays comme l'Afghanistan, la Libye et l'Inde. Il est titulaire du certificat DELTA et d'un master en d\u00e9veloppement professionnel en \u00e9ducation linguistique (NILE, Norwich).<\/mark><\/p>\n\n\n\n<p><\/p>\n<\/div>\n<\/div>\n\n\n\n<div style=\"height:50px\" aria-hidden=\"true\" class=\"wp-block-spacer\"><\/div>\n\n\n\n<div class=\"wp-block-columns is-layout-flex wp-container-core-columns-is-layout-9d6595d7 wp-block-columns-is-layout-flex\">\n<div class=\"wp-block-column is-layout-flow wp-block-column-is-layout-flow\" style=\"flex-basis:33.33%\">\n<figure class=\"wp-block-image size-thumbnail is-resized is-style-rounded\"><img loading=\"lazy\" decoding=\"async\" width=\"150\" height=\"150\" src=\"https:\/\/www.theelthub.com\/wp-content\/uploads\/2022\/02\/Claire-Barnes-photo-150x150.jpg\" alt=\"\" class=\"wp-image-1082\" style=\"width:200px;height:200px\" srcset=\"https:\/\/www.theelthub.com\/wp-content\/uploads\/2022\/02\/Claire-Barnes-photo-150x150.jpg 150w, https:\/\/www.theelthub.com\/wp-content\/uploads\/2022\/02\/Claire-Barnes-photo-85x85.jpg 85w, https:\/\/www.theelthub.com\/wp-content\/uploads\/2022\/02\/Claire-Barnes-photo-80x80.jpg 80w\" sizes=\"auto, (max-width: 150px) 100vw, 150px\" \/><\/figure>\n<\/div>\n\n\n\n<div class=\"wp-block-column is-layout-flow wp-block-column-is-layout-flow\" style=\"flex-basis:66.66%\">\n<p><strong><mark style=\"background-color:rgba(0, 0, 0, 0);color:#1d71b8\" class=\"has-inline-color\">Claire Barnes<\/mark><\/strong> enseigne l\u2019anglais depuis plus de 30 ans. Elle a dirig\u00e9 sa propre \u00e9cole de langues en Allemagne, a \u00e9t\u00e9 directrice adjointe des \u00e9tudes pendant de nombreuses ann\u00e9es \u00e0 l\u2019IH de Moscou et continue de travailler comme responsable d\u2019\u00e9quipe pour plusieurs centres d\u2019examen Cambridge dans la r\u00e9gion de Moscou, depuis son nouveau domicile en Allemagne. Claire forme des enseignants depuis des d\u00e9cennies et est formatrice CELTA ; elle travaille pour The ELT Hub depuis plusieurs ann\u00e9es. Elle est sp\u00e9cialis\u00e9e dans la formation en ligne et la gestion des examens.<\/p>\n\n\n\n<p><\/p>\n<\/div>\n<\/div>","protected":false},"excerpt":{"rendered":"<p>Cambridge English Language Assessment maintains very strict criteria for the selection of its CELTA trainers and The ELT Hub is no exception (see our personal biographies<span class=\"excerpt-hellip\"> [\u2026]<\/span><\/p>\n","protected":false},"author":1,"featured_media":0,"parent":0,"menu_order":0,"comment_status":"closed","ping_status":"closed","template":"","meta":{"footnotes":""},"class_list":["post-7","page","type-page","status-publish","hentry"],"_links":{"self":[{"href":"https:\/\/www.theelthub.com\/fr\/wp-json\/wp\/v2\/pages\/7","targetHints":{"allow":["GET"]}}],"collection":[{"href":"https:\/\/www.theelthub.com\/fr\/wp-json\/wp\/v2\/pages"}],"about":[{"href":"https:\/\/www.theelthub.com\/fr\/wp-json\/wp\/v2\/types\/page"}],"author":[{"embeddable":true,"href":"https:\/\/www.theelthub.com\/fr\/wp-json\/wp\/v2\/users\/1"}],"replies":[{"embeddable":true,"href":"https:\/\/www.theelthub.com\/fr\/wp-json\/wp\/v2\/comments?post=7"}],"version-history":[{"count":28,"href":"https:\/\/www.theelthub.com\/fr\/wp-json\/wp\/v2\/pages\/7\/revisions"}],"predecessor-version":[{"id":2194,"href":"https:\/\/www.theelthub.com\/fr\/wp-json\/wp\/v2\/pages\/7\/revisions\/2194"}],"wp:attachment":[{"href":"https:\/\/www.theelthub.com\/fr\/wp-json\/wp\/v2\/media?parent=7"}],"curies":[{"name":"wp","href":"https:\/\/api.w.org\/{rel}","templated":true}]}}