{"id":69,"date":"2021-04-16T18:18:05","date_gmt":"2021-04-16T18:18:05","guid":{"rendered":"http:\/\/localhost:85\/?page_id=69"},"modified":"2021-05-16T20:23:07","modified_gmt":"2021-05-16T20:23:07","slug":"elt-brittany","status":"publish","type":"page","link":"https:\/\/www.theelthub.com\/fr\/elt-brittany\/","title":{"rendered":"ELT Brittany"},"content":{"rendered":"<div class=\"wp-block-columns is-layout-flex wp-container-core-columns-is-layout-9d6595d7 wp-block-columns-is-layout-flex\">\n<div class=\"wp-block-column is-layout-flow wp-block-column-is-layout-flow\">\n<p>Venez faire l\u2019exp\u00e9rience d\u2019un CELTA en bord de mer, en Bretagne, pour un moindre niveau de stress. Notre nouveau centre en France, situ\u00e9 dans la belle ville de Landerneau, au bord du fleuve Elorn et non loin de la rade de Brest, nous permet de proposer une toute nouvelle approche du CELTA. Au lieu des quatre semaines de cours intensifs, nous pr\u00e9f\u00e9rons ici \u00e9taler la formation sur cinq semaines, incluant de longs weekends et l\u2019opportunit\u00e9 de profiter des paysages magnifiques de la Bretagne et de sa culture fascinante. Nous pensons que ces temps de pause vous aideront \u00e0 adopter une approche plus d\u00e9tendue de votre CELTA, et vous aurez aussi plus de temps pour r\u00e9diger vos devoirs et planifier vos le\u00e7ons. Au bout du compte, vous serez simplement beaucoup moins stress\u00e9s. N\u2019h\u00e9sitez pas \u00e0 consulter les t\u00e9moignages des candidats qui ont pass\u00e9 leur CELTA en Bretagne.<\/p>\n\n\n\n<p>En terme de logement, nous pouvons vous proposer une place dans une maison Bretonne traditionnelle \u00e0 quelques pas de notre centre. Nous souhaitons que votre s\u00e9jour soit aussi authentique que possible. Nous profiterons aussi des longs weekends pour visiter la presqu\u2019\u00eele de Crozon ou prendre le bateau vers l\u2019\u00eele d\u2019Ouessant. Nous ferons de longues promenades sur les sentiers du bord de mer et passerons nos samedis soirs dans des pubs bretons pour manger cr\u00eapes et fruits de mer, et go\u00fbter aux nombreuses bi\u00e8res brass\u00e9es dans les environs.<\/p>\n<\/div>\n\n\n\n<div class=\"wp-block-column is-layout-flow wp-block-column-is-layout-flow\">\n<p>Come and experience the low-stress <strong>CELTA<\/strong> by the sea in Brittany. At our new location in France at the beautiful town of Landerneau situated just at the top of the Brest estuary we&#8217;re offering a whole new CELTA experience. We&#8217;re running what is normally a four week intensive course over five weeks and we&#8217;re building in lots of long weekends with opportunities to take advantage of the stunning scenery in Brittany and the fascinating culture. We believe that this &#8216;down-time&#8217; will help you take a more relaxed approach to your CELTA and you&#8217;ll also have more time for writing your assignments and for your lesson planning. In all, you&#8217;ll just get a lot less stressed-out. Check out our testimonials from past Brittany CELTA candidates.<br>For you <strong>accommodation<\/strong> can offer you a place in traditional local Breton houses all within walking distance of our centre. We want your stay to be as authentic as possible. We&#8217;ll also be taking advantage of the long weekends to go on boats to visit the islands of Crozon and Ouissant. We&#8217;ll be taking long walks along the seaside cliffs and paths. We&#8217;ll be sitting in Breton pubs on Saturday evenings eating the local gallettes, crepes, seafood and tasting the many varieties of brews produced in the area.<\/p>\n<\/div>\n<\/div>\n\n\n\n<p><\/p>","protected":false},"excerpt":{"rendered":"<p>Venez faire l\u2019exp\u00e9rience d\u2019un CELTA en bord de mer, en Bretagne, pour un moindre niveau de stress. Notre nouveau centre en France, situ\u00e9 dans la belle<span class=\"excerpt-hellip\"> [\u2026]<\/span><\/p>\n","protected":false},"author":1,"featured_media":0,"parent":0,"menu_order":0,"comment_status":"closed","ping_status":"closed","template":"","meta":{"footnotes":""},"class_list":["post-69","page","type-page","status-publish","hentry"],"_links":{"self":[{"href":"https:\/\/www.theelthub.com\/fr\/wp-json\/wp\/v2\/pages\/69","targetHints":{"allow":["GET"]}}],"collection":[{"href":"https:\/\/www.theelthub.com\/fr\/wp-json\/wp\/v2\/pages"}],"about":[{"href":"https:\/\/www.theelthub.com\/fr\/wp-json\/wp\/v2\/types\/page"}],"author":[{"embeddable":true,"href":"https:\/\/www.theelthub.com\/fr\/wp-json\/wp\/v2\/users\/1"}],"replies":[{"embeddable":true,"href":"https:\/\/www.theelthub.com\/fr\/wp-json\/wp\/v2\/comments?post=69"}],"version-history":[{"count":4,"href":"https:\/\/www.theelthub.com\/fr\/wp-json\/wp\/v2\/pages\/69\/revisions"}],"predecessor-version":[{"id":737,"href":"https:\/\/www.theelthub.com\/fr\/wp-json\/wp\/v2\/pages\/69\/revisions\/737"}],"wp:attachment":[{"href":"https:\/\/www.theelthub.com\/fr\/wp-json\/wp\/v2\/media?parent=69"}],"curies":[{"name":"wp","href":"https:\/\/api.w.org\/{rel}","templated":true}]}}