{"id":57,"date":"2021-04-16T18:08:06","date_gmt":"2021-04-16T18:08:06","guid":{"rendered":"http:\/\/localhost:85\/?page_id=57"},"modified":"2025-10-02T15:23:37","modified_gmt":"2025-10-02T15:23:37","slug":"elt-strasbourg","status":"publish","type":"page","link":"https:\/\/www.theelthub.com\/fr\/elt-strasbourg\/","title":{"rendered":"The ELT Strasbourg"},"content":{"rendered":"<div class=\"wp-block-columns is-layout-flex wp-container-core-columns-is-layout-9d6595d7 wp-block-columns-is-layout-flex\">\n<div class=\"wp-block-column is-layout-flow wp-block-column-is-layout-flow\">\n<p>Si vous souhaitez obtenir une qualification en TEFL en Europe, Strasbourg est l\u2019endroit id\u00e9al pour le faire. Nous sommes situ\u00e9s au carrefour de l\u2019Europe, \u00e0 la fronti\u00e8re entre la France et l\u2019Allemagne, et les candidats qui viennent ici faire leur <a href=\"\/fr\/celta\/\" data-type=\"URL\" data-id=\"\/celta\/\">CELTA<\/a> (Cambridge Certificate in English Teaching to Speakers of Other Languages) trouvent par la suite des emplois int\u00e9ressants et gratifiants dans la r\u00e9gion ou au del\u00e0. Le <a href=\"\/fr\/celta\/\" data-type=\"URL\" data-id=\"\/celta\/\">CELTA<\/a> est le nec plus ultra en terme de formation d\u2019enseignant d\u2019anglais, et la qualification la plus r\u00e9put\u00e9e dans le domaine en Europe et \u00e0 l\u2019\u00e9tranger.<\/p>\n\n\n\n<p>Si vous \u00eates r\u00e9cemment dipl\u00f4m\u00e9 ou envisagez un changement de carri\u00e8re, et \u00eates enthousiaste \u00e0 l\u2019id\u00e9e de partager vos comp\u00e9tences en langue anglaise avec un public d\u2019adultes de tous milieux et niveaux, alors pourquoi ne pas venir vous former et travailler en Europe&nbsp;?<\/p>\n\n\n\n<p>Si c\u2019est la premi\u00e8re fois que vous venez dans cette r\u00e9gion de France, prenez le temps de la visiter. L\u2019Alsace est une r\u00e9gion de vignobles et de magnifiques for\u00eats o\u00f9 il fait bon vivre. Nous vous aiderons \u00e0 trouver un logement pour votre s\u00e9jour et ferons de notre mieux pour que vous vous sentiez bien accueillis.<\/p>\n<\/div>\n\n\n\n<div class=\"wp-block-column is-layout-flow wp-block-column-is-layout-flow\">\n<p>If you want to qualify in TEFL in Europe then Strasbourg is a great place to do so. We are situated at the crossroads of Europe, on the border between France and Germany, and candidates who come to do their <strong><a href=\"\/fr\/celta\/\" data-type=\"URL\" data-id=\"\/celta\/\">CELTA<\/a><\/strong> here (the Cambridge Certificate in English Language Teaching to Speakers of Other Languages) go on to find rewarding and interesting work in the region, or further afield. The <a href=\"\/fr\/celta\/\" data-type=\"URL\" data-id=\"\/celta\/\">CELTA <\/a>is the gold-standard in teacher training awards and is the most respected qualification of its kind in Europe and abroad.<\/p>\n\n\n\n<p>If you have recently graduated, or are looking for a change in career, and are enthusiastic about sharing your English language skills with adult learners of all abilities and backgrounds, then why not come and train and work in Europe?<\/p>\n\n\n\n<p>If you are already teaching English, have a look at our <strong><a href=\"\/fr\/diptesol\/\" data-type=\"URL\" data-id=\"\/diptesol\/\">DipTESOL<\/a><\/strong> programme \u2013 the Cambridge Diploma in English Language Teaching to Speakers of Other Languages. We are the only centre in France offering all three modules with a flexible schedule which fits well into the lives of busy working teachers. The <a href=\"\/fr\/diptesol\/\" data-type=\"URL\" data-id=\"\/diptesol\/\">DipTESOL<\/a> is a Masters level course which opens doors to promotion and specialisation in English Language Teaching. Our results are above the national average for France thanks to our dedicated tutorial support.<\/p>\n\n\n\n<p>If this is your first visit to this part of France, do build in time to look around. The Alsace is a region of beautiful forests, vineyards and a not too hurried approach to the question of good living. We will help you find <strong>accommodation<\/strong> during your stay and do our best to make you feel welcome.<\/p>\n<\/div>\n<\/div>","protected":false},"excerpt":{"rendered":"<p>Si vous souhaitez obtenir une qualification en TEFL en Europe, Strasbourg est l\u2019endroit id\u00e9al pour le faire. Nous sommes situ\u00e9s au carrefour de l\u2019Europe, \u00e0 la<span class=\"excerpt-hellip\"> [\u2026]<\/span><\/p>\n","protected":false},"author":1,"featured_media":0,"parent":0,"menu_order":0,"comment_status":"closed","ping_status":"closed","template":"","meta":{"footnotes":""},"class_list":["post-57","page","type-page","status-publish","hentry"],"_links":{"self":[{"href":"https:\/\/www.theelthub.com\/fr\/wp-json\/wp\/v2\/pages\/57","targetHints":{"allow":["GET"]}}],"collection":[{"href":"https:\/\/www.theelthub.com\/fr\/wp-json\/wp\/v2\/pages"}],"about":[{"href":"https:\/\/www.theelthub.com\/fr\/wp-json\/wp\/v2\/types\/page"}],"author":[{"embeddable":true,"href":"https:\/\/www.theelthub.com\/fr\/wp-json\/wp\/v2\/users\/1"}],"replies":[{"embeddable":true,"href":"https:\/\/www.theelthub.com\/fr\/wp-json\/wp\/v2\/comments?post=57"}],"version-history":[{"count":7,"href":"https:\/\/www.theelthub.com\/fr\/wp-json\/wp\/v2\/pages\/57\/revisions"}],"predecessor-version":[{"id":2038,"href":"https:\/\/www.theelthub.com\/fr\/wp-json\/wp\/v2\/pages\/57\/revisions\/2038"}],"wp:attachment":[{"href":"https:\/\/www.theelthub.com\/fr\/wp-json\/wp\/v2\/media?parent=57"}],"curies":[{"name":"wp","href":"https:\/\/api.w.org\/{rel}","templated":true}]}}