{"id":54,"date":"2021-04-16T18:04:44","date_gmt":"2021-04-16T18:04:44","guid":{"rendered":"http:\/\/localhost:85\/?page_id=54"},"modified":"2024-09-03T14:46:30","modified_gmt":"2024-09-03T14:46:30","slug":"elt-lyon","status":"publish","type":"page","link":"https:\/\/www.theelthub.com\/fr\/elt-lyon\/","title":{"rendered":"ELT Lyon"},"content":{"rendered":"<div class=\"wp-block-columns is-layout-flex wp-container-core-columns-is-layout-9d6595d7 wp-block-columns-is-layout-flex\">\n<div class=\"wp-block-column is-layout-flow wp-block-column-is-layout-flow\">\n<p>Venez passer votre CELTA \u00e0 Lyon et profiter d\u2019une des plus belles villes de France. Lyon est connue pour son architecture magnifique, sa gastronomie exquise et son style de vie m\u00e9diterran\u00e9en. Les terrasses des caf\u00e9s du quartier m\u00e9di\u00e9val historique sont toujours pleines de gens occup\u00e9s \u00e0 \u00e9changer et \u00e0 profiter de la vie.<\/p>\n\n\n\n<p>Lyon est le c\u0153ur \u00e9conomique battant de la r\u00e9gion Auvergne \u2013 Rh\u00f4ne Alpes. La ville a toujours \u00e9t\u00e9 un centre \u00e9conomique important en France, tout d\u2019abord comme centre majeur de l\u2019industrie de la soie. De nos jours, Lyon est connue comme la capitale Fran\u00e7aise des industries pharmaceutiques et m\u00e9dicales, offrant ainsi des opportunit\u00e9s d\u2019emploi dans la formation en langues au sein des entreprises. C\u2019est aussi, bien s\u00fbr, la ville de naissance du cinema, toujours fi\u00e8re de rendre hommage aux l\u00e9gendaires fr\u00e8res Lumi\u00e8re avec sa magnifique f\u00eate des lumi\u00e8res, en hiver.<\/p>\n\n\n\n<p>Nos formations CELTA se d\u00e9roulent \u00e0 Lyon en centre ville \u00e0 L&#8217;Escale Lyonnaise  situ\u00e9 dans le 6<sup>e<\/sup> arrondissement. Vous vous sentirez \u00e0 l\u2019aise et bien accueillis. Nous vous aiderons aussi \u00e0 trouver un logement le temps de votre s\u00e9jour et disposons d\u2019un large r\u00e9seau en ville d\u2019h\u00e9bergements ind\u00e9pendants ou chez l\u2019habitant.<\/p>\n<\/div>\n\n\n\n<div class=\"wp-block-column is-layout-flow wp-block-column-is-layout-flow\">\n<p>Come to Lyon for your CELTA and take advantage of one of France&#8217;s most beautiful cities. Lyon is known for its stunning architecture, wonderful food and mediterranean lifetsyle; the terrases of the caf\u00e9s in the medieval historic quarter are always full of people exchanging news and views and generally enjoying life.<\/p>\n\n\n\n<p>Lyon is also the heart of the economically thriving Bouches de Rh\u00f4ne region of France. It has always been an important economic hub in France, first of all as a central trading point for the silk industry. Nowadays it is known as the capital of the medical and pharmaceutical industry in France with related in-company teaching opportunities. It is also, of course, the birthplace of cinema and proud to honour the legendary Lumiere brothers with its magnificant winter &#8216;f\u00eate des lumi\u00e8res&#8217;.<\/p>\n\n\n\n<p>Our <strong>CELTA<\/strong> courses in Lyon are held right in the centre of the city in the 6th district in a 19th century building called the Escale Lyonnaise. You&#8217;ll feel most welcome and comfortable. We also help you with accommodation during your stay as we have a wide network of homestay and self-contained options in the city.<\/p>\n<\/div>\n<\/div>","protected":false},"excerpt":{"rendered":"<p>Venez passer votre CELTA \u00e0 Lyon et profiter d\u2019une des plus belles villes de France. Lyon est connue pour son architecture magnifique, sa gastronomie exquise et<span class=\"excerpt-hellip\"> [\u2026]<\/span><\/p>\n","protected":false},"author":1,"featured_media":0,"parent":0,"menu_order":0,"comment_status":"closed","ping_status":"closed","template":"","meta":{"footnotes":""},"class_list":["post-54","page","type-page","status-publish","hentry"],"_links":{"self":[{"href":"https:\/\/www.theelthub.com\/fr\/wp-json\/wp\/v2\/pages\/54","targetHints":{"allow":["GET"]}}],"collection":[{"href":"https:\/\/www.theelthub.com\/fr\/wp-json\/wp\/v2\/pages"}],"about":[{"href":"https:\/\/www.theelthub.com\/fr\/wp-json\/wp\/v2\/types\/page"}],"author":[{"embeddable":true,"href":"https:\/\/www.theelthub.com\/fr\/wp-json\/wp\/v2\/users\/1"}],"replies":[{"embeddable":true,"href":"https:\/\/www.theelthub.com\/fr\/wp-json\/wp\/v2\/comments?post=54"}],"version-history":[{"count":5,"href":"https:\/\/www.theelthub.com\/fr\/wp-json\/wp\/v2\/pages\/54\/revisions"}],"predecessor-version":[{"id":1537,"href":"https:\/\/www.theelthub.com\/fr\/wp-json\/wp\/v2\/pages\/54\/revisions\/1537"}],"wp:attachment":[{"href":"https:\/\/www.theelthub.com\/fr\/wp-json\/wp\/v2\/media?parent=54"}],"curies":[{"name":"wp","href":"https:\/\/api.w.org\/{rel}","templated":true}]}}