{"id":416,"date":"2021-04-23T12:54:12","date_gmt":"2021-04-23T12:54:12","guid":{"rendered":"http:\/\/localhost:85\/?page_id=416"},"modified":"2025-12-29T13:07:58","modified_gmt":"2025-12-29T13:07:58","slug":"what-is-tylec-and-who-is-it-for","status":"publish","type":"page","link":"https:\/\/www.theelthub.com\/fr\/what-is-tylec-and-who-is-it-for\/","title":{"rendered":"TYLEC &#8211; What Is TYLEC and Who Is It For ?"},"content":{"rendered":"<p>Le <a href=\"https:\/\/www.trinitycollege.com\/qualifications\/teaching-english\/TYLEC\"><strong>TYLEC<\/strong>\u00a0<\/a>(Teaching Young Learners Extension Certificate) est l\u2019un des deux dipl\u00f4mes internationaux les plus reconnus pour l\u2019enseignement de l\u2019anglais aux jeunes apprenants. Ce dipl\u00f4me a \u00e9t\u00e9 d\u00e9velopp\u00e9 par le Trinity College de l\u2019Universit\u00e9 de Londres, en tant que formation compl\u00e9mentaire pour les enseignants d\u00e9j\u00e0 titulaires d\u2019un CELTA ou d\u2019un dipl\u00f4me \u00e9quivalent, afin de leur offrir une formation sp\u00e9cialis\u00e9e dans l\u2019enseignement aux jeunes apprenants. Consultez la <a href=\"https:\/\/www.youtube.com\/watch?reload=9&amp;v=AvEZetcJ4AI&amp;feature=youtu.be\">pr\u00e9sentation r\u00e9cente du TYLEC<\/a> organis\u00e9e par Trinity, \u00e0 laquelle ont particip\u00e9 certains de nos anciens participants.<\/p>\n\n\n\n<p class=\"has-vivid-red-color has-text-color has-link-color wp-elements-f283a647c726648d401f6e8852148742\"><strong>NOUVEAU !<\/strong> \u00c0 partir d\u2019octobre, nous proposons un cours TYLEC en ligne \u00e0 temps partiel, incluant des contenus th\u00e9oriques et des pratiques p\u00e9dagogiques, destin\u00e9 aux enseignants travaillant avec des enfants du primaire, du secondaire et\/ou de la maternelle.<\/p>\n\n\n\n<h4 class=\"wp-block-heading has-text-align-center\"><br>Contenu du cours<br><\/h4>\n\n\n\n<p><br>Ce cours pratique comprend des ateliers et des s\u00e9ances d\u2019enseignement encadr\u00e9es et \u00e9valu\u00e9es \u00e0 deux niveaux diff\u00e9rents. La plupart des participants trouvent ce cours enrichissant et instructif. Le cours comprend :<\/p>\n\n\n\n<ul class=\"wp-block-list\">\n<li>Plus de 40 heures de cours, de pr\u00e9paration de le\u00e7ons encadr\u00e9e et de s\u00e9ances de tutorat.<\/li>\n\n\n\n<li>5 observations (1 diagnostic et 4 \u00e9valuatives) d\u2019une heure chacune par participant.<\/li>\n\n\n\n<li>6 observations guid\u00e9es d\u2019enseignants exp\u00e9riment\u00e9s (vid\u00e9o et en pr\u00e9sentiel, avec feuilles de travail fournies).<\/li>\n\n\n\n<li>3 devoirs :\n<ul class=\"wp-block-list\">\n<li>1\/ Journal de suivi des points de d\u00e9veloppement et journal de pratique p\u00e9dagogique<\/li>\n\n\n\n<li>2\/ Journal d\u2019observation guid\u00e9e<\/li>\n\n\n\n<li>3\/ Travail sur les ressources p\u00e9dagogiques<\/li>\n<\/ul>\n<\/li>\n\n\n\n<li>Une visite d\u2019un examinateur externe nomm\u00e9 par Trinity, avec des entretiens individuels et collectifs, et une s\u00e9ance de retour d\u2019exp\u00e9rience avec le formateur principal\/directeur du cours.<\/li>\n<\/ul>\n\n\n\n<p><\/p>\n\n\n\n<h4 class=\"wp-block-heading has-text-align-center\"><br>\u00c0 qui s\u2019adresse le TYLEC ?<\/h4>\n\n\n\n<p>Le TYLEC \u00e9tant une formation compl\u00e9mentaire, il est n\u00e9cessaire d\u2019\u00eatre d\u00e9j\u00e0 titulaire d\u2019un dipl\u00f4me de niveau certificat, tel que le CertTESOL de Trinity, le CertTESOL am\u00e9ricain ou le CELTA de Cambridge.<\/p>\n\n\n\n<div style=\"height:11px\" aria-hidden=\"true\" class=\"wp-block-spacer\"><\/div>\n\n\n\n<div class=\"wp-block-buttons is-content-justification-center is-layout-flex wp-container-core-buttons-is-layout-16018d1d wp-block-buttons-is-layout-flex\">\n<div class=\"wp-block-button\"><a class=\"wp-block-button__link has-background wp-element-button\" href=\"https:\/\/www.theelthub.com\/fr\/what-is-tylec-and-who-is-it-for\/content-of-the-france-tylec-course\/\" style=\"background-color:#4271b6\" target=\"_blank\" rel=\"noreferrer noopener\">En savoir plus<\/a><\/div>\n<\/div>\n\n\n\n<div style=\"height:87px\" aria-hidden=\"true\" class=\"wp-block-spacer\"><\/div>\n\n\n\n<h4 class=\"wp-block-heading has-text-align-center\"><br>Le TYLEC chez The ELT Hub<\/h4>\n\n\n\n<p style=\"font-size:15px\"><br>Notre cours est dispens\u00e9 par des enseignants qualifi\u00e9s et experts en enseignement aux jeunes apprenants, dans un lieu adapt\u00e9 \u00e0 ce public. Le cours dure 15 jours (3 semaines pleines). Nous organisons nos sessions dans notre centre de formation en Bretagne, <a href=\"https:\/\/www.theelthub.com\/fr\/en\/elt-brittany\/centre-ker-elorn\/\">\u2018Ker Elorn\u2019<\/a> car il est id\u00e9al pour les enfants (situ\u00e9 en dehors de la route, avec un grand jardin) et se trouve dans une <a href=\"https:\/\/www.theelthub.com\/fr\/en\/elt-brittany\/the-region\/\">r\u00e9gion magnifique de France<\/a>, id\u00e9ale pour un s\u00e9jour pendant l\u2019\u00e9t\u00e9. Notre tout nouveau cours TYLEC en ligne \u00e0 temps partiel se d\u00e9roulera sur six mois, \u00e0 partir d\u2019octobre. Vous n\u2019aurez besoin que d\u2019une demi-journ\u00e9e de disponibilit\u00e9 par semaine.<\/p>\n\n\n\n<p><\/p>\n\n\n\n<p><\/p>\n\n\n\n<h4 class=\"wp-block-heading has-text-align-center\"><br>Comment postuler \u00e0 TYLEC ?<\/h4>\n\n\n\n<p><br>Pour postuler \u00e0 nos prochaines sessions TYLEC (en pr\u00e9sentiel ou en ligne), <a href=\"https:\/\/www.theelthub.com\/fr\/en\/application-forms\/\">t\u00e9l\u00e9chargez le formulaire de candidature<\/a> , remplissez le et envoyez-le-nous par e-mail \u00e0 <strong><a href=\"mailto:info@theelthub.com\">info@theelthub.com<\/a><\/strong>. Nous vous contacterons rapidement pour organiser un entretien avec un formateur TYLEC. Cet entretien se d\u00e9roulera \u00e0 distance, probablement via Zoom. N\u2019h\u00e9sitez pas \u00e0 nous signaler si cela vous pose probl\u00e8me.<\/p>\n\n\n\n<div class=\"wp-block-columns are-vertically-aligned-center is-layout-flex wp-container-core-columns-is-layout-9d6595d7 wp-block-columns-is-layout-flex\">\n<div class=\"wp-block-column is-layout-flow wp-block-column-is-layout-flow\">\n<div class=\"wp-block-buttons is-content-justification-center is-layout-flex wp-container-core-buttons-is-layout-16018d1d wp-block-buttons-is-layout-flex\">\n<div class=\"wp-block-button\"><a class=\"wp-block-button__link has-background wp-element-button\" href=\"https:\/\/www.theelthub.com\/wp-content\/uploads\/2023\/02\/tylec-form.doc\" style=\"background-color:#4271b6\" target=\"_blank\" rel=\"noreferrer noopener\">T\u00e9l\u00e9charger le formulaire de candidature<\/a><\/div>\n<\/div>\n<\/div>\n<\/div>\n\n\n\n<div style=\"height:63px\" aria-hidden=\"true\" class=\"wp-block-spacer\"><\/div>\n\n\n\n<h4 class=\"wp-block-heading has-text-align-center\">Logement pendant le cours TYLEC<\/h4>\n\n\n\n<p>Comme pour tous nos cours, nous accordons une grande importance \u00e0 votre logement. Les participants viennent souvent de tr\u00e8s loin, parfois de plusieurs centaines, voire de milliers de kilom\u00e8tres. Nous avons un r\u00e9seau de personnes proposant des <a href=\"https:\/\/www.theelthub.com\/fr\/en\/elt-brittany\/accommodation\/\">appartements ou des chambres<\/a> \u00e0 nos participants TYLEC. Contactez-nous pour plus d\u2019informations. <a href=\"https:\/\/www.tourisme-landerneau-daoulas.fr\/\">Landerneau<\/a>, o\u00f9 se d\u00e9roulent nos cours TYLEC, est id\u00e9alement situ\u00e9e : vous pouvez facilement vous rendre au centre de formation \u00e0 pied ou \u00e0 v\u00e9lo. La ville est \u00e0 seulement 15 minutes de l\u2019a\u00e9roport r\u00e9gional et desservie par le TGV pour Paris.<\/p>\n\n\n\n<p><\/p>","protected":false},"excerpt":{"rendered":"<p>The TYLEC\u00a0stands for Teaching Young Learners Extension Certificate, and it is one of the two most widely recognised international qualifications in teaching English Language to Young<span class=\"excerpt-hellip\"> [\u2026]<\/span><\/p>\n","protected":false},"author":1,"featured_media":0,"parent":0,"menu_order":0,"comment_status":"closed","ping_status":"closed","template":"","meta":{"footnotes":""},"class_list":["post-416","page","type-page","status-publish","hentry"],"_links":{"self":[{"href":"https:\/\/www.theelthub.com\/fr\/wp-json\/wp\/v2\/pages\/416","targetHints":{"allow":["GET"]}}],"collection":[{"href":"https:\/\/www.theelthub.com\/fr\/wp-json\/wp\/v2\/pages"}],"about":[{"href":"https:\/\/www.theelthub.com\/fr\/wp-json\/wp\/v2\/types\/page"}],"author":[{"embeddable":true,"href":"https:\/\/www.theelthub.com\/fr\/wp-json\/wp\/v2\/users\/1"}],"replies":[{"embeddable":true,"href":"https:\/\/www.theelthub.com\/fr\/wp-json\/wp\/v2\/comments?post=416"}],"version-history":[{"count":21,"href":"https:\/\/www.theelthub.com\/fr\/wp-json\/wp\/v2\/pages\/416\/revisions"}],"predecessor-version":[{"id":2156,"href":"https:\/\/www.theelthub.com\/fr\/wp-json\/wp\/v2\/pages\/416\/revisions\/2156"}],"wp:attachment":[{"href":"https:\/\/www.theelthub.com\/fr\/wp-json\/wp\/v2\/media?parent=416"}],"curies":[{"name":"wp","href":"https:\/\/api.w.org\/{rel}","templated":true}]}}