{"id":361,"date":"2021-04-22T08:30:32","date_gmt":"2021-04-22T08:30:32","guid":{"rendered":"http:\/\/localhost:85\/?page_id=361"},"modified":"2026-04-01T10:33:34","modified_gmt":"2026-04-01T10:33:34","slug":"dates-and-fees","status":"publish","type":"page","link":"https:\/\/www.theelthub.com\/fr\/dates-and-fees\/","title":{"rendered":"Dates And Fees"},"content":{"rendered":"<p class=\"has-text-color\" style=\"color:#ef0b0b\"><strong><strong>Le programme CELTA est \u00e9ligible aux financements CPF et France Travail. Contactez-nous pour plus d\u2019informations.<\/strong><\/strong><\/p>\n\n\n\n<div class=\"wp-block-group is-vertical is-layout-flex wp-container-core-group-is-layout-8cf370e7 wp-block-group-is-layout-flex\">\n<h4 class=\"wp-block-heading has-text-color has-link-color wp-elements-ab7c00ab6f5b748cf8a81d7ffa19ada8\" style=\"color:#4271b6\"><strong>Prix:<\/strong><\/h4>\n\n\n\n<p><br>Le prix pour le CELTA en 2026 sera de 1 980 \u20ac<\/p>\n\n\n\n<p><\/p>\n\n\n\n<p>Remarque : Les journ\u00e9es de formation CELTA ont lieu m\u00eame les jours f\u00e9ri\u00e9s.<\/p>\n\n\n\n<p><\/p>\n<\/div>\n\n\n\n<h4 class=\"wp-block-heading has-text-color has-link-color wp-elements-738082acfc898dd046dd88ebf90db99f\" style=\"color:#4271b6\"><strong><strong>TYLEC (Certificat de perfectionnement en p\u00e9dagogie pour les jeunes apprenants)<\/strong><\/strong><\/h4>\n\n\n\n<p>New on-site course in Brittany:<\/p>\n\n\n\n<p>8th July \u2013 24th July<\/p>\n\n\n\n<p><strong>Prix:<\/strong><br>1 500 \u20ac<\/p>\n\n\n\n<h4 class=\"wp-block-heading has-text-color has-link-color has-medium-font-size wp-elements-08b746da0b08b9bdea964242754f2cf3\" style=\"color:#4271b6\"><strong>DipTESOL<\/strong><\/h4>\n\n\n\n<p>Le co\u00fbt du cours est de 3 000 \u20ac et comprend les frais d\u2019inscription \u00e0 l\u2019examen Trinity.<\/p>\n\n\n\n<p>Les inscriptions sont ouvertes en permanence.<\/p>\n\n\n\n<div style=\"height:20px\" aria-hidden=\"true\" class=\"wp-block-spacer\"><\/div>\n\n\n\n<h2 class=\"wp-block-heading\"><\/h2>\n\n\n\n<div style=\"height:50px\" aria-hidden=\"true\" class=\"wp-block-spacer\"><\/div>\n\n\n\n<div class=\"wp-block-columns is-layout-flex wp-container-core-columns-is-layout-9d6595d7 wp-block-columns-is-layout-flex\">\n<div class=\"wp-block-column is-layout-flow wp-block-column-is-layout-flow\"><\/div>\n\n\n\n<div class=\"wp-block-column is-layout-flow wp-block-column-is-layout-flow\"><\/div>\n<\/div>\n\n\n\n<div style=\"height:50px\" aria-hidden=\"true\" class=\"wp-block-spacer\"><\/div>\n\n\n\n<h2 class=\"wp-block-heading\"><strong>CELTA 2026<\/strong><\/h2>\n\n\n\n<div class=\"wp-block-group bloc-dates is-layout-grid wp-container-core-group-is-layout-6be84c55 wp-block-group-is-layout-grid\">\n<div class=\"wp-block-group\"><div class=\"wp-block-group__inner-container is-layout-constrained wp-block-group-is-layout-constrained\">\n<h4 class=\"wp-block-heading\"><strong>Strasbourg<\/strong><\/h4>\n\n\n\n<div class=\"wp-block-buttons is-layout-flex wp-block-buttons-is-layout-flex\">\n<div class=\"wp-block-button\"><a class=\"wp-block-button__link has-background wp-element-button\" href=\"https:\/\/strasbourg.theelthub.com\/dates-and-fees\/\" style=\"background-color:#4271b6\">Voir les dates &amp; tarifs<\/a><\/div>\n<\/div>\n<\/div><\/div>\n\n\n\n<div class=\"wp-block-group\"><div class=\"wp-block-group__inner-container is-layout-constrained wp-block-group-is-layout-constrained\">\n<h4 class=\"wp-block-heading\"><strong>Bretagne<\/strong><\/h4>\n\n\n\n<div class=\"wp-block-buttons is-layout-flex wp-block-buttons-is-layout-flex\">\n<div class=\"wp-block-button\"><a class=\"wp-block-button__link has-background wp-element-button\" href=\"https:\/\/brittany.theelthub.com\/dates-et-tarifs\/\" style=\"background-color:#4271b6\">Voir les dates &amp; tarifs<\/a><\/div>\n<\/div>\n<\/div><\/div>\n\n\n\n<div class=\"wp-block-group\"><div class=\"wp-block-group__inner-container is-layout-constrained wp-block-group-is-layout-constrained\">\n<h4 class=\"wp-block-heading\"><strong>\u00e0 Lyon<\/strong><\/h4>\n\n\n\n<div class=\"wp-block-buttons is-layout-flex wp-block-buttons-is-layout-flex\">\n<div class=\"wp-block-button\"><a class=\"wp-block-button__link has-background wp-element-button\" href=\"https:\/\/lyon.theelthub.com\/dates-et-tarifs\/\" style=\"background-color:#4271b6\">Voir les dates &amp; tarifs<\/a><\/div>\n<\/div>\n<\/div><\/div>\n\n\n\n<div class=\"wp-block-group\"><div class=\"wp-block-group__inner-container is-layout-constrained wp-block-group-is-layout-constrained\">\n<h4 class=\"wp-block-heading\"><strong>Auvergne<\/strong><\/h4>\n\n\n\n<div class=\"wp-block-buttons is-layout-flex wp-block-buttons-is-layout-flex\">\n<div class=\"wp-block-button\"><a class=\"wp-block-button__link has-background wp-element-button\" href=\"https:\/\/auvergne.theelthub.com\/dates-et-tarifs\/\" style=\"background-color:#4271b6\">Voir les dates &amp; tarifs<\/a><\/div>\n<\/div>\n<\/div><\/div>\n\n\n\n<div class=\"wp-block-group\"><div class=\"wp-block-group__inner-container is-layout-constrained wp-block-group-is-layout-constrained\">\n<h4 class=\"wp-block-heading\"><strong>Marseille<\/strong><\/h4>\n\n\n\n<div class=\"wp-block-buttons is-layout-flex wp-block-buttons-is-layout-flex\">\n<div class=\"wp-block-button\"><a class=\"wp-block-button__link has-background wp-element-button\" href=\"https:\/\/marseille.theelthub.com\/dates-et-tarifs\/\" style=\"background-color:#4271b6\">Voir les dates &amp; tarifs<\/a><\/div>\n<\/div>\n<\/div><\/div>\n<\/div>\n\n\n\n<div style=\"height:50px\" aria-hidden=\"true\" class=\"wp-block-spacer\"><\/div>\n\n\n\n<div class=\"wp-block-columns is-layout-flex wp-container-core-columns-is-layout-9d6595d7 wp-block-columns-is-layout-flex\">\n<div class=\"wp-block-column is-layout-flow wp-block-column-is-layout-flow\" style=\"flex-basis:0px\"><\/div>\n\n\n\n<div class=\"wp-block-column is-layout-flow wp-block-column-is-layout-flow\" style=\"flex-basis:100%\">\n<div class=\"wp-block-group\"><div class=\"wp-block-group__inner-container is-layout-constrained wp-block-group-is-layout-constrained\">\n<h4 class=\"wp-block-heading\"><strong><strong>En ligne<\/strong><\/strong><\/h4>\n\n\n\n<ul class=\"wp-block-list has-black-color has-text-color has-link-color wp-elements-ce853766d4d4986c4297adc3b65994c0\">\n<li>Du 5 janvier au 6 f\u00e9vrier (quatre jours par semaine)<\/li>\n\n\n\n<li>From 27 April to 29 May<\/li>\n\n\n\n<li>Du 1 juin au 3 juillet (quatre jours par semaine)<\/li>\n\n\n\n<li>Du 2 novembre au 4 d\u00e9cembre (quatre jours par semaine)<\/li>\n<\/ul>\n\n\n\n<h2 class=\"wp-block-heading has-medium-font-size\"><strong><mark style=\"background-color:rgba(0, 0, 0, 0)\" class=\"has-inline-color has-vivid-red-color\"><em>Remarque : Tous nos cours en ligne se d\u00e9roulent en temps r\u00e9el et en direct via Zoom.<\/em>. Our online courses are intensive, four days a week over five weeks, and require you to be completely available every teaching day.<\/mark><\/strong><\/h2>\n<\/div><\/div>\n<\/div>\n<\/div>\n\n\n\n<div style=\"height:50px\" aria-hidden=\"true\" class=\"wp-block-spacer\"><\/div>","protected":false},"excerpt":{"rendered":"<p>CELTA is eligible for CPF and France Travail financing. Contact us for details. Price: Le prix pour le CELTA en 2026 sera de 1 980 \u20ac<span class=\"excerpt-hellip\"> [\u2026]<\/span><\/p>\n","protected":false},"author":1,"featured_media":0,"parent":0,"menu_order":0,"comment_status":"closed","ping_status":"closed","template":"","meta":{"footnotes":""},"class_list":["post-361","page","type-page","status-publish","hentry"],"_links":{"self":[{"href":"https:\/\/www.theelthub.com\/fr\/wp-json\/wp\/v2\/pages\/361","targetHints":{"allow":["GET"]}}],"collection":[{"href":"https:\/\/www.theelthub.com\/fr\/wp-json\/wp\/v2\/pages"}],"about":[{"href":"https:\/\/www.theelthub.com\/fr\/wp-json\/wp\/v2\/types\/page"}],"author":[{"embeddable":true,"href":"https:\/\/www.theelthub.com\/fr\/wp-json\/wp\/v2\/users\/1"}],"replies":[{"embeddable":true,"href":"https:\/\/www.theelthub.com\/fr\/wp-json\/wp\/v2\/comments?post=361"}],"version-history":[{"count":107,"href":"https:\/\/www.theelthub.com\/fr\/wp-json\/wp\/v2\/pages\/361\/revisions"}],"predecessor-version":[{"id":2306,"href":"https:\/\/www.theelthub.com\/fr\/wp-json\/wp\/v2\/pages\/361\/revisions\/2306"}],"wp:attachment":[{"href":"https:\/\/www.theelthub.com\/fr\/wp-json\/wp\/v2\/media?parent=361"}],"curies":[{"name":"wp","href":"https:\/\/api.w.org\/{rel}","templated":true}]}}