{"id":358,"date":"2021-04-22T08:28:44","date_gmt":"2021-04-22T08:28:44","guid":{"rendered":"http:\/\/localhost:85\/?page_id=358"},"modified":"2025-12-29T15:19:32","modified_gmt":"2025-12-29T15:19:32","slug":"testimonials","status":"publish","type":"page","link":"https:\/\/www.theelthub.com\/fr\/testimonials\/","title":{"rendered":"T\u00e9moignages"},"content":{"rendered":"<p><strong>Irina apr\u00e8s le cours d\u2019\u00e9t\u00e9 en Bretagne :<\/strong><br><em>\u00ab Je suis tr\u00e8s reconnaissant de la formation que j\u2019ai suivie dans cette \u00e9cole. Elle a chang\u00e9 ma vie, vraiment. Aujourd\u2019hui, j\u2019ai une vision plus claire de mon avenir professionnel, je gagne un peu plus, j\u2019exerce le m\u00e9tier de mes r\u00eaves et je donne des cours particuliers \u00e0 des \u00e9l\u00e8ves formidables, qui sont ouverts \u00e0 mes nouvelles m\u00e9thodes p\u00e9dagogiques. Nous en profitons tous les deux. Je travaille actuellement sur un projet de Cambridge English, o\u00f9 je pr\u00e9pare de jeunes \u00e9l\u00e8ves aux examens KET, PET, etc.<\/em><\/p>\n\n\n\n<p><em>Je continue de participer aux rencontres professionnelles pour les enseignants d\u2019anglais, mais je trouve maintenant qu\u2019elles sont assez limit\u00e9es et peu int\u00e9ressantes. Le programme CELTA offrait un contenu bien plus complet, et d\u00e9sormais je peux me passer de ces rencontres sans aucun regret.\u00bb<\/em><\/p>\n\n\n\n<p><strong>Eva apr\u00e8s le stage de septembre en Bretagne :<\/strong><br><em>\u00ab Pour moi, ce cours de cinq semaines repr\u00e9sentait un atout majeur : un jour de repos suppl\u00e9mentaire chaque semaine. Cela me permettait de prendre le temps de bien assimiler les s\u00e9ances de formation et de rattraper mon retard dans mes \u00e9tudes, tout en profitant de belles promenades au bord du fleuve. Ce temps libre me permettait de g\u00e9rer efficacement mon travail et de me ressourcer en vue de la semaine suivante. Je consid\u00e8re ce jour de repos hebdomadaire comme un v\u00e9ritable atout du programme CELTA.<\/em><\/p>\n\n\n\n<p><em>Le lieu des s\u00e9ances de formation \u00e9tait magnifique, tout comme l\u2019accueil chaleureux du CIEL Bretagne. Cela a grandement contribu\u00e9 \u00e0 r\u00e9duire le stress de la semaine. Le fait de pouvoir me promener chaque jour au bord du fleuve pour r\u00e9fl\u00e9chir et me ressourcer \u00e9tait un v\u00e9ritable plaisir. Je n\u2019imagine pas devoir g\u00e9rer les transports en commun dans une grande ville tout en suivant le programme CELTA. Personnellement, j\u2019ai beaucoup pr\u00e9f\u00e9r\u00e9 \u00eatre au calme, sans les distractions de la ville, et pouvoir me concentrer pleinement sur mes \u00e9tudes. Ces cinq semaines en Bretagne ont \u00e9t\u00e9 un choix id\u00e9al. \u00bb<\/em><\/p>\n\n\n\n<p><strong>Katie apr\u00e8s le stage de septembre en Bretagne :<\/strong><br><em>\u00ab Simon et Jane ont apport\u00e9 une dimension humaine \u00e0 l\u2019ensemble de l\u2019exp\u00e9rience. J\u2019ai ressenti leur soutien tout au long du processus, ils \u00e9taient toujours l\u00e0 pour nous. Ce fut un d\u00e9fi, certes, mais ils ne nous ont pas tout fait \u00e0 notre place, ils nous ont simplement guid\u00e9s et soutenus. \u00bb<\/em><\/p>\n\n\n\n<p><em>\u00ab Neil a \u00e9t\u00e9 un professeur inspirant dont les vastes connaissances et son exp\u00e9rience en ont fait un excellent tuteur et mentor. Alina m\u2019a appris \u00e0 \u00eatre plus rigoureuse dans la pr\u00e9paration de mes cours et dans mes m\u00e9thodes d\u2019enseignement, ce qui m\u2019a conf\u00e9r\u00e9 une grande confiance en moi lors de mes interventions en classe. \u00bb<\/em><\/p>\n\n\n\n<p><\/p>\n\n\n\n<div class=\"wp-block-columns is-layout-flex wp-container-core-columns-is-layout-9d6595d7 wp-block-columns-is-layout-flex\">\n<div class=\"wp-block-column yt-size-owl is-layout-flow wp-block-column-is-layout-flow\">\n<figure class=\"wp-block-embed is-type-video is-provider-youtube wp-block-embed-youtube wp-embed-aspect-16-9 wp-has-aspect-ratio\"><div class=\"wp-block-embed__wrapper\">\n<iframe loading=\"lazy\" title=\"Nathalie talks about her experiences in Brittany doing CELTA\" width=\"1220\" height=\"686\" src=\"https:\/\/www.youtube.com\/embed\/YzHhm_nrAJA?feature=oembed\" frameborder=\"0\" allow=\"accelerometer; autoplay; clipboard-write; encrypted-media; gyroscope; picture-in-picture; web-share\" referrerpolicy=\"strict-origin-when-cross-origin\" allowfullscreen><\/iframe>\n<\/div><figcaption class=\"wp-element-caption\">Nathalie parle de CELTA<\/figcaption><\/figure>\n\n\n\n<figure class=\"wp-block-embed is-type-video is-provider-youtube wp-block-embed-youtube wp-embed-aspect-16-9 wp-has-aspect-ratio\"><div class=\"wp-block-embed__wrapper\">\n<iframe loading=\"lazy\" title=\"Rasmi discusses CELTA\" width=\"1220\" height=\"686\" src=\"https:\/\/www.youtube.com\/embed\/CMpnzrtrMaM?feature=oembed\" frameborder=\"0\" allow=\"accelerometer; autoplay; clipboard-write; encrypted-media; gyroscope; picture-in-picture; web-share\" referrerpolicy=\"strict-origin-when-cross-origin\" allowfullscreen><\/iframe>\n<\/div><figcaption class=\"wp-element-caption\">Rasmi parle de CELTA<\/figcaption><\/figure>\n\n\n\n<figure class=\"wp-block-embed is-type-video is-provider-youtube wp-block-embed-youtube wp-embed-aspect-16-9 wp-has-aspect-ratio\"><div class=\"wp-block-embed__wrapper\">\n<iframe loading=\"lazy\" title=\"French CELTA graduates David and Elisabeth talk about their experiences\" width=\"1220\" height=\"686\" src=\"https:\/\/www.youtube.com\/embed\/r2CJ4-UVrMQ?feature=oembed\" frameborder=\"0\" allow=\"accelerometer; autoplay; clipboard-write; encrypted-media; gyroscope; picture-in-picture; web-share\" referrerpolicy=\"strict-origin-when-cross-origin\" allowfullscreen><\/iframe>\n<\/div><figcaption class=\"wp-element-caption\">David et Elisabeth, dipl\u00f4m\u00e9s du CELTA en fran\u00e7ais, nous parlent de leur exp\u00e9rience \u00e0 ESOL Strasbourg.<\/figcaption><\/figure>\n\n\n\n<figure class=\"wp-block-embed is-type-video is-provider-youtube wp-block-embed-youtube wp-embed-aspect-16-9 wp-has-aspect-ratio\"><div class=\"wp-block-embed__wrapper\">\n<iframe loading=\"lazy\" title=\"International interpreter Caio talks about why he came to Strasbourg to do his CELTA\" width=\"1220\" height=\"686\" src=\"https:\/\/www.youtube.com\/embed\/WL0YUVpKleo?feature=oembed\" frameborder=\"0\" allow=\"accelerometer; autoplay; clipboard-write; encrypted-media; gyroscope; picture-in-picture; web-share\" referrerpolicy=\"strict-origin-when-cross-origin\" allowfullscreen><\/iframe>\n<\/div><figcaption class=\"wp-element-caption\">Caio, interpr\u00e8te international, explique pourquoi il est venu \u00e0 Strasbourg pour suivre la formation CELTA en anglais langue \u00e9trang\u00e8re \u00e0 ESOL Strasbourg.<\/figcaption><\/figure>\n<\/div>\n\n\n\n<div class=\"wp-block-column is-layout-flow wp-block-column-is-layout-flow\">\n<blockquote class=\"wp-block-quote is-layout-flow wp-block-quote-is-layout-flow\">\n<p><em><em>\u00ab\u00a0Ce cours m\u2019a permis d\u2019acqu\u00e9rir de nombreuses connaissances et m\u2019a donn\u00e9 un tout autre regard sur le m\u00e9tier d\u2019enseignant : la pr\u00e9paration des cours, les d\u00e9fis \u00e0 relever et les satisfactions que l\u2019on peut trouver en classe.\u00a0\u00bb<\/em><\/em><\/p>\n\n\n\n<p><em>\u00ab\u00a0Le CCI est un excellent endroit pour suivre ce cours. Les installations \u00e9taient parfaites et l\u2019ambiance \u00e9tait toujours agr\u00e9able.\u00a0\u00bb<\/em><\/p>\n\n\n\n<p><em>\u00ab\u00a0Les deux formateurs ont prodigu\u00e9 leurs commentaires de mani\u00e8re tr\u00e8s professionnelle et bienveillante. \u00c0 mon avis, outre la pratique elle-m\u00eame, c\u2019\u00e9tait le point fort du cours. La rigueur et le s\u00e9rieux des formateurs lors des s\u00e9ances de feedback \u00e9taient tout simplement remarquables !<\/em><\/p>\n\n\n\n<p><em>\u00ab\u00a0Jane a \u00e9t\u00e9 d\u2019une grande aide et elle a toujours \u00e9t\u00e9 attentionn\u00e9e et soucieuse du bien-\u00eatre des autres. J\u2019ai vraiment appr\u00e9ci\u00e9 cette exp\u00e9rience, qui \u00e9tait un v\u00e9ritable d\u00e9fi\u2026 l\u2019une des exp\u00e9riences les plus difficiles de ma vie, et pourtant j\u2019ai v\u00e9cu des situations difficiles auparavant !\u00a0\u00bb<\/em><\/p>\n\n\n\n<p><em>\u00ab\u00a0Excellente prestation. Le contenu, la mani\u00e8re de le pr\u00e9senter et l\u2019enthousiasme\/la motivation \u00e9taient tout simplement exceptionnels.\u00a0\u00bb<\/em><\/p>\n\n\n\n<p><em>\u00ab\u00a0Tr\u00e8s exigeant et difficile, ce programme permet aux participants de tirer le meilleur d\u2019eux-m\u00eames. La satisfaction ressentie \u00e0 la fin de la formation est immense. Les formateurs \u00e9taient exceptionnels, toujours \u00e0 l\u2019\u00e9coute et tr\u00e8s accessibles. Ils ont \u00e9t\u00e9 de v\u00e9ritables mod\u00e8les tout au long de la formation.\u00a0\u00bb<\/em><\/p>\n\n\n\n<p><em>\u00ab\u00a0Avant le d\u00e9but du cours, j\u2019avais beaucoup de doutes concernant mon niveau d\u2019anglais, surtout parce que je garde et garderai toujours un accent fran\u00e7ais. Mais vous m\u2019avez rassur\u00e9e, tout comme mes camarades de classe. Je n\u2019oublierai jamais cela et je vous en serai toujours tr\u00e8s reconnaissante.\u00a0\u00bb<\/em><\/p>\n\n\n\n<p><em>\u00ab\u00a0Bien que le cours ait \u00e9t\u00e9 intense, j\u2019ai vraiment ador\u00e9. J\u2019ai re\u00e7u tout le mat\u00e9riel, les informations et les commentaires dont j\u2019avais besoin pour r\u00e9ussir \u2013 merci beaucoup !<\/em><\/p>\n<\/blockquote>\n<\/div>\n<\/div>","protected":false},"excerpt":{"rendered":"<p>Irina after the Summer course in Brittany :\u00ab I am grateful for the course I had an opportunity to have in this school. It changed my<span class=\"excerpt-hellip\"> [\u2026]<\/span><\/p>\n","protected":false},"author":1,"featured_media":0,"parent":0,"menu_order":0,"comment_status":"closed","ping_status":"closed","template":"","meta":{"footnotes":""},"class_list":["post-358","page","type-page","status-publish","hentry"],"_links":{"self":[{"href":"https:\/\/www.theelthub.com\/fr\/wp-json\/wp\/v2\/pages\/358","targetHints":{"allow":["GET"]}}],"collection":[{"href":"https:\/\/www.theelthub.com\/fr\/wp-json\/wp\/v2\/pages"}],"about":[{"href":"https:\/\/www.theelthub.com\/fr\/wp-json\/wp\/v2\/types\/page"}],"author":[{"embeddable":true,"href":"https:\/\/www.theelthub.com\/fr\/wp-json\/wp\/v2\/users\/1"}],"replies":[{"embeddable":true,"href":"https:\/\/www.theelthub.com\/fr\/wp-json\/wp\/v2\/comments?post=358"}],"version-history":[{"count":7,"href":"https:\/\/www.theelthub.com\/fr\/wp-json\/wp\/v2\/pages\/358\/revisions"}],"predecessor-version":[{"id":2202,"href":"https:\/\/www.theelthub.com\/fr\/wp-json\/wp\/v2\/pages\/358\/revisions\/2202"}],"wp:attachment":[{"href":"https:\/\/www.theelthub.com\/fr\/wp-json\/wp\/v2\/media?parent=358"}],"curies":[{"name":"wp","href":"https:\/\/api.w.org\/{rel}","templated":true}]}}