{"id":350,"date":"2021-04-22T08:16:57","date_gmt":"2021-04-22T08:16:57","guid":{"rendered":"http:\/\/localhost:85\/?page_id=350"},"modified":"2025-12-29T15:28:15","modified_gmt":"2025-12-29T15:28:15","slug":"application-forms","status":"publish","type":"page","link":"https:\/\/www.theelthub.com\/fr\/application-forms\/","title":{"rendered":"Application Forms"},"content":{"rendered":"<h3 class=\"wp-block-heading\">Comment postuler \u00e0 l\u2019un de nos cours ?<\/h3>\n\n\n\n<p class=\"has-black-color has-text-color\">Veuillez t\u00e9l\u00e9charger le formulaire de candidature correspondant au cours auquel vous souhaitez vous inscrire (formulaire disponible en bas de cette page) et nous l\u2019envoyer par e-mail \u00e0 l\u2019adresse suivante :\u00a0<a href=\"mailto:info@theelthub.com\">info@theelthub.com<\/a>. Si vous n\u2019avez pas de signature \u00e9lectronique, pas de souci : il vous suffit de saisir votre nom. Nous pr\u00e9f\u00e9rons recevoir les formulaires au format Word ou PDF plut\u00f4t que des photos de documents manuscrits. Si vous r\u00e9sidez en France, veuillez consulter les instructions ci-dessous.<\/p>\n\n\n\n<h3 class=\"wp-block-heading\">Candidature et admission\u00a0<\/h3>\n\n\n\n<p>Si vous souhaitez faire acte de candidature pour une session de formation d\u00e9bouchant sur l\u2019obtention du CELTA, voici la proc\u00e9dure \u00e0 suivre :<\/p>\n\n\n\n<p>Sur le site internet de The ELT Hub, t\u00e9l\u00e9chargez le formulaire de candidature \u2018CELTA Application Form\u2019.<\/p>\n\n\n\n<p>Apr\u00e8s l\u2019avoir soigneusement compl\u00e9t\u00e9, accompagn\u00e9 d\u2019une photo d\u2019identit\u00e9 et r\u00e9dig\u00e9 votre \u2018Personal Statement sur une feuille annexe, envoyez votre \u2018CELTA Application Form\u2019 par e-mail \u00e0 l\u2019adresse suivante :\u00a0<a href=\"mailto:info@theelthub.com\">info@theelthub.com<\/a>\u00a0(la signature du document peut se faire par le biais d\u2019une signature \u00e9lectronique).<\/p>\n\n\n\n<p>A la r\u00e9ception de votre candidature, nous vous enverrons un document appel\u00e9 \u2018Pre-Interview Task\u2019 consistant en une t\u00e2che \u00e0 compl\u00e9ter et \u00e0 nous retourner par e-mail en vue de l\u2019entretien ult\u00e9rieur.<\/p>\n\n\n\n<p>Vous recevrez alors un e-mail pr\u00e9cisant la date, l\u2019heure et autres d\u00e9tails de l\u2019entretien avec un tuteur auquel vous serez convi\u00e9. Cet entretien, qui a g\u00e9n\u00e9ralement lieu en visio-conf\u00e9rence, dure au moins une heure. Principalement bas\u00e9 sur la t\u00e2che compl\u00e9t\u00e9e pr\u00e9alablement, il sera aussi pour vous l\u2019occasion d\u2019obtenir tous les renseignements relatifs \u00e0 la formation dont vous avez besoin.<\/p>\n\n\n\n<p>Peu apr\u00e8s l\u2019entretien, vous recevrez un e-mail vous informant si vous \u00eates retenu ou non pour l\u2019une de nos sessions de formation CELTA. En cas d\u2019admission, il vous sera demand\u00e9 de verser un acompte afin de s\u00e9curiser votre place pour la session de formation choisie.<\/p>\n\n\n\n<p>Notre \u00e9quipe administrative vous contactera avant le d\u00e9but de la formation pour le r\u00e8glement du reliquat des frais de formation, \u00e0 effectuer au plus tard le premier jour de la formation, sauf en cas de financement tiers.<\/p>\n\n\n\n<p>IMPORTANT&nbsp;:<\/p>\n\n\n\n<p>La formation CELTA est \u00e9ligible au CPF ainsi qu\u2019aux financements P\u00f4le Emploi et OPCA ainsi qu\u2019un certain financement accessible aux personnes en situation de handicap. CELTA est enregistr\u00e9 avec France Comp\u00e9tences comme \u00ab\u00a0<strong>Enseigner l\u2019anglais (CELTA)<\/strong>\u00a0\u00bb sur le R\u00e9pertoire Sp\u00e9cifique avec le code RS6547. Sa date d\u2019\u00e9ch\u00e9ance est le 27\/03\/2027 et le certificateur est Cambridge Assessment Overseas Limited. Notre \u00e9quipe administration vous fournira tous les documents n\u00e9cessaires \u00e0 la constitution du dossier de financement. Il est cependant essentiel de suivre la proc\u00e9dure de candidature et admission avant d\u2019entamer la moindre d\u00e9marche en vue d\u2019un financement tiers.<\/p>\n\n\n\n<div style=\"height:62px\" aria-hidden=\"true\" class=\"wp-block-spacer\"><\/div>\n\n\n\n<div class=\"wp-block-group is-layout-grid wp-container-core-group-is-layout-4d858cb8 wp-block-group-is-layout-grid\">\n<div class=\"wp-block-group bloc-application-forms has-background wp-container-content-e269605d\" style=\"background-color:#e1e7fe\"><div class=\"wp-block-group__inner-container is-layout-constrained wp-block-group-is-layout-constrained\">\n<h4 class=\"wp-block-heading has-text-align-center has-medium-font-size\">Formulaire CELTA<\/h4>\n\n\n\n<p class=\"has-text-align-center has-text-color has-link-color wp-elements-832a6f38e976b62c5d55e0d270657c83\" style=\"color:#78787a;font-size:10px\">Veuillez noter que nous exigeons<br>qu\u2019une photo soit jointe<br>au formulaire de candidature CELTA.<\/p>\n\n\n\n<div class=\"wp-block-file aligncenter\"><a href=\"https:\/\/www.theelthub.com\/wp-content\/uploads\/2024\/10\/celta-form.doc\" class=\"wp-block-file__button wp-element-button\" download>T\u00e9l\u00e9charger<\/a><\/div>\n<\/div><\/div>\n\n\n\n<div class=\"wp-block-group bloc-application-forms has-background wp-container-content-e269605d\" style=\"background-color:#e1e7fe\"><div class=\"wp-block-group__inner-container is-layout-constrained wp-block-group-is-layout-constrained\">\n<h4 class=\"wp-block-heading has-text-align-center has-medium-font-size\">Formulaire de candidature pour le dipl\u00f4me DipTESOL<br>(format Word)<\/h4>\n\n\n\n<div class=\"wp-block-file aligncenter\"><a href=\"https:\/\/www.theelthub.com\/wp-content\/uploads\/2021\/04\/DipTESOL-form.doc\" class=\"wp-block-file__button wp-element-button\" download>T\u00e9l\u00e9charger<\/a><\/div>\n<\/div><\/div>\n\n\n\n<div class=\"wp-block-group bloc-application-forms has-background wp-container-content-e269605d\" style=\"background-color:#e1e7fe\"><div class=\"wp-block-group__inner-container is-layout-constrained wp-block-group-is-layout-constrained\">\n<h4 class=\"wp-block-heading has-text-align-center has-medium-font-size\">Formulaire de candidature TYLEC (format Word)<\/h4>\n\n\n\n<div class=\"wp-block-file aligncenter\"><a href=\"https:\/\/www.theelthub.com\/wp-content\/uploads\/2021\/04\/tylec-form.doc\" class=\"wp-block-file__button wp-element-button\" download>T\u00e9l\u00e9charger<\/a><\/div>\n<\/div><\/div>\n\n\n\n<div class=\"wp-block-group bloc-application-forms has-background wp-container-content-e269605d\" style=\"background-color:#e1e7fe\"><div class=\"wp-block-group__inner-container is-layout-constrained wp-block-group-is-layout-constrained\">\n<h4 class=\"wp-block-heading has-text-align-center has-medium-font-size\">Formulaire de candidature pour le<br>certificat Trinity CertPT<br>en m\u00e9thodes et ressources<br>p\u00e9dagogiques communicatives<br>(format Word)<\/h4>\n\n\n\n<div class=\"wp-block-file aligncenter\"><a href=\"https:\/\/www.theelthub.com\/wp-content\/uploads\/2022\/03\/Trinity-CertPT-in-Communicative-Methods-and-Materials-Design-application-form.doc\" class=\"wp-block-file__button wp-element-button\" download>T\u00e9l\u00e9charger<\/a><\/div>\n<\/div><\/div>\n<\/div>\n\n\n\n<div style=\"height:9px\" aria-hidden=\"true\" class=\"wp-block-spacer bloc-application-forms\"><\/div>\n\n\n\n<div class=\"wp-block-group is-layout-grid wp-container-core-group-is-layout-cf068345 wp-block-group-is-layout-grid\">\n<div class=\"wp-block-group bloc-application-forms has-background wp-container-content-a7057f16\" style=\"background-color:#e1e7fe\"><div class=\"wp-block-group__inner-container is-layout-constrained wp-block-group-is-layout-constrained\">\n<h4 class=\"wp-block-heading has-text-align-center has-medium-font-size\">Formulaire d\u2019inscription DCL<br>(format Word)<\/h4>\n\n\n\n<div class=\"wp-block-file aligncenter\"><a href=\"https:\/\/www.theelthub.com\/wp-content\/uploads\/2022\/03\/DCL-formulaire-dinscription.doc\" class=\"wp-block-file__button wp-element-button\" download>T\u00e9l\u00e9charger<\/a><\/div>\n<\/div><\/div>\n\n\n\n<div class=\"wp-block-group bloc-application-forms has-background wp-container-content-a7057f16\" style=\"background-color:#e1e7fe\"><div class=\"wp-block-group__inner-container is-layout-constrained wp-block-group-is-layout-constrained\">\n<h4 class=\"wp-block-heading has-text-align-center has-medium-font-size\">Formulaire de candidature pour le<br>certificat Trinity CertPT en EMI<br>(format Word)<\/h4>\n\n\n\n<div class=\"wp-block-file aligncenter\"><a href=\"https:\/\/www.theelthub.com\/wp-content\/uploads\/2022\/03\/Trinity-CertPT-in-EMI-application-form.doc\" class=\"wp-block-file__button wp-element-button\" download>T\u00e9l\u00e9charger<\/a><\/div>\n<\/div><\/div>\n\n\n\n<div class=\"wp-block-group bloc-application-forms has-background wp-container-content-a7057f16\" style=\"background-color:#e1e7fe\"><div class=\"wp-block-group__inner-container is-layout-constrained wp-block-group-is-layout-constrained\">\n<h4 class=\"wp-block-heading has-text-align-center has-medium-font-size\">DCL \u2013 formulaire d\u2019inscription<br>(PDF)<\/h4>\n\n\n\n<div class=\"wp-block-file aligncenter\"><a href=\"https:\/\/www.theelthub.com\/wp-content\/uploads\/2022\/03\/DCL-formulaire-dinscription.pdf\" class=\"wp-block-file__button wp-element-button\" download>T\u00e9l\u00e9charger<\/a><\/div>\n<\/div><\/div>\n<\/div>","protected":false},"excerpt":{"rendered":"<p>Applying for one of our courses Please download an application form from the forms at the bottom of this page that corresponds to the course you\u2019re<span class=\"excerpt-hellip\"> [\u2026]<\/span><\/p>\n","protected":false},"author":1,"featured_media":0,"parent":0,"menu_order":0,"comment_status":"closed","ping_status":"closed","template":"","meta":{"footnotes":""},"class_list":["post-350","page","type-page","status-publish","hentry"],"_links":{"self":[{"href":"https:\/\/www.theelthub.com\/fr\/wp-json\/wp\/v2\/pages\/350","targetHints":{"allow":["GET"]}}],"collection":[{"href":"https:\/\/www.theelthub.com\/fr\/wp-json\/wp\/v2\/pages"}],"about":[{"href":"https:\/\/www.theelthub.com\/fr\/wp-json\/wp\/v2\/types\/page"}],"author":[{"embeddable":true,"href":"https:\/\/www.theelthub.com\/fr\/wp-json\/wp\/v2\/users\/1"}],"replies":[{"embeddable":true,"href":"https:\/\/www.theelthub.com\/fr\/wp-json\/wp\/v2\/comments?post=350"}],"version-history":[{"count":53,"href":"https:\/\/www.theelthub.com\/fr\/wp-json\/wp\/v2\/pages\/350\/revisions"}],"predecessor-version":[{"id":2208,"href":"https:\/\/www.theelthub.com\/fr\/wp-json\/wp\/v2\/pages\/350\/revisions\/2208"}],"wp:attachment":[{"href":"https:\/\/www.theelthub.com\/fr\/wp-json\/wp\/v2\/media?parent=350"}],"curies":[{"name":"wp","href":"https:\/\/api.w.org\/{rel}","templated":true}]}}