{"id":344,"date":"2021-04-22T08:11:57","date_gmt":"2021-04-22T08:11:57","guid":{"rendered":"http:\/\/localhost:85\/?page_id=344"},"modified":"2025-12-29T14:40:26","modified_gmt":"2025-12-29T14:40:26","slug":"tkt-content","status":"publish","type":"page","link":"https:\/\/www.theelthub.com\/fr\/the-tkt-teaching-knowledge-test\/tkt-content\/","title":{"rendered":"Contenu TKT"},"content":{"rendered":"<p><strong>Module 1 du TKT : Contexte de l\u2019enseignement des langues<\/strong><\/p>\n\n\n\n<p><strong>Qu\u2019est-ce que le test TKT : Module 1 \u00e9value ?<\/strong><\/p>\n\n\n\n<p>Ce module teste vos connaissances sur les\u00a0&nbsp;<strong>termes et concepts li\u00e9s \u00e0 l\u2019enseignement de la langue anglaise.<\/strong>Il se concentre sur<strong> les facteurs qui influencent l\u2019apprentissage de l\u2019anglais.<\/strong>.<\/p>\n\n\n\n<p><strong>Le test<\/strong><br>TKT : Le module 1 comporte un seul examen \u00e9crit. Il dure 1 heure 20 minutes et comprend 80 questions. L\u2019examen est divis\u00e9 en trois parties :<\/p>\n\n\n\n<ul class=\"wp-block-list\">\n<li>D\u00e9crire les langues et les comp\u00e9tences linguistiques (40 questions)<\/li>\n\n\n\n<li>Contexte relatif \u00e0 l\u2019apprentissage des langues (15 questions)<\/li>\n\n\n\n<li>Contexte de l\u2019enseignement des langues (25 questions).<\/li>\n<\/ul>\n\n\n\n<p><strong>Module deux du TKT : Planification de l\u2019enseignement des langues<\/strong><\/p>\n\n\n\n<p><strong>Qu\u2019est-ce que le test TKT : Module 2 \u00e9value-t-il ?<\/strong><br>Ce module se concentre sur les connaissances et les comp\u00e9tences n\u00e9cessaires pour planifier une le\u00e7on ou une s\u00e9rie de le\u00e7ons.<\/p>\n\n\n\n<p>Ce module aborde \u00e9galement le sujet de l\u2019\u00e9valuation et pr\u00e9sente des ressources utiles pour la pr\u00e9paration de vos cours.<\/p>\n\n\n\n<p><strong>Le test<\/strong><br>TKT : Le module 2 comporte une seule \u00e9preuve. Elle dure 1 heure 20 et comprend 80 questions. L\u2019examen est divis\u00e9 en deux parties :<\/p>\n\n\n\n<ul class=\"wp-block-list\">\n<li>Planification et pr\u00e9paration d\u2019une le\u00e7on ou d\u2019une s\u00e9rie de le\u00e7ons (40 questions)<\/li>\n\n\n\n<li>s\u00e9lection et utilisation des ressources (40 questions).<\/li>\n<\/ul>\n\n\n\n<p><strong>Module trois du TKT : Gestion de classe<\/strong><\/p>\n\n\n\n<p><strong>Qu\u2019est-ce que le test TKT : Module 3 \u00e9value ?<\/strong><br>Ce module teste :<\/p>\n\n\n\n<ul class=\"wp-block-list\">\n<li>connaissance des processus d\u2019apprentissage des langues qui se d\u00e9roulent en classe<\/li>\n\n\n\n<li>le r\u00f4le du professeur dans la gestion de classe<\/li>\n\n\n\n<li>m\u00e9thodes utilis\u00e9es pour g\u00e9rer et optimiser les interactions en classe.<\/li>\n<\/ul>\n\n\n\n<p><strong>Le test<\/strong><br>TKT : Le module 3 comprend un seul examen \u00e9crit. Il dure 1 heure 20 minutes et comporte 80 questions. L\u2019examen est divis\u00e9 en deux parties :<\/p>\n\n\n\n<ul class=\"wp-block-list\">\n<li>Le langage utilis\u00e9 par les enseignants et les \u00e9l\u00e8ves en classe (40 questions)<\/li>\n\n\n\n<li>gestion de classe (40 questions)<\/li>\n<\/ul>\n\n\n\n<p><strong>Le module TKT CLIL<\/strong><\/p>\n\n\n\n<p><strong>Qu\u2019est-ce que TKT: CLIL ?<\/strong><br>TKT : Le test CLIL \u00e9value la <strong>compr\u00e9hension des mati\u00e8res du programme scolaire enseign\u00e9es dans une langue \u00e9trang\u00e8re (deuxi\u00e8me ou troisi\u00e8me langue).<\/strong><\/p>\n\n\n\n<p><strong>Qu\u2019est-ce que le test TKT: CLIL ?<\/strong><br>Le test TKT: CLIL \u00e9value les <strong>connaissances relatives \u00e0 l\u2019enseignement des mati\u00e8res dans la langue cible,<\/strong>ainsi que <strong>les comp\u00e9tences d\u2019apprentissage,<\/strong>de<strong> r\u00e9flexion et linguistiques <\/strong>d\u00e9velopp\u00e9es dans le cadre des diff\u00e9rents programmes d\u2019\u00e9tudes. Il \u00e9value \u00e9galement les comp\u00e9tences en mati\u00e8re de planification des cours, la <strong>compr\u00e9hension des activit\u00e9s et des ressources n\u00e9cessaires<\/strong> pour mettre en \u0153uvre une approche CLIL, ainsi que les <strong>comp\u00e9tences li\u00e9es \u00e0 la conduite des cours et aux modalit\u00e9s d\u2019\u00e9valuation<\/strong> dans ce contexte.<\/p>\n\n\n\n<p><strong>Le test<\/strong><br>Le test TKT : CLIL se compose d\u2019une seule \u00e9preuve. Elle dure 1 heure 20 et comporte 80 questions. Le test est divis\u00e9 en quatre parties :<\/p>\n\n\n\n<ul class=\"wp-block-list\">\n<li>connaissance des principes du CLIL<\/li>\n\n\n\n<li>pr\u00e9paration des le\u00e7ons dans un contexte CLIL<\/li>\n\n\n\n<li>d\u00e9livrer la le\u00e7on<\/li>\n\n\n\n<li>\u00e9valuation.<\/li>\n<\/ul>","protected":false},"excerpt":{"rendered":"<p>TKT Module One : Background to language teaching What does TKT: Module 1 test? This module tests your knowledge of the&nbsp;terms and concepts of English language<span class=\"excerpt-hellip\"> [\u2026]<\/span><\/p>\n","protected":false},"author":1,"featured_media":0,"parent":338,"menu_order":0,"comment_status":"closed","ping_status":"closed","template":"","meta":{"footnotes":""},"class_list":["post-344","page","type-page","status-publish","hentry"],"_links":{"self":[{"href":"https:\/\/www.theelthub.com\/fr\/wp-json\/wp\/v2\/pages\/344","targetHints":{"allow":["GET"]}}],"collection":[{"href":"https:\/\/www.theelthub.com\/fr\/wp-json\/wp\/v2\/pages"}],"about":[{"href":"https:\/\/www.theelthub.com\/fr\/wp-json\/wp\/v2\/types\/page"}],"author":[{"embeddable":true,"href":"https:\/\/www.theelthub.com\/fr\/wp-json\/wp\/v2\/users\/1"}],"replies":[{"embeddable":true,"href":"https:\/\/www.theelthub.com\/fr\/wp-json\/wp\/v2\/comments?post=344"}],"version-history":[{"count":4,"href":"https:\/\/www.theelthub.com\/fr\/wp-json\/wp\/v2\/pages\/344\/revisions"}],"predecessor-version":[{"id":2189,"href":"https:\/\/www.theelthub.com\/fr\/wp-json\/wp\/v2\/pages\/344\/revisions\/2189"}],"up":[{"embeddable":true,"href":"https:\/\/www.theelthub.com\/fr\/wp-json\/wp\/v2\/pages\/338"}],"wp:attachment":[{"href":"https:\/\/www.theelthub.com\/fr\/wp-json\/wp\/v2\/media?parent=344"}],"curies":[{"name":"wp","href":"https:\/\/api.w.org\/{rel}","templated":true}]}}