{"id":342,"date":"2021-04-22T08:10:59","date_gmt":"2021-04-22T08:10:59","guid":{"rendered":"http:\/\/localhost:85\/?page_id=342"},"modified":"2025-12-29T14:38:49","modified_gmt":"2025-12-29T14:38:49","slug":"tkt-preparation-with-the-elt-hub","status":"publish","type":"page","link":"https:\/\/www.theelthub.com\/fr\/the-tkt-teaching-knowledge-test\/tkt-preparation-with-the-elt-hub\/","title":{"rendered":"Pr\u00e9paration au TKT avec The ELT Hub"},"content":{"rendered":"<p><strong>Comment fonctionne le programme :<\/strong><\/p>\n\n\n\n<p><em>Pr\u00e9paration en ligne pour les modules 1, 2 et 3 du TKT :<\/em><\/p>\n\n\n\n<p>Vous travaillerez en petits groupes (maximum six personnes par groupe) en utilisant le programme en ligne TKT de l\u2019Universit\u00e9 de Cambridge. Vos travaux seront encadr\u00e9s par un formateur \u00e0 distance certifi\u00e9 par Cambridge.<\/p>\n\n\n\n<p>Vous devrez soumettre vos devoirs et vos projets au tuteur pour obtenir ses commentaires. Vous pourrez \u00e9galement participer \u00e0 des s\u00e9minaires en ligne avec votre groupe, anim\u00e9s par votre tuteur.<\/p>\n\n\n\n<p>Vous pouvez passer le test de connaissances p\u00e9dagogiques ici \u00e0 Strasbourg ou dans un autre centre agr\u00e9\u00e9 Cambridge situ\u00e9 n\u2019importe o\u00f9 dans le monde.<\/p>\n\n\n\n<p>Le programme de pr\u00e9paration en ligne se d\u00e9roulera sur une p\u00e9riode de six mois. Il sera possible de le prolonger si le groupe en convient avec le formateur.<\/p>\n\n\n\n<p><em>Le module TKT CLIL :<\/em><\/p>\n\n\n\n<p>Un accompagnement sp\u00e9cifique en ligne et sur place peut \u00eatre propos\u00e9 aux personnes souhaitant suivre le module CLIL et travaillant d\u00e9j\u00e0 dans un \u00e9tablissement scolaire ou universitaire. Contactez-nous pour plus d\u2019informations.<\/p>\n\n\n\n<div class=\"wp-block-buttons is-layout-flex wp-block-buttons-is-layout-flex\">\n<div class=\"wp-block-button\"><a class=\"wp-block-button__link has-vivid-cyan-blue-background-color has-background wp-element-button\" href=\"http:\/\/www.theelthub.com\/fr\/contact\/\">Contactez-moi<\/a><\/div>\n<\/div>","protected":false},"excerpt":{"rendered":"<p>How the programme works: Online preparation for Module One, Two and Three of the TKT: You will work in small groups (no more than six to<span class=\"excerpt-hellip\"> [\u2026]<\/span><\/p>\n","protected":false},"author":1,"featured_media":0,"parent":338,"menu_order":0,"comment_status":"closed","ping_status":"closed","template":"","meta":{"footnotes":""},"class_list":["post-342","page","type-page","status-publish","hentry"],"_links":{"self":[{"href":"https:\/\/www.theelthub.com\/fr\/wp-json\/wp\/v2\/pages\/342","targetHints":{"allow":["GET"]}}],"collection":[{"href":"https:\/\/www.theelthub.com\/fr\/wp-json\/wp\/v2\/pages"}],"about":[{"href":"https:\/\/www.theelthub.com\/fr\/wp-json\/wp\/v2\/types\/page"}],"author":[{"embeddable":true,"href":"https:\/\/www.theelthub.com\/fr\/wp-json\/wp\/v2\/users\/1"}],"replies":[{"embeddable":true,"href":"https:\/\/www.theelthub.com\/fr\/wp-json\/wp\/v2\/comments?post=342"}],"version-history":[{"count":5,"href":"https:\/\/www.theelthub.com\/fr\/wp-json\/wp\/v2\/pages\/342\/revisions"}],"predecessor-version":[{"id":2187,"href":"https:\/\/www.theelthub.com\/fr\/wp-json\/wp\/v2\/pages\/342\/revisions\/2187"}],"up":[{"embeddable":true,"href":"https:\/\/www.theelthub.com\/fr\/wp-json\/wp\/v2\/pages\/338"}],"wp:attachment":[{"href":"https:\/\/www.theelthub.com\/fr\/wp-json\/wp\/v2\/media?parent=342"}],"curies":[{"name":"wp","href":"https:\/\/api.w.org\/{rel}","templated":true}]}}