{"id":338,"date":"2021-04-22T08:08:18","date_gmt":"2021-04-22T08:08:18","guid":{"rendered":"http:\/\/localhost:85\/?page_id=338"},"modified":"2025-12-29T14:35:46","modified_gmt":"2025-12-29T14:35:46","slug":"the-tkt-teaching-knowledge-test","status":"publish","type":"page","link":"https:\/\/www.theelthub.com\/fr\/the-tkt-teaching-knowledge-test\/","title":{"rendered":"TKT &#8211; The TKT (Teaching Knowledge Test)"},"content":{"rendered":"<p>Le test TKT (Teaching Knowledge Test) est id\u00e9al si vous :<\/p>\n\n\n\n<ul class=\"wp-block-list\">\n<li><strong>Vous enseignez d\u00e9j\u00e0,<\/strong>mais vous souhaitez obtenir <strong>une certification internationalement reconnue<\/strong> afin de b\u00e9n\u00e9ficier d\u2019une <strong>reconnaissance officielle <\/strong>de votre exp\u00e9rience.<\/li>\n\n\n\n<li>Vous souhaitez <strong>am\u00e9liorer vos perspectives de carri\u00e8re<\/strong> en \u00e9largissant votre exp\u00e9rience d\u2019enseignement \u00e0 des <strong>domaines sp\u00e9cialis\u00e9s<\/strong> ?<\/li>\n\n\n\n<li>Vous souhaitez <strong>actualiser<\/strong> vos comp\u00e9tences p\u00e9dagogiques ?<\/li>\n<\/ul>\n\n\n\n<p>La pr\u00e9paration au test TKT <strong>renforce la confiance en soi<\/strong> des enseignants et leur permet d\u2019acqu\u00e9rir les connaissances et les comp\u00e9tences n\u00e9cessaires pour <strong>d\u00e9velopper leur carri\u00e8re<\/strong>. Ce test est accessible \u00e0 tous, <strong>quel que soit leur parcours professionnel<\/strong> de <strong>exp\u00e9rience d\u2019enseignement<\/strong>. Aucun niveau d\u2019anglais sp\u00e9cifique n\u2019est requis pour le passer.<\/p>\n\n\n\n<p>Le programme TKT est <strong>modulable et flexible,<\/strong>ce qui vous permet d\u2019adapter vos \u00e9tudes \u00e0 votre travail et \u00e0 vos autres engagements. Vous pouvez suivre les modules <strong>\u00e0 votre rythme, selon vos disponibilit\u00e9s<\/strong>.<\/p>\n\n\n\n<p>Outre l\u2019enseignement des <strong>principes fondamentaux des bonnes pratiques p\u00e9dagogiques,<\/strong>a pr\u00e9paration au TKT peut \u00eatre <strong>adapt\u00e9e \u00e0 vos besoins sp\u00e9cifiques en mati\u00e8re d\u2019enseignement.<\/strong>Les centres de pr\u00e9paration au TKT peuvent \u00e9laborer leur propre programme p\u00e9dagogique en fonction des sp\u00e9cificit\u00e9s de leur contexte d\u2019enseignement local.<\/p>\n\n\n\n<p>Le TKT est d\u00e9livr\u00e9 par Cambridge English Language Assessment, qui d\u00e9pend de l\u2019 <strong>Universit\u00e9 de Cambridge.<\/strong>Il est <strong>reconnu au niveau international,<\/strong>, <strong>tr\u00e8s bien consid\u00e9r\u00e9<\/strong> et constitue une <strong>r\u00e9f\u00e9rence en mati\u00e8re de qualit\u00e9.<\/strong>.<\/p>","protected":false},"excerpt":{"rendered":"<p>TKT (Teaching Knowledge Test) is ideal if you: Preparing for TKT will improve your confidence as a teacher and give you the knowledge and skills to<span class=\"excerpt-hellip\"> [\u2026]<\/span><\/p>\n","protected":false},"author":1,"featured_media":0,"parent":0,"menu_order":0,"comment_status":"closed","ping_status":"closed","template":"","meta":{"footnotes":""},"class_list":["post-338","page","type-page","status-publish","hentry"],"_links":{"self":[{"href":"https:\/\/www.theelthub.com\/fr\/wp-json\/wp\/v2\/pages\/338","targetHints":{"allow":["GET"]}}],"collection":[{"href":"https:\/\/www.theelthub.com\/fr\/wp-json\/wp\/v2\/pages"}],"about":[{"href":"https:\/\/www.theelthub.com\/fr\/wp-json\/wp\/v2\/types\/page"}],"author":[{"embeddable":true,"href":"https:\/\/www.theelthub.com\/fr\/wp-json\/wp\/v2\/users\/1"}],"replies":[{"embeddable":true,"href":"https:\/\/www.theelthub.com\/fr\/wp-json\/wp\/v2\/comments?post=338"}],"version-history":[{"count":5,"href":"https:\/\/www.theelthub.com\/fr\/wp-json\/wp\/v2\/pages\/338\/revisions"}],"predecessor-version":[{"id":2182,"href":"https:\/\/www.theelthub.com\/fr\/wp-json\/wp\/v2\/pages\/338\/revisions\/2182"}],"wp:attachment":[{"href":"https:\/\/www.theelthub.com\/fr\/wp-json\/wp\/v2\/media?parent=338"}],"curies":[{"name":"wp","href":"https:\/\/api.w.org\/{rel}","templated":true}]}}