{"id":335,"date":"2021-04-22T08:06:26","date_gmt":"2021-04-22T08:06:26","guid":{"rendered":"http:\/\/localhost:85\/?page_id=335"},"modified":"2025-12-29T12:58:16","modified_gmt":"2025-12-29T12:58:16","slug":"diptesol-info","status":"publish","type":"page","link":"https:\/\/www.theelthub.com\/fr\/diptesol\/diptesol-info\/","title":{"rendered":"DipTESOL &#8211; info"},"content":{"rendered":"<h3 class=\"wp-block-heading\"><br>SERVICE DE CARRI\u00c8RE<\/h3>\n\n\n\n<p>\u2022 Nous nous engageons \u00e0 accompagner nos dipl\u00f4m\u00e9s tout au long de leur carri\u00e8re. Nous vous offrons un soutien personnalis\u00e9 avant, pendant et apr\u00e8s la formation pour vous aider \u00e0 trouver un emploi, si tel est votre objectif.<\/p>\n\n\n\n<p>\u2022 Depuis 2010, nous avons accompagn\u00e9 des centaines de nos dipl\u00f4m\u00e9s dans leur recherche d\u2019emploi \u00e0 travers le monde.<\/p>\n\n\n\n<p>\u2022 Restez en contact avec notre communaut\u00e9 d\u2019enseignants, de formateurs et de dipl\u00f4m\u00e9s en rejoignant notre groupe Facebook \u00ab ELT Hub \u00bb.<\/p>\n\n\n\n<h3 class=\"wp-block-heading\"><br>WHO IS THIS COURSE FOR ?<\/h3>\n\n\n\n<p>Le dipl\u00f4me DipTESOL de Trinity est destin\u00e9 aux enseignants d\u2019anglais (y compris les enseignants du primaire et du secondaire) qui\u2026<\/p>\n\n\n\n<p>\u2022 poss\u00e8dent au moins deux ans d\u2019exp\u00e9rience \u00e0 temps plein (ou l\u2019\u00e9quivalent de 960 heures).<br>\u2022 travaillent dans le secteur public ou priv\u00e9 (\u00e9coles de langues, universit\u00e9s, ou en tant que professeurs ind\u00e9pendants).<br>\u2022 souhaitent obtenir une qualification professionnelle avanc\u00e9e en enseignement de l\u2019anglais.<\/p>\n\n\n\n<h3 class=\"wp-block-heading\">FRAIS DE FORMATION<\/h3>\n\n\n\n<p>Les frais de formation s\u2019\u00e9l\u00e8vent \u00e0 3\u00a0000 \u20ac et comprennent les frais d\u2019inscription aux examens de Trinity College.<\/p>\n\n\n\n<p>Le paiement peut \u00eatre \u00e9chelonn\u00e9. Pour plus d\u2019informations, veuillez contacter Jane Ryder \u00e0 <a href=\"mailto:jane.ryder@theelthub.com\">jane.ryder@theelthub.com<\/a>.<\/p>\n\n\n\n<p>Pour toute demande de financement en France (FIFPL ou OPCA), veuillez \u00e9galement contacter Jane Ryder \u00e0 <a href=\"mailto:jane.ryder@theelthub.com\">jane.ryder@theelthub.com<\/a><\/p>","protected":false},"excerpt":{"rendered":"<p>CAREERS SERVICE \u2022 We are committed to providing our graduates with the best lifelong careers support possible. We work with you before, during and after the<span class=\"excerpt-hellip\"> [\u2026]<\/span><\/p>\n","protected":false},"author":1,"featured_media":0,"parent":324,"menu_order":2,"comment_status":"closed","ping_status":"closed","template":"","meta":{"footnotes":""},"class_list":["post-335","page","type-page","status-publish","hentry"],"_links":{"self":[{"href":"https:\/\/www.theelthub.com\/fr\/wp-json\/wp\/v2\/pages\/335","targetHints":{"allow":["GET"]}}],"collection":[{"href":"https:\/\/www.theelthub.com\/fr\/wp-json\/wp\/v2\/pages"}],"about":[{"href":"https:\/\/www.theelthub.com\/fr\/wp-json\/wp\/v2\/types\/page"}],"author":[{"embeddable":true,"href":"https:\/\/www.theelthub.com\/fr\/wp-json\/wp\/v2\/users\/1"}],"replies":[{"embeddable":true,"href":"https:\/\/www.theelthub.com\/fr\/wp-json\/wp\/v2\/comments?post=335"}],"version-history":[{"count":4,"href":"https:\/\/www.theelthub.com\/fr\/wp-json\/wp\/v2\/pages\/335\/revisions"}],"predecessor-version":[{"id":2154,"href":"https:\/\/www.theelthub.com\/fr\/wp-json\/wp\/v2\/pages\/335\/revisions\/2154"}],"up":[{"embeddable":true,"href":"https:\/\/www.theelthub.com\/fr\/wp-json\/wp\/v2\/pages\/324"}],"wp:attachment":[{"href":"https:\/\/www.theelthub.com\/fr\/wp-json\/wp\/v2\/media?parent=335"}],"curies":[{"name":"wp","href":"https:\/\/api.w.org\/{rel}","templated":true}]}}