{"id":330,"date":"2021-04-22T08:00:34","date_gmt":"2021-04-22T08:00:34","guid":{"rendered":"http:\/\/localhost:85\/?page_id=330"},"modified":"2025-12-29T12:42:19","modified_gmt":"2025-12-29T12:42:19","slug":"our-programme","status":"publish","type":"page","link":"https:\/\/www.theelthub.com\/fr\/diptesol\/our-programme\/","title":{"rendered":"DipTESOL &#8211; Our programme"},"content":{"rendered":"<h3 class=\"wp-block-heading\"><br>1 : LA PHASE EN LIGNE<\/h3>\n\n\n\n<p>\u2022 Douze mois de formation en ligne sur notre plateforme Moodle personnalis\u00e9e, en groupe de 12 participants maximum, avec l\u2019accompagnement de notre \u00e9quipe de formateurs. Vous participerez \u00e0 des forums, des webinaires, des cours en visioconf\u00e9rence et des \u00e9changes par e-mail avec vos pairs et les formateurs.<\/p>\n\n\n\n<p>\u2022 Trente-six modules d\u2019une semaine chacun (avec des p\u00e9riodes de repos entre les modules), anim\u00e9s par un membre de notre \u00e9quipe de formateurs. Votre participation r\u00e9guli\u00e8re est attendue, mais le rythme est flexible : vous pouvez acc\u00e9der au cours \u00e0 tout moment de la semaine, selon votre emploi du temps.<\/p>\n\n\n\n<p>\u2022 Des devoirs r\u00e9guliers pour vous pr\u00e9parer efficacement aux examens et des retours personnalis\u00e9s de votre formateur, vous permettant de suivre vos progr\u00e8s et de comparer vos performances aux crit\u00e8res de Trinity.<\/p>\n\n\n\n<p>\u2022 Possibilit\u00e9 de commencer \u00e0 tout moment de l\u2019ann\u00e9e.<\/p>\n\n\n\n<p><strong>Que vais-je apprendre pendant la phase en ligne ?<\/strong><\/p>\n\n\n\n<p>Notre objectif est de proposer un programme dynamique et pratique, adapt\u00e9 aux besoins des participants. Votre travail d\u2019\u00e9tude guid\u00e9e sera compl\u00e9t\u00e9 par des activit\u00e9s pratiques \u00e0 appliquer en classe. Avec une \u00e9quipe de formateurs exp\u00e9riment\u00e9s et qualifi\u00e9s, les modules en ligne vous permettront d\u2019approfondir vos connaissances th\u00e9oriques et pratiques tout en vous pr\u00e9parant aux quatre unit\u00e9s d\u2019\u00e9valuation du dipl\u00f4me DipTESOL de Trinity :<br><br>\u2022&nbsp;<strong>Unit\u00e9 1 :<\/strong> D\u00e9veloppement professionnel et sensibilisation linguistique<br><br>\u2022&nbsp;<strong>Unit\u00e9 2 :<\/strong> Projets de recherche<br><br>\u2022&nbsp;<strong>Unit\u00e9 3 :<\/strong> Phonologie<br><br>\u2022&nbsp;<strong>Unit\u00e9 4 :<\/strong> Pratique p\u00e9dagogique<br><br>Dans le cadre du d\u00e9veloppement de la p\u00e9dagogie en ligne, nous proposons de dispenser au moins la moiti\u00e9 des s\u00e9ances d\u2019\u00e9valuation avec vos propres \u00e9l\u00e8ves, en pr\u00e9sentiel ou en ligne. Ces s\u00e9ances seront \u00e9valu\u00e9es en direct ou par enregistrement vid\u00e9o.<\/p>\n\n\n\n<h3 class=\"wp-block-heading\">2 : LA PHASE EN PR\u00c9SENTIEL<\/h3>\n\n\n\n<p>Elle suit la phase en ligne. Deux semaines en pr\u00e9sentiel \u00e0 Lyon, Strasbourg ou en Bretagne, ou 100 % en ligne en cas de confinement (Covid-19). Plusieurs dates sont propos\u00e9es. Cette phase comprend :<\/p>\n\n\n\n<p>\u2022 La pratique p\u00e9dagogique : pr\u00e9paration des cours, observation et retour des formateurs.<\/p>\n\n\n\n<p>\u2022 Du temps de travail individuel et collectif avec le soutien des formateurs. Vous passerez un ou deux examens internes et un examen externe avec un examinateur de Trinity. Vous aurez \u00e9galement l\u2019occasion de donner des cours sans \u00eatre \u00e9valu\u00e9, pour mieux conna\u00eetre vos \u00e9l\u00e8ves et b\u00e9n\u00e9ficier des conseils des formateurs.<\/p>\n\n\n\n<p>\u2022 \u00c9valuation externe de la phonologie et de la pratique p\u00e9dagogique par un examinateur de Trinity.<\/p>\n\n\n\n<p>\u2022 Au total, votre s\u00e9jour d\u2019\u00e9tudes \u00e0 l\u2019\u00e9cole durera 3 semaines.<\/p>\n\n\n\n<p>\u2022 Des options sont disponibles en fonction de l\u2019emplacement.<\/p>","protected":false},"excerpt":{"rendered":"<p>1 : THE ONLINE PHASE \u2022 Twelve months online training via our custom designed Moodle platform with a group of up to 12 fellow teachers and<span class=\"excerpt-hellip\"> [\u2026]<\/span><\/p>\n","protected":false},"author":1,"featured_media":0,"parent":324,"menu_order":1,"comment_status":"closed","ping_status":"closed","template":"","meta":{"footnotes":""},"class_list":["post-330","page","type-page","status-publish","hentry"],"_links":{"self":[{"href":"https:\/\/www.theelthub.com\/fr\/wp-json\/wp\/v2\/pages\/330","targetHints":{"allow":["GET"]}}],"collection":[{"href":"https:\/\/www.theelthub.com\/fr\/wp-json\/wp\/v2\/pages"}],"about":[{"href":"https:\/\/www.theelthub.com\/fr\/wp-json\/wp\/v2\/types\/page"}],"author":[{"embeddable":true,"href":"https:\/\/www.theelthub.com\/fr\/wp-json\/wp\/v2\/users\/1"}],"replies":[{"embeddable":true,"href":"https:\/\/www.theelthub.com\/fr\/wp-json\/wp\/v2\/comments?post=330"}],"version-history":[{"count":6,"href":"https:\/\/www.theelthub.com\/fr\/wp-json\/wp\/v2\/pages\/330\/revisions"}],"predecessor-version":[{"id":2152,"href":"https:\/\/www.theelthub.com\/fr\/wp-json\/wp\/v2\/pages\/330\/revisions\/2152"}],"up":[{"embeddable":true,"href":"https:\/\/www.theelthub.com\/fr\/wp-json\/wp\/v2\/pages\/324"}],"wp:attachment":[{"href":"https:\/\/www.theelthub.com\/fr\/wp-json\/wp\/v2\/media?parent=330"}],"curies":[{"name":"wp","href":"https:\/\/api.w.org\/{rel}","templated":true}]}}