{"id":324,"date":"2021-04-21T08:50:30","date_gmt":"2021-04-21T08:50:30","guid":{"rendered":"http:\/\/localhost:85\/?page_id=324"},"modified":"2025-12-29T12:38:45","modified_gmt":"2025-12-29T12:38:45","slug":"diptesol","status":"publish","type":"page","link":"https:\/\/www.theelthub.com\/fr\/diptesol\/","title":{"rendered":"DipTESOL"},"content":{"rendered":"<h3 class=\"wp-block-heading\"><br>Dipl\u00f4me de licence en TESOL (Enseignement de l\u2019anglais aux non-anglophones) du Trinity College London<\/h3>\n\n\n\n<p>Le Dipl\u00f4me en enseignement de l\u2019anglais aux non-anglophones (DipTESOL) est \u00e9quivalent au Cambridge DELTA et constitue une qualification prestigieuse et reconnue internationalement pour les enseignants exp\u00e9riment\u00e9s d\u2019anglais langue \u00e9trang\u00e8re (FLE). Contrairement au Cambridge DELTA, le DipTESOL du Trinity accorde une importance particuli\u00e8re \u00e0 la phon\u00e9tique, et toutes les unit\u00e9s du programme sont dispens\u00e9es simultan\u00e9ment, vous permettant ainsi de commencer vos projets de recherche d\u00e8s le d\u00e9but.<\/p>\n\n\n\n<p>Pour la partie pratique du cours (observation de vos cours), vous b\u00e9n\u00e9ficiez d\u2019une grande flexibilit\u00e9 : vous pouvez soit \u00eatre \u00e9valu\u00e9 \u00e0 distance, soit vous rendre dans l\u2019un de nos centres en France pour enseigner \u00e0 des groupes de participants que nous vous attribuons. Le format en ligne est \u00e9galement possible en ces temps incertains de COVID-19.<\/p>\n\n\n\n<p>Pour la partie th\u00e9orique, vous suivez un programme structur\u00e9 sur notre plateforme Moodle, qui comprend des lectures obligatoires, des travaux \u00e9crits, des exercices de r\u00e9flexion vous permettant de mettre en pratique vos connaissances en classe et des forums de discussion avec vos pairs et vos formateurs.<\/p>\n\n\n\n<p>Ce programme est id\u00e9al si vous souhaitez faire progresser votre carri\u00e8re dans l\u2019enseignement de l\u2019anglais et obtenir une qualification avanc\u00e9e reconnue mondialement. Le DipTESOL du Trinity transformera votre pratique p\u00e9dagogique et vous permettra d\u2019acc\u00e9der \u00e0 des postes tels qu\u2019examinateur, auteur de manuels, formateur ou directeur d\u2019\u00e9cole.<\/p>\n\n\n\n<p>Le DipTESOL est r\u00e9glement\u00e9 en Angleterre par Ofqual et certifi\u00e9 au niveau 7 du cadre des qualifications britanniques, soit le m\u00eame niveau que les masters et de nombreuses autres qualifications de niveau sup\u00e9rieur.<\/p>\n\n\n\n<p>Le programme dure 12 mois en ligne (environ 4 \u00e0 6 heures par semaine), suivis de 3 semaines en pr\u00e9sentiel dans l\u2019un de nos trois centres en France (Bretagne, Strasbourg et Lyon) ou enti\u00e8rement en ligne en cas de confinement.<\/p>\n\n\n\n<p>Dur\u00e9e totale du programme : 12 \u00e0 14 mois en moyenne.<\/p>\n\n\n\n<p><strong>\u2022 Pratique :<\/strong> Le programme met l\u2019accent sur le d\u00e9veloppement des comp\u00e9tences p\u00e9dagogiques et leur application en classe.<\/p>\n\n\n\n<p>\u2022 <strong>Phon\u00e9tique :<\/strong> Un enseignement de la prononciation unique au programme du Trinity, tr\u00e8s appr\u00e9ci\u00e9 par nos anciens \u00e9tudiants.<\/p>\n\n\n\n<p>\u2022 <strong>Pratique :<\/strong> Possibilit\u00e9 de soumettre des vid\u00e9os de vos cours pour la partie pratique.<\/p>\n\n\n\n<p>\u2022 <strong>Flexibilit\u00e9 :<\/strong> Travaillez selon votre emploi du temps. Choisissez parmi 3 dates pour l\u2019examen \u00e9crit et envoyez votre portfolio quand vous \u00eates pr\u00eat. Vous avez jusqu\u2019\u00e0 3 ans pour terminer le cours si n\u00e9cessaire.<\/p>\n\n\n\n<p>\u2022 <strong>Un accompagnement personnalis\u00e9 :<\/strong> b\u00e9n\u00e9ficiez d\u2019un soutien illimit\u00e9 par e-mail et Skype de la part de notre \u00e9quipe de formateurs du DipTESOL.<\/p>\n\n\n\n<p>\u2022 <strong>Une formation enrichissante :<\/strong> d\u00e9veloppez vos comp\u00e9tences p\u00e9dagogiques et am\u00e9liorez vos chances de trouver un emploi de qualit\u00e9 dans le domaine de l\u2019enseignement de l\u2019anglais gr\u00e2ce \u00e0 notre service de placement.<\/p>\n\n\n\n<p>\u2022 <strong>Une certification reconnue :<\/strong> obtenez une qualification professionnelle de haut niveau en enseignement de l\u2019anglais, reconnue internationalement.<\/p>\n\n\n\n<h3 class=\"wp-block-heading\">Comment serez-vous \u00e9valu\u00e9 ?<\/h3>\n\n\n\n<p>Le programme du DipTESOL de Trinity comporte quatre unit\u00e9s d\u2019\u00e9valuation. Les unit\u00e9s 1 et 3 sont \u00e9valu\u00e9es par Trinity College London, tandis que les unit\u00e9s 2 et 4 sont \u00e9valu\u00e9es conjointement par Trinity College London et The ELT Hub.<\/p>\n\n\n\n<p>\u2022 Unit\u00e9 1 \u2013 Un examen \u00e9crit \u00e0 passer dans l\u2019un de nos centres d\u2019examen, ou dans un autre centre agr\u00e9\u00e9 par Trinity, en mai, ao\u00fbt ou novembre. L\u2019examen dure 3 heures et comprend une partie sur la grammaire et deux parties avec des questions \u00e0 d\u00e9veloppement sur l\u2019enseignement et l\u2019apprentissage.<\/p>\n\n\n\n<p>\u2022 Unit\u00e9 2 \u2013 Un portfolio comprenant trois projets de recherche-action. Ces projets consistent \u00e0 observer des enseignants qualifi\u00e9s, \u00e0 r\u00e9fl\u00e9chir \u00e0 sa propre pratique p\u00e9dagogique et \u00e0 mener une recherche en collectant des donn\u00e9es. Le domaine d\u2019expertise de votre formateur sera adapt\u00e9 \u00e0 votre sp\u00e9cialisation. Le travail sur le portfolio se d\u00e9roule tout au long du cours. Vous devrez baser votre r\u00e9flexion sur l\u2019enseignement dispens\u00e9 \u00e0 un groupe d\u2019au moins 6 \u00e9tudiants pendant 15 heures au total.<\/p>\n\n\n\n<p>\u2022 Unit\u00e9 3 \u2013 Un entretien de 30 minutes avec un examinateur de Trinity sur la phon\u00e9tique et la phonologie.<\/p>\n\n\n\n<p>\u2022 Unit\u00e9 4 \u2013 \u00c9valuation de cinq s\u00e9ances de cours d\u2019une heure chacune, pr\u00e9c\u00e9d\u00e9es d\u2019une discussion sur le plan de cours (10 minutes) et suivies d\u2019une discussion avec l\u2019examinateur (20 minutes). Quatre s\u00e9ances sont \u00e9valu\u00e9es par les formateurs de The ELT Hub, la cinqui\u00e8me par un examinateur de Trinity. Pour cette partie de l\u2019examen, vous enseignerez \u00e0 vos propres \u00e9l\u00e8ves (\u00e9valuation par vid\u00e9o) et \u00e0 des \u00e9l\u00e8ves dans l\u2019un de nos centres.<\/p>\n\n\n\n<h3 class=\"wp-block-heading\">LA CERTIFICATION<\/h3>\n\n\n\n<p>Apr\u00e8s avoir termin\u00e9 le cours et r\u00e9ussi les \u00e9valuations, vous recevrez le Dipl\u00f4me de Trinity en TESOL. Ce dipl\u00f4me est une qualification professionnelle de haut niveau en enseignement de l\u2019anglais, reconnue et respect\u00e9e \u00e0 l\u2019international. De nombreuses universit\u00e9s britanniques offrent des cr\u00e9dits et\/ou des exemptions pour leurs masters et autres programmes aux titulaires du DipTESOL. Ce dipl\u00f4me ouvre des perspectives de carri\u00e8re dans divers domaines du secteur de l\u2019enseignement de l\u2019anglais. Nos anciens \u00e9tudiants sont aujourd\u2019hui :<\/p>\n\n\n\n<p>\u2022 Formateurs de professeurs<\/p>\n\n\n\n<p>\u2022 Auteurs de manuels<\/p>\n\n\n\n<p>\u2022 Directeurs p\u00e9dagogiques<\/p>\n\n\n\n<p>\u2022 Directeurs et propri\u00e9taires d\u2019\u00e9cole<\/p>\n\n\n\n<p><em>Consultez la liste des lectures obligatoires pour ce cours.<\/em><\/p>","protected":false},"excerpt":{"rendered":"<p>Trinity College London Licentiate Diploma in TESOL (Teaching English to Speakers of Other Languages) The Diploma in Teaching English to Speakers of Other Languages (DipTESOL) is<span class=\"excerpt-hellip\"> [\u2026]<\/span><\/p>\n","protected":false},"author":1,"featured_media":0,"parent":0,"menu_order":0,"comment_status":"closed","ping_status":"closed","template":"","meta":{"footnotes":""},"class_list":["post-324","page","type-page","status-publish","hentry"],"_links":{"self":[{"href":"https:\/\/www.theelthub.com\/fr\/wp-json\/wp\/v2\/pages\/324","targetHints":{"allow":["GET"]}}],"collection":[{"href":"https:\/\/www.theelthub.com\/fr\/wp-json\/wp\/v2\/pages"}],"about":[{"href":"https:\/\/www.theelthub.com\/fr\/wp-json\/wp\/v2\/types\/page"}],"author":[{"embeddable":true,"href":"https:\/\/www.theelthub.com\/fr\/wp-json\/wp\/v2\/users\/1"}],"replies":[{"embeddable":true,"href":"https:\/\/www.theelthub.com\/fr\/wp-json\/wp\/v2\/comments?post=324"}],"version-history":[{"count":6,"href":"https:\/\/www.theelthub.com\/fr\/wp-json\/wp\/v2\/pages\/324\/revisions"}],"predecessor-version":[{"id":2150,"href":"https:\/\/www.theelthub.com\/fr\/wp-json\/wp\/v2\/pages\/324\/revisions\/2150"}],"wp:attachment":[{"href":"https:\/\/www.theelthub.com\/fr\/wp-json\/wp\/v2\/media?parent=324"}],"curies":[{"name":"wp","href":"https:\/\/api.w.org\/{rel}","templated":true}]}}