{"id":318,"date":"2021-04-21T08:41:44","date_gmt":"2021-04-21T08:41:44","guid":{"rendered":"http:\/\/localhost:85\/?page_id=318"},"modified":"2025-12-29T14:40:23","modified_gmt":"2025-12-29T14:40:23","slug":"pre-celta-courses","status":"publish","type":"page","link":"https:\/\/www.theelthub.com\/fr\/celta\/pre-celta-courses\/","title":{"rendered":"CELTA &#8211; Pre-CELTA courses"},"content":{"rendered":"<div class=\"wp-block-columns is-layout-flex wp-container-core-columns-is-layout-9d6595d7 wp-block-columns-is-layout-flex\">\n<div class=\"wp-block-column is-layout-flow wp-block-column-is-layout-flow\">\n<p>Nos cours pre-CELTA d\u00e9di\u00e9s \u00e0 la sensibilisation linguistique sont exclusivement r\u00e9serv\u00e9s aux candidats ayant \u00e9t\u00e9s accept\u00e9s \u00e0 une formation CELTA de The ELT Hub. Elle s\u2019adresse aux locuteurs natifs de l\u2019anglais mais aussi aux locuteurs non-natifs qui ne se sentent pas tout \u00e0 fait \u00e0 l\u2019aise avec les termes grammaticaux. Ce cours est sur demande et d\u00e9pende de la disponibilit\u00e9 des tuteurs.<\/p>\n\n\n\n<p><strong>Objectifs du cours<\/strong><\/p>\n\n\n\n<p>Le cours vise \u00e0 am\u00e9liorer votre capacit\u00e9 \u00e0 expliquer la grammaire avec assurance, ce qui se fera dans un environnement participatif ludique. Ce sera aussi l\u2019occasion de faire connaissance avec certains de vos camarades de formation CELTA, vos tuteurs de formation, ainsi qu\u2019avec les locaux de la formation et leur environnement, de mani\u00e8re \u00e0 ce que vous soyez en terrain connu d\u00e8s votre premier jours de formation CELTA.<\/p>\n\n\n\n<p><strong><strong>Structure du cours<\/strong><\/strong><\/p>\n\n\n\n<p>Le cours se d\u00e9roule sur deux jours (jeudi et vendredi), la semaine pr\u00e9c\u00e9dant le d\u00e9but de votre formation CELTA. Il comprend 6 s\u00e9minaires (de 75 minutes chacun) sur les deux jours.<\/p>\n\n\n\n<p><strong><strong>Contenu du cours<\/strong><\/strong><\/p>\n\n\n\n<p>Les s\u00e9minaires peuvent inclure les domaines suivants, sans y \u00eatre limit\u00e9s :<\/p>\n\n\n\n<p>\u2013 Terminologie de base pour d\u00e9crire la grammaire, et classification des mots.<\/p>\n\n\n\n<p>\u2013 Introduction au sens, \u00e0 la forme, \u00e0 la prononciation et \u00e0 l\u2019usage.<\/p>\n\n\n\n<p>\u2013 Verbes et temps : Formes futures et temps pass\u00e9s.<\/p>\n\n\n\n<p>\u2013 Conditionnels<\/p>\n\n\n\n<p>\u2013 L\u2019aspect parfait.<\/p>\n\n\n\n<p>\u2013 Voix passive, active et structures associ\u00e9es.<\/p>\n\n\n\n<p>\u2013 Groupe nominal et quantificateurs.<\/p>\n\n\n\n<p>\u2013 Vocabulaire : Collocations et expressions \u00e0 mots multiples.<\/p>\n\n\n\n<p><strong><strong>Co\u00fbt et options de logement<\/strong><\/strong><\/p>\n\n\n\n<p>Les frais de cours s\u2019\u00e9l\u00e8vent \u00e0 100\u20ac. Dans la majorit\u00e9 des cas, l\u2019option d\u2019h\u00e9bergement retenue pour votre formation CELTA sera \u00e9tendue de mani\u00e8re \u00e0 inclure ces journ\u00e9es de cours.<\/p>\n<\/div>\n<\/div>","protected":false},"excerpt":{"rendered":"<p>Our pre-CELTA language awareness course is exclusively for candidates who have been accepted for CELTA at The ELT Hub. It is aimed at native English speakers,<span class=\"excerpt-hellip\"> [\u2026]<\/span><\/p>\n","protected":false},"author":1,"featured_media":0,"parent":299,"menu_order":4,"comment_status":"closed","ping_status":"closed","template":"","meta":{"footnotes":""},"class_list":["post-318","page","type-page","status-publish","hentry"],"_links":{"self":[{"href":"https:\/\/www.theelthub.com\/fr\/wp-json\/wp\/v2\/pages\/318","targetHints":{"allow":["GET"]}}],"collection":[{"href":"https:\/\/www.theelthub.com\/fr\/wp-json\/wp\/v2\/pages"}],"about":[{"href":"https:\/\/www.theelthub.com\/fr\/wp-json\/wp\/v2\/types\/page"}],"author":[{"embeddable":true,"href":"https:\/\/www.theelthub.com\/fr\/wp-json\/wp\/v2\/users\/1"}],"replies":[{"embeddable":true,"href":"https:\/\/www.theelthub.com\/fr\/wp-json\/wp\/v2\/comments?post=318"}],"version-history":[{"count":10,"href":"https:\/\/www.theelthub.com\/fr\/wp-json\/wp\/v2\/pages\/318\/revisions"}],"predecessor-version":[{"id":2188,"href":"https:\/\/www.theelthub.com\/fr\/wp-json\/wp\/v2\/pages\/318\/revisions\/2188"}],"up":[{"embeddable":true,"href":"https:\/\/www.theelthub.com\/fr\/wp-json\/wp\/v2\/pages\/299"}],"wp:attachment":[{"href":"https:\/\/www.theelthub.com\/fr\/wp-json\/wp\/v2\/media?parent=318"}],"curies":[{"name":"wp","href":"https:\/\/api.w.org\/{rel}","templated":true}]}}