{"id":314,"date":"2021-04-21T08:39:51","date_gmt":"2021-04-21T08:39:51","guid":{"rendered":"http:\/\/localhost:85\/?page_id=314"},"modified":"2025-12-29T14:34:04","modified_gmt":"2025-12-29T14:34:04","slug":"celta-employment","status":"publish","type":"page","link":"https:\/\/www.theelthub.com\/fr\/celta\/celta-employment\/","title":{"rendered":"Emplois CELTA"},"content":{"rendered":"<p>En tant que premier organisme de formation pour les enseignants d\u2019anglais en France, The ELT Hub peut vous aider \u00e0 trouver un emploi, que ce soit en France ou \u00e0 l\u2019\u00e9tranger :<\/p>\n\n\n\n<ul class=\"wp-block-list\">\n<li>Nous sommes r\u00e9guli\u00e8rement sollicit\u00e9s par des employeurs, tant au niveau local qu\u2019international, qui recherchent des personnes titulaires du certificat CELTA. Nous entretenons des relations privil\u00e9gi\u00e9es avec de nombreuses entreprises de formation linguistique de taille moyenne et grande, qui font confiance \u00e0 la qualit\u00e9 des formateurs CELTA que nous leur proposons.<\/li>\n\n\n\n<li>Nous faisons partie du r\u00e9seau des chambres de commerce en France et sommes le deuxi\u00e8me organisme de formation en anglais en termes de chiffre d\u2019affaires. Gr\u00e2ce \u00e0 votre participation \u00e0 notre programme CELTA, nous pourrons vous recommander aupr\u00e8s de n\u2019importe quelle chambre de commerce en France.<\/li>\n\n\n\n<li>Gr\u00e2ce \u00e0 notre pr\u00e9sence \u00e0 l\u2019\u00e9chelle nationale et \u00e0 notre implication dans les programmes de formation des enseignants partout en France, nous disposons d\u2019une vaste base de donn\u00e9es concernant les \u00e9coles de langues fran\u00e7aises. Nous connaissons les \u00e9tablissements qui fonctionnent bien, ceux qui recrutent actuellement du personnel, et, dans bien des cas, nous connaissons personnellement le propri\u00e9taire de l\u2019\u00e9cole.<\/li>\n\n\n\n<li>Nous vous aidons non seulement \u00e0 d\u00e9buter votre carri\u00e8re, mais aussi \u00e0 g\u00e9rer les formalit\u00e9s administratives qui peuvent survenir lors de votre premier emploi. Nous serons ravis de vous accompagner dans vos d\u00e9marches aupr\u00e8s de votre premier employeur afin de faciliter votre int\u00e9gration.<\/li>\n<\/ul>\n\n\n\n<figure class=\"wp-block-image size-large\"><img loading=\"lazy\" decoding=\"async\" width=\"653\" height=\"292\" src=\"http:\/\/www.theelthub.com\/wp-content\/uploads\/2021\/04\/celtaemployment.jpg\" alt=\"\" class=\"wp-image-315\" srcset=\"https:\/\/www.theelthub.com\/wp-content\/uploads\/2021\/04\/celtaemployment.jpg 653w, https:\/\/www.theelthub.com\/wp-content\/uploads\/2021\/04\/celtaemployment-300x134.jpg 300w\" sizes=\"auto, (max-width: 653px) 100vw, 653px\" \/><\/figure>","protected":false},"excerpt":{"rendered":"<p>As the single biggest provider of English teacher training in France, The ELT Hub is able to help you find work both here in France and<span class=\"excerpt-hellip\"> [\u2026]<\/span><\/p>\n","protected":false},"author":1,"featured_media":0,"parent":299,"menu_order":3,"comment_status":"closed","ping_status":"closed","template":"","meta":{"footnotes":""},"class_list":["post-314","page","type-page","status-publish","hentry"],"_links":{"self":[{"href":"https:\/\/www.theelthub.com\/fr\/wp-json\/wp\/v2\/pages\/314","targetHints":{"allow":["GET"]}}],"collection":[{"href":"https:\/\/www.theelthub.com\/fr\/wp-json\/wp\/v2\/pages"}],"about":[{"href":"https:\/\/www.theelthub.com\/fr\/wp-json\/wp\/v2\/types\/page"}],"author":[{"embeddable":true,"href":"https:\/\/www.theelthub.com\/fr\/wp-json\/wp\/v2\/users\/1"}],"replies":[{"embeddable":true,"href":"https:\/\/www.theelthub.com\/fr\/wp-json\/wp\/v2\/comments?post=314"}],"version-history":[{"count":4,"href":"https:\/\/www.theelthub.com\/fr\/wp-json\/wp\/v2\/pages\/314\/revisions"}],"predecessor-version":[{"id":2181,"href":"https:\/\/www.theelthub.com\/fr\/wp-json\/wp\/v2\/pages\/314\/revisions\/2181"}],"up":[{"embeddable":true,"href":"https:\/\/www.theelthub.com\/fr\/wp-json\/wp\/v2\/pages\/299"}],"wp:attachment":[{"href":"https:\/\/www.theelthub.com\/fr\/wp-json\/wp\/v2\/media?parent=314"}],"curies":[{"name":"wp","href":"https:\/\/api.w.org\/{rel}","templated":true}]}}