{"id":3,"date":"2021-04-16T16:19:56","date_gmt":"2021-04-16T16:19:56","guid":{"rendered":"http:\/\/localhost:85\/?page_id=3"},"modified":"2025-12-29T15:41:17","modified_gmt":"2025-12-29T15:41:17","slug":"privacy-policy","status":"publish","type":"page","link":"https:\/\/www.theelthub.com\/fr\/privacy-policy\/","title":{"rendered":"Politique de confidentialit\u00e9"},"content":{"rendered":"<h2 class=\"wp-block-heading\">Qui sommes-nous ?<\/h2>\n\n\n\n<p><strong class=\"privacy-policy-tutorial\">Nom du site :  <\/strong>The Elt Hub<\/p>\n\n\n\n<p><strong>SIREN:<\/strong> 524 861 937<\/p>\n\n\n\n<p><strong>SIRET:<\/strong> 524 861 937 00026<\/p>\n\n\n\n<p><strong>Directeur de la publication et responsable technique :<\/strong> : <\/p>\n\n\n\n<p><strong>Responsable \u00e9ditorial :<\/strong> :<\/p>\n\n\n\n<p><strong>Contact :<\/strong> info@theelthub.com<\/p>\n\n\n\n<p><strong>Adresse<\/strong> : 25 rue des D\u00e9port\u00e9s, 29800 Landerneau, France<\/p>\n\n\n\n<p><strong>H\u00e9bergement web<\/strong> : <a rel=\"noreferrer noopener\" href=\"https:\/\/www.ionos.fr\/\" data-type=\"URL\" data-id=\"https:\/\/www.ionos.fr\/\" target=\"_blank\">IONOS by 1&amp;1<\/a>, si\u00e8ge social : 7 place de la Gare, BP 70109, 57200 Sarreguemines Cedex<\/p>\n\n\n\n<p><strong>Conception&nbsp;:<\/strong> <a rel=\"noreferrer noopener\" href=\"https:\/\/www.owl-web.ovh\/\" data-type=\"URL\" data-id=\"https:\/\/www.owl-web.ovh\/\" target=\"_blank\">Owl-web<\/a> &amp; <a href=\"http:\/\/perso.calixo.net\/~willis\/golven\/\" data-type=\"URL\" data-id=\"http:\/\/perso.calixo.net\/~willis\/golven\/\" target=\"_blank\" rel=\"noreferrer noopener\">Golven Willis<\/a><\/p>\n\n\n\n<h2 class=\"wp-block-heading\">PAIEMENT<\/h2>\n\n\n\n<p>Une fois que vous avez obtenu une place dans un cours CELTA ou DELTA de l'ELT Hub, vous devez verser un acompte de 500 \u20ac dans les 7 jours suivant la r\u00e9ception de votre lettre d'acceptation. Cet acompte vous garantit une place dans le cours. Le solde doit \u00eatre r\u00e9gl\u00e9 avant ou le jour m\u00eame du premier jour du cours.<\/p>\n\n\n\n<p>Vous pouvez payer par ch\u00e8que, carte de cr\u00e9dit ou virement bancaire.<\/p>\n\n\n\n<h2 class=\"wp-block-heading\">CONDITIONS G\u00c9N\u00c9RALES<\/h2>\n\n\n\n<p>En cas d'annulation moins de quatre semaines avant le d\u00e9but du cours, les demandes de remboursement ne pourront \u00eatre prises en consid\u00e9ration que si nous avons pu pourvoir le poste vacant dans un d\u00e9lai tr\u00e8s court. L'acompte et les frais d'inscription \u00e0 l'examen Cambridge English Assessment (le cas \u00e9ch\u00e9ant) ne sont pas remboursables.<\/p>\n\n\n\n<p>Veuillez noter qu'en cas de d\u00e9sistement d'un candidat apr\u00e8s le d\u00e9but du cours, pour quelque raison que ce soit, The ELT Hub ne peut rembourser les frais ni offrir une place dans un cours ult\u00e9rieur sans paiement de frais suppl\u00e9mentaires.<\/p>\n\n\n\n<p>The ELT Hub se r\u00e9serve le droit de reporter ou d'annuler tout cours en raison d'un nombre insuffisant d'\u00e9tudiants ou de probl\u00e8mes op\u00e9rationnels. Dans ce cas, le candidat sera pr\u00e9venu dans les meilleurs d\u00e9lais et un remboursement complet lui sera accord\u00e9.<\/p>\n\n\n\n<p>Les frais de cours ne sont ni remboursables ni transf\u00e9rables. Nous vous recommandons donc vivement de souscrire une assurance compl\u00e8te couvrant le remboursement des frais.<\/p>\n\n\n\n<p><strong>Crit\u00e8res de s\u00e9lection, \u00e9valuation et notes<\/strong><\/p>\n\n\n\n<p>The ELT Hub ne peut entrer en correspondance ou discuter des raisons pour lesquelles un entretien ou une place dans un cours n'a pas \u00e9t\u00e9 propos\u00e9.<\/p>\n\n\n\n<p>Tous les tuteurs des cours Cambridge English CELTA et Delta collaborent aux \u00e9valuations internes et les d\u00e9cisions sont prises \u00e0 l'unanimit\u00e9.<\/p>\n\n\n\n<p>Pour toutes les questions relatives \u00e0 la s\u00e9lection et \u00e0 l'\u00e9valuation, la d\u00e9cision du directeur des \u00e9tudes est d\u00e9finitive.<\/p>\n\n\n\n<p><strong>Frais d'h\u00e9bergement<\/strong><\/p>\n\n\n\n<p>ELT Hub fera tout son possible pour vous aider \u00e0 trouver un h\u00e9bergement adapt\u00e9 pendant votre s\u00e9jour en France. Nous disposons d'une liste exhaustive de familles d'accueil et d'appartements ind\u00e9pendants qui vous sera envoy\u00e9e une fois que vous aurez \u00e9t\u00e9 accept\u00e9 dans l'un de nos cours. Il vous sera demand\u00e9 de contacter directement le propri\u00e9taire du logement dans lequel vous souhaitez s\u00e9journer et d'organiser vous-m\u00eame votre arriv\u00e9e \u00e0 son adresse. Vous devrez r\u00e9gler le montant total de votre s\u00e9jour \u00e0 votre arriv\u00e9e chez votre h\u00f4te. ELT Hub n'est pas responsable des litiges pouvant survenir entre la famille d'accueil et le candidat.<\/p>\n\n\n\n<p><strong>Frais d'annulation \u2013 Une fois que l'\u00e9tudiant a commenc\u00e9 son cours :<\/strong><\/p>\n\n\n\n<p>Les cours ne peuvent \u00eatre annul\u00e9s, report\u00e9s ou \u00e9court\u00e9s et tous les frais sont dus conform\u00e9ment \u00e0 l'accord initial, tant pour les frais de scolarit\u00e9 que pour l'h\u00e9bergement. Aucun remboursement des frais de cours ne sera effectu\u00e9.<\/p>\n\n\n\n<p><strong>\u00c2ge minimum :<\/strong><\/p>\n\n\n\n<p>18 ans.<\/p>\n\n\n\n<p><strong>Assiduit\u00e9 :<\/strong><\/p>\n\n\n\n<p>Les \u00e9tudiants sont tenus d'assister aux cours r\u00e9guli\u00e8rement et \u00e0 l'heure. Les \u00e9tudiants perdent leur droit aux cours s'ils sont en retard, absents ou s'ils quittent le cours avant la fin.<\/p>\n\n\n\n<p><strong>Disponibilit\u00e9 et annulation des cours :<\/strong><\/p>\n\n\n\n<p>Tout sera mis en \u0153uvre pour vous placer dans le cours de votre choix. Cependant, The ELT Hub ne peut garantir un cours et un horaire particuliers tant que vous n'avez pas pass\u00e9 un test d'entr\u00e9e et pass\u00e9 un entretien.<\/p>\n\n\n\n<p><strong>R\u00e9glementation fran\u00e7aise en mati\u00e8re d'immigration :<\/strong><\/p>\n\n\n\n<p>Il vous appartient d'obtenir le visa appropri\u00e9 (le cas \u00e9ch\u00e9ant) pour \u00e9tudier en France.<\/p>\n\n\n\n<p>En consultant la page suivante, \u00e9galement disponible en anglais, vous trouverez toutes les informations n\u00e9cessaires concernant les demandes de visa de courte dur\u00e9e pour \u00e9tudier en France.<\/p>\n\n\n\n<p><a href=\"http:\/\/www.diplomatie.gouv.fr\/fr\/services-formulaires_831\/espace-etudiants_12793\/etudier-france_12794\/demarches-administratives_12818\/visas-etudiants_27131.html\" data-type=\"URL\" data-id=\"http:\/\/www.diplomatie.gouv.fr\/fr\/services-formulaires_831\/espace-etudiants_12793\/etudier-france_12794\/demarches-administratives_12818\/visas-etudiants_27131.html\" target=\"_blank\" rel=\"noreferrer noopener\">http:\/\/www.diplomatie.gouv.fr\/fr\/services-formulaires_831\/espace-etudiants_12793\/etudier-france_12794\/demarches-administratives_12818\/visas-etudiants_27131.html<\/a><\/p>\n\n\n\n<p><strong>Documents \u00e0 fournir pour les demandes de visa \u00e9tudiant :<\/strong><\/p>\n\n\n\n<p>ELT Hub fournira les documents n\u00e9cessaires aux \u00e9tudiants pour demander un visa, le cas \u00e9ch\u00e9ant. Les documents \u00e0 fournir pour les demandes de visa \u00e9tudiant ne seront fournis qu'apr\u00e8s r\u00e9ception de l'acompte initial.<\/p>\n\n\n\n<p><strong>\u00c9galit\u00e9 des chances :<\/strong><\/p>\n\n\n\n<p>ELT Hub est un employeur qui applique une politique d'\u00e9galit\u00e9 des chances. Vous pouvez consulter notre d\u00e9claration sur l'\u00e9galit\u00e9 des chances sur simple demande.<\/p>\n\n\n\n<p><strong>Statut juridique :<\/strong><\/p>\n\n\n\n<p>ELT Hub est une soci\u00e9t\u00e9 individuelle enregistr\u00e9e en France. Elle est r\u00e9gie par la l\u00e9gislation fran\u00e7aise et, en cas de litige, tous les cas seront jug\u00e9s selon le droit fran\u00e7ais.<\/p>\n\n\n\n<div class=\"wp-block-buttons is-layout-flex wp-block-buttons-is-layout-flex\">\n<div class=\"wp-block-button\"><a class=\"wp-block-button__link wp-element-button\" href=\"http:\/\/www.theelthub.com\/wp-content\/uploads\/2021\/04\/TandC.pdf\" target=\"_blank\" rel=\"noreferrer noopener\">T\u00e9l\u00e9charger les conditions g\u00e9n\u00e9rales<\/a><\/div>\n<\/div>\n\n\n\n<p><\/p>","protected":false},"excerpt":{"rendered":"<p>Who we are Site name: The Elt Hub SIREN: 524 861 937 SIRET: 524 861 937 00026 Director of publication and technical manager : Editorial manager<span class=\"excerpt-hellip\"> [\u2026]<\/span><\/p>\n","protected":false},"author":1,"featured_media":0,"parent":0,"menu_order":0,"comment_status":"closed","ping_status":"open","template":"","meta":{"footnotes":""},"class_list":["post-3","page","type-page","status-publish","hentry"],"_links":{"self":[{"href":"https:\/\/www.theelthub.com\/fr\/wp-json\/wp\/v2\/pages\/3","targetHints":{"allow":["GET"]}}],"collection":[{"href":"https:\/\/www.theelthub.com\/fr\/wp-json\/wp\/v2\/pages"}],"about":[{"href":"https:\/\/www.theelthub.com\/fr\/wp-json\/wp\/v2\/types\/page"}],"author":[{"embeddable":true,"href":"https:\/\/www.theelthub.com\/fr\/wp-json\/wp\/v2\/users\/1"}],"replies":[{"embeddable":true,"href":"https:\/\/www.theelthub.com\/fr\/wp-json\/wp\/v2\/comments?post=3"}],"version-history":[{"count":5,"href":"https:\/\/www.theelthub.com\/fr\/wp-json\/wp\/v2\/pages\/3\/revisions"}],"predecessor-version":[{"id":2211,"href":"https:\/\/www.theelthub.com\/fr\/wp-json\/wp\/v2\/pages\/3\/revisions\/2211"}],"wp:attachment":[{"href":"https:\/\/www.theelthub.com\/fr\/wp-json\/wp\/v2\/media?parent=3"}],"curies":[{"name":"wp","href":"https:\/\/api.w.org\/{rel}","templated":true}]}}