{"id":299,"date":"2021-04-21T08:30:34","date_gmt":"2021-04-21T08:30:34","guid":{"rendered":"http:\/\/localhost:85\/?page_id=299"},"modified":"2026-03-05T17:05:54","modified_gmt":"2026-03-05T17:05:54","slug":"celta","status":"publish","type":"page","link":"https:\/\/www.theelthub.com\/fr\/celta\/","title":{"rendered":"CELTA"},"content":{"rendered":"<div class=\"wp-block-columns is-layout-flex wp-container-core-columns-is-layout-9d6595d7 wp-block-columns-is-layout-flex\">\n<div class=\"wp-block-column is-layout-flow wp-block-column-is-layout-flow\">\n<h3 class=\"wp-block-heading\">Passer son CELTA<\/h3>\n\n\n\n<p>Le CELTA r\u00e9pond aux besoins d\u2019un large public. Personnes enseignant depuis quelques ann\u00e9es et d\u00e9sireuses d\u2019obtenir une qualification, jeunes dipl\u00f4m\u00e9s, personnes d\u00e9sireuses de changer de carri\u00e8re et d\u2019essayer quelque chose de nouveau, voyageurs souhaitant associer l\u2019obtention d\u2019une qualification dans l\u2019enseignement et l\u2019exp\u00e9rience de vie dans un pays europ\u00e9en, sont autant de personnes qui s\u2019inscrivent \u00e0 nos formations CELTA.<\/p>\n\n\n\n<p>Le fait que l\u2019anglais ne soit pas votre langue maternelle ne pose pas de probl\u00e8me tant que vous \u2018avez une bonne sensibilit\u00e9 linguistique et des comp\u00e9tences en anglais aussi bien \u00e0 l\u2019\u00e9crit qu\u2019\u00e0 l\u2019oral vous permettant de suivre la formation et de vous pr\u00e9parer \u00e0 enseigner \u00e0 des niveaux vari\u00e9s\u2019 (Instructions Cambridge). Nous avons con\u00e7u un test pour vous permettre de vous assurer que vous avez bien le niveau requis.<\/p>\n\n\n\n<h3 class=\"wp-block-heading\">Contenu de la formation CELTA<\/h3>\n\n\n\n<p>Une formation CELTA implique une minimum de 120 heures au contact de vos tuteurs.<\/p>\n\n\n\n<p>Celles-ci comprennent :<\/p>\n\n\n\n<p>\u2013 Des s\u00e9minaires pratiques d\u00e9di\u00e9s \u00e0 la m\u00e9thodologie et \u00e0 la connaissance de la langue.<\/p>\n\n\n\n<p>\u2013 Des sessions supervis\u00e9es de pratique de l\u2019enseignement.<\/p>\n\n\n\n<p>\u2013 La pr\u00e9paration et la planification des le\u00e7ons.<\/p>\n\n\n\n<p>\u2013 Des retours et \u00e9changes sur les sessions de pratique de l\u2019enseignement<\/p>\n\n\n\n<p>\u2013 L\u2019observation d\u2019enseignants exp\u00e9riment\u00e9s.<\/p>\n\n\n\n<p>En tant que principal prestataire en France dans le domaine de la formation d\u2019enseignants d\u2019anglais, The ELT Hub est en capacit\u00e9 de vous aider \u00e0 trouver du travail aussi bien en France qu\u2019\u00e0 l\u2019\u00e9tranger :<\/p>\n\n\n\n<p>\u2013 Nous sommes r\u00e9guli\u00e8rement sollicit\u00e9s par des employeurs en recherche de dipl\u00f4m\u00e9s CELTA aussi bien en national qu\u2019\u00e0 l\u2019international. Nous sommes en relations \u00e9troites avec nombre de centre de langues de taille interm\u00e9diaire ou importante qui font pleinement confiance \u00e0 la qualit\u00e9 des dipl\u00f4m\u00e9s CELTA qua nous leur adressons.<\/p>\n\n\n\n<p>\u2013 Nous faisons partie du r\u00e9seau des Chambres de Commerce et d\u2019Industrie de France qui a la deuxi\u00e8me plus importante fr\u00e9quentation du pays en termes d\u2019enseignement de la langue anglaise. Lorsque vous passez votre CELTA avec nous, nous pouvons donc vous recommander \u00e0 n\u2019importe quelle Chambre de Commerce de France.<\/p>\n\n\n\n<p>\u2013 Gr\u00e2ce \u00e0 notre envergure nationale et \u00e0 notre implication dans des initiatives relatives \u00e0 la formation des enseignants dans tout le pays, nous disposons d\u2019une vaste banque de donn\u00e9es d\u2019\u00e9coles de langues partout en France. Nous savons lesquelles marchent bien, lesquelles recrutent \u00e0 un moment donn\u00e9, et de plus, nous en connaissons souvent personnellement les dirigeants.<\/p>\n\n\n\n<p>\u2013 Nous ne vous aidons pas seulement \u00e0 d\u00e9marrer votre activit\u00e9, mais aussi \u00e0 g\u00e9rer les probl\u00e8mes administratifs pouvant se poser pour votre premier emploi. Nous sommes heureux de vous aider \u00e0 g\u00e9rer les formalit\u00e9s avec votre premier employeur pour vous permettre de trouver vos rep\u00e8res.<\/p>\n\n\n\n<div style=\"height:35px\" aria-hidden=\"true\" class=\"wp-block-spacer\"><\/div>\n\n\n\n<div class=\"wp-block-file aligncenter\"><a id=\"wp-block-file--media-58c91e9d-d897-4cfc-a73c-46f7858d4227\" href=\"https:\/\/www.theelthub.com\/wp-content\/uploads\/2026\/03\/Programme-de-formation-CELTA-Fr.-05.03.26-1.pdf\" target=\"_blank\" rel=\"noreferrer noopener\">Programme de formation CELTA  Fr. (05.03.26)<\/a><a href=\"https:\/\/www.theelthub.com\/wp-content\/uploads\/2026\/03\/Programme-de-formation-CELTA-Fr.-05.03.26-1.pdf\" class=\"wp-block-file__button wp-element-button\" download aria-describedby=\"wp-block-file--media-58c91e9d-d897-4cfc-a73c-46f7858d4227\">T\u00e9l\u00e9charger<\/a><\/div>\n<\/div>\n<\/div>\n\n\n\n<p><\/p>","protected":false},"excerpt":{"rendered":"<p>Doing the CELTA CELTA caters for a wide range of people. Maybe you&#8217;ve been teaching for a few years and would like to get a qualification.<span class=\"excerpt-hellip\"> [\u2026]<\/span><\/p>\n","protected":false},"author":1,"featured_media":0,"parent":0,"menu_order":0,"comment_status":"closed","ping_status":"closed","template":"","meta":{"footnotes":""},"class_list":["post-299","page","type-page","status-publish","hentry"],"_links":{"self":[{"href":"https:\/\/www.theelthub.com\/fr\/wp-json\/wp\/v2\/pages\/299","targetHints":{"allow":["GET"]}}],"collection":[{"href":"https:\/\/www.theelthub.com\/fr\/wp-json\/wp\/v2\/pages"}],"about":[{"href":"https:\/\/www.theelthub.com\/fr\/wp-json\/wp\/v2\/types\/page"}],"author":[{"embeddable":true,"href":"https:\/\/www.theelthub.com\/fr\/wp-json\/wp\/v2\/users\/1"}],"replies":[{"embeddable":true,"href":"https:\/\/www.theelthub.com\/fr\/wp-json\/wp\/v2\/comments?post=299"}],"version-history":[{"count":10,"href":"https:\/\/www.theelthub.com\/fr\/wp-json\/wp\/v2\/pages\/299\/revisions"}],"predecessor-version":[{"id":2283,"href":"https:\/\/www.theelthub.com\/fr\/wp-json\/wp\/v2\/pages\/299\/revisions\/2283"}],"wp:attachment":[{"href":"https:\/\/www.theelthub.com\/fr\/wp-json\/wp\/v2\/media?parent=299"}],"curies":[{"name":"wp","href":"https:\/\/api.w.org\/{rel}","templated":true}]}}