{"id":289,"date":"2021-04-21T08:13:35","date_gmt":"2021-04-21T08:13:35","guid":{"rendered":"http:\/\/localhost:85\/?page_id=289"},"modified":"2025-12-29T14:22:25","modified_gmt":"2025-12-29T14:22:25","slug":"help-with-billing-and-french-administration","status":"publish","type":"page","link":"https:\/\/www.theelthub.com\/fr\/the-elt-professional-development-quiz\/help-with-billing-and-french-administration\/","title":{"rendered":"ELT Language &#8211; Help with Billing and French administration"},"content":{"rendered":"<p>De plus en plus, les formateurs en langues rencontrent des difficult\u00e9s \u00e0 trouver un emploi en France, simplement parce qu\u2019ils ne poss\u00e8dent pas le statut juridique requis par les employeurs potentiels. Certains employeurs refusent de recruter des travailleurs ind\u00e9pendants, tandis que d\u2019autres imposent des conditions impossibles \u00e0 remplir, comme celle d\u2019avoir d\u00e9j\u00e0 un autre employeur. Nous d\u00e9fendons activement les droits des formateurs d\u2019anglais au niveau national et nous menons des actions depuis plusieurs ann\u00e9es pour pr\u00e9server notre profession. En restant en contact avec tous nos anciens \u00e9l\u00e8ves du CELTA, nous savons combien il est important d\u2019avoir un soutien, m\u00eame minime, au d\u00e9but de sa carri\u00e8re.<\/p>\n\n\n\n<p>Afin de vous aider \u00e0 sortir de cette situation d\u00e9licate et vous permettre de vous remettre progressivement sur pied, nous pouvons vous conseiller sur la mani\u00e8re de vous pr\u00e9senter \u00e0 votre employeur.<\/p>\n\n\n\n<p><em>Nous pouvons \u00e9galement vous mettre en relation avec des employeurs de votre r\u00e9gion qui pourraient \u00eatre int\u00e9ress\u00e9s par vos services.<\/em><\/p>","protected":false},"excerpt":{"rendered":"<p>Increasingly language trainers are finding their way to employment in France blocked by the simple fact that they don\u2019t have the particular legal status requested by<span class=\"excerpt-hellip\"> [\u2026]<\/span><\/p>\n","protected":false},"author":1,"featured_media":0,"parent":240,"menu_order":5,"comment_status":"closed","ping_status":"closed","template":"","meta":{"footnotes":""},"class_list":["post-289","page","type-page","status-publish","hentry"],"_links":{"self":[{"href":"https:\/\/www.theelthub.com\/fr\/wp-json\/wp\/v2\/pages\/289","targetHints":{"allow":["GET"]}}],"collection":[{"href":"https:\/\/www.theelthub.com\/fr\/wp-json\/wp\/v2\/pages"}],"about":[{"href":"https:\/\/www.theelthub.com\/fr\/wp-json\/wp\/v2\/types\/page"}],"author":[{"embeddable":true,"href":"https:\/\/www.theelthub.com\/fr\/wp-json\/wp\/v2\/users\/1"}],"replies":[{"embeddable":true,"href":"https:\/\/www.theelthub.com\/fr\/wp-json\/wp\/v2\/comments?post=289"}],"version-history":[{"count":7,"href":"https:\/\/www.theelthub.com\/fr\/wp-json\/wp\/v2\/pages\/289\/revisions"}],"predecessor-version":[{"id":2176,"href":"https:\/\/www.theelthub.com\/fr\/wp-json\/wp\/v2\/pages\/289\/revisions\/2176"}],"up":[{"embeddable":true,"href":"https:\/\/www.theelthub.com\/fr\/wp-json\/wp\/v2\/pages\/240"}],"wp:attachment":[{"href":"https:\/\/www.theelthub.com\/fr\/wp-json\/wp\/v2\/media?parent=289"}],"curies":[{"name":"wp","href":"https:\/\/api.w.org\/{rel}","templated":true}]}}