{"id":280,"date":"2021-04-21T08:06:44","date_gmt":"2021-04-21T08:06:44","guid":{"rendered":"http:\/\/localhost:85\/?page_id=280"},"modified":"2025-12-29T14:02:38","modified_gmt":"2025-12-29T14:02:38","slug":"distance-training-in-language-and-methodology-for-teachers","status":"publish","type":"page","link":"https:\/\/www.theelthub.com\/fr\/the-elt-professional-development-quiz\/distance-training-in-language-and-methodology-for-teachers\/","title":{"rendered":"ELT Language &#8211; Distance training in Language and Methodology for Teachers"},"content":{"rendered":"<p>Si vous aimeriez avoir de l\u2019aide dans la pr\u00e9paration d\u2019un examen, soit le IELTS pour pouvoir \u00e9tudier \u00e0 l\u2019\u00e9tranger ou immigrer au Canada, soit un examen de Cambridge pour valider votre niveau d\u2019anglais, nous sommes l\u00e0 pour vous aider. Les examens de Cambridge concern\u00e9s sont le \u00ab First Certificate \u00bb, \u00ab Cambridge Advanced English \u00bb, \u00ab Movers &amp; Flyers \u00bb, ainsi que les autres examens con\u00e7us pour tout \u00e2ge et tout public.<\/p>\n\n\n\n<p>Notre programme de pr\u00e9paration \u00e0 l\u2019IELTS peut \u00eatre dispens\u00e9 individuellement ou en groupe. Il convient aussi bien aux candidats qu\u2019aux enseignants qui pr\u00e9parent leurs \u00e9l\u00e8ves \u00e0 cet examen.<\/p>\n\n\n\n<h3 class=\"wp-block-heading\"><strong>L\u2019ATELIER IELTS : 1 JOUR OBJECTIFS<\/strong><\/h3>\n\n\n\n<p>Le but de cet atelier est de se familiariser avec le test pour une meilleure connaissance des 4 \u00e9preuves.<\/p>\n\n\n\n<p>Pour les deux versions, \u2018Academic\u2019 ou \u2018General training\u2019, vous aborderez les th\u00e8mes suivants :<\/p>\n\n\n\n<ul class=\"wp-block-list\">\n<li>Techniques d\u2019\u00e9coute<\/li>\n\n\n\n<li>Techniques de lecture<\/li>\n\n\n\n<li>Techniques pour l\u2019expression \u00e9crite<\/li>\n\n\n\n<li>Techniques pour l\u2019expression orale<\/li>\n<\/ul>\n\n\n\n<p>Le cours est bas\u00e9 sur une approche pratique et les \u00e9tudiants travaillent de mani\u00e8re interactive. Nous conseillons particuli\u00e8rement cette formule \u00e0 ceux qui ont un niveau interm\u00e9diaire \u00e0 avanc\u00e9 (B1 \u00e0 C1).<\/p>\n\n\n\n<p>Une \u00e9valuation personnalis\u00e9e de vos comp\u00e9tences \u00e9crites et orales vous permettra d\u2019am\u00e9liorer votre score final.<\/p>\n\n\n\n<p><em>Ce cours est destin\u00e9 aux candidats ayant d\u00e9j\u00e0 acquis un niveau compris entre Upper Intermediate (B2) et Advanced Level (C1).<\/em><\/p>\n\n\n\n<p><br><\/p>\n\n\n\n<p><br><\/p>","protected":false},"excerpt":{"rendered":"<p>If you would like help in preparing for an exam, be it IELTS, be it any of the Cambridge Main Suite exams (First Certificate, Cambridge Advanced<span class=\"excerpt-hellip\"> [\u2026]<\/span><\/p>\n","protected":false},"author":1,"featured_media":0,"parent":240,"menu_order":2,"comment_status":"closed","ping_status":"closed","template":"","meta":{"footnotes":""},"class_list":["post-280","page","type-page","status-publish","hentry"],"_links":{"self":[{"href":"https:\/\/www.theelthub.com\/fr\/wp-json\/wp\/v2\/pages\/280","targetHints":{"allow":["GET"]}}],"collection":[{"href":"https:\/\/www.theelthub.com\/fr\/wp-json\/wp\/v2\/pages"}],"about":[{"href":"https:\/\/www.theelthub.com\/fr\/wp-json\/wp\/v2\/types\/page"}],"author":[{"embeddable":true,"href":"https:\/\/www.theelthub.com\/fr\/wp-json\/wp\/v2\/users\/1"}],"replies":[{"embeddable":true,"href":"https:\/\/www.theelthub.com\/fr\/wp-json\/wp\/v2\/comments?post=280"}],"version-history":[{"count":8,"href":"https:\/\/www.theelthub.com\/fr\/wp-json\/wp\/v2\/pages\/280\/revisions"}],"predecessor-version":[{"id":2168,"href":"https:\/\/www.theelthub.com\/fr\/wp-json\/wp\/v2\/pages\/280\/revisions\/2168"}],"up":[{"embeddable":true,"href":"https:\/\/www.theelthub.com\/fr\/wp-json\/wp\/v2\/pages\/240"}],"wp:attachment":[{"href":"https:\/\/www.theelthub.com\/fr\/wp-json\/wp\/v2\/media?parent=280"}],"curies":[{"name":"wp","href":"https:\/\/api.w.org\/{rel}","templated":true}]}}