{"id":277,"date":"2021-04-21T07:58:26","date_gmt":"2021-04-21T07:58:26","guid":{"rendered":"http:\/\/localhost:85\/?page_id=277"},"modified":"2025-12-29T13:52:17","modified_gmt":"2025-12-29T13:52:17","slug":"in-company-teacher-training-for-practising-teachers","status":"publish","type":"page","link":"https:\/\/www.theelthub.com\/fr\/the-elt-professional-development-quiz\/in-company-teacher-training-for-practising-teachers\/","title":{"rendered":"ELT Language &#8211; In-Company Teacher Training for Practising Teachers"},"content":{"rendered":"<p>Si vous souhaitez am\u00e9liorer les comp\u00e9tences de vos enseignants de langues gr\u00e2ce \u00e0 un cours intensif et court, nous pouvons nous d\u00e9placer dans votre \u00e9tablissement pour animer des ateliers sur les th\u00e8mes qui correspondent le mieux \u00e0 leurs besoins. Voici quelques exemples des ateliers que nous proposons le plus souvent :<\/p>\n\n\n\n<p>Enseignement de la grammaire<br>Dynamiser le manuel scolaire<br>Approche communicative en classe<br>Approche communicative en classe<br>Encourager les \u00e9l\u00e8ves \u00e0 parler<br>Dynamique de classe<br>Enseignement de l\u2019\u00e9coute<br>Enseignement de l\u2019expression \u00e9crite cr\u00e9ative<br>Phon\u00e9tique : les sons individuels<br>Phon\u00e9tique : accent, intonation, discours fluide<br>Techniques d\u2019\u00e9valuation<br>\u00c9valuation selon le Cadre europ\u00e9en commun de r\u00e9f\u00e9rence (pour les enseignants d\u2019anglais et de FLE)<br>Correction des erreurs<br>Enseignement individuel<br>Am\u00e9liorer sa conscience linguistique :<\/p>\n\n\n\n<ul class=\"wp-block-list\">\n<li>Temps, aspect et modes verbaux<\/li>\n\n\n\n<li>Verbes modaux<\/li>\n\n\n\n<li>Expressions idiomatiques<\/li>\n<\/ul>\n\n\n\n<p>Pour un exemple de la structure d\u2019un atelier, voici le programme de notre atelier de phon\u00e9tique :<\/p>\n\n\n\n<p><strong>Objectifs du cours<\/strong><br>Ce cours vise \u00e0 vous proposer des id\u00e9es concr\u00e8tes pour aider vos \u00e9l\u00e8ves \u00e0 am\u00e9liorer leur prononciation. Les participants d\u00e9couvriront le tableau phon\u00e9tique et apprendront comment l\u2019utiliser en classe. Les s\u00e9ances aborderont les sons individuels, l\u2019accentuation des mots et des phrases, l\u2019intonation et le discours fluide. Chaque s\u00e9ance alliera th\u00e9orie de base et approches pratiques et motivantes pour d\u00e9velopper la prononciation des \u00e9l\u00e8ves. Le cours reste ax\u00e9 sur la pratique et n\u2019aborde pas des aspects plus th\u00e9oriques comme le lieu et le mode d\u2019articulation.<\/p>\n\n\n\n<p><strong>Organisation du cours<\/strong><br>Chaque apr\u00e8s-midi sera divis\u00e9e en deux ateliers. Ces ateliers alterneront activit\u00e9s de d\u00e9couverte et d\u00e9monstrations interactives. Des exercices seront propos\u00e9s aux participants, qu\u2019ils pourront mettre en pratique avec leurs \u00e9l\u00e8ves avant la s\u00e9ance suivante. Le formateur proposera ensuite un temps de r\u00e9flexion et de retour d\u2019exp\u00e9rience sur les r\u00e9sultats obtenus.<\/p>\n\n\n\n<p>Pour obtenir un devis, contactez <a href=\"mailto:jane.ryder@theelthub.com\">jane.ryder@theelthub.com<\/a>.<\/p>\n\n\n\n<div class=\"wp-block-buttons is-layout-flex wp-block-buttons-is-layout-flex\">\n<div class=\"wp-block-button\"><a class=\"wp-block-button__link has-vivid-cyan-blue-background-color has-background wp-element-button\" href=\"https:\/\/www.theelthub.com\/fr\/contact\/\" style=\"text-decoration:none\"><u>Contactez-nous<\/u><\/a><\/div>\n<\/div>","protected":false},"excerpt":{"rendered":"<p>If you\u2019re looking to upgrade the skills of your language teachers with a short intensive course we can come to your school and give workshops on<span class=\"excerpt-hellip\"> [\u2026]<\/span><\/p>\n","protected":false},"author":1,"featured_media":0,"parent":240,"menu_order":1,"comment_status":"closed","ping_status":"closed","template":"","meta":{"footnotes":""},"class_list":["post-277","page","type-page","status-publish","hentry"],"_links":{"self":[{"href":"https:\/\/www.theelthub.com\/fr\/wp-json\/wp\/v2\/pages\/277","targetHints":{"allow":["GET"]}}],"collection":[{"href":"https:\/\/www.theelthub.com\/fr\/wp-json\/wp\/v2\/pages"}],"about":[{"href":"https:\/\/www.theelthub.com\/fr\/wp-json\/wp\/v2\/types\/page"}],"author":[{"embeddable":true,"href":"https:\/\/www.theelthub.com\/fr\/wp-json\/wp\/v2\/users\/1"}],"replies":[{"embeddable":true,"href":"https:\/\/www.theelthub.com\/fr\/wp-json\/wp\/v2\/comments?post=277"}],"version-history":[{"count":6,"href":"https:\/\/www.theelthub.com\/fr\/wp-json\/wp\/v2\/pages\/277\/revisions"}],"predecessor-version":[{"id":2165,"href":"https:\/\/www.theelthub.com\/fr\/wp-json\/wp\/v2\/pages\/277\/revisions\/2165"}],"up":[{"embeddable":true,"href":"https:\/\/www.theelthub.com\/fr\/wp-json\/wp\/v2\/pages\/240"}],"wp:attachment":[{"href":"https:\/\/www.theelthub.com\/fr\/wp-json\/wp\/v2\/media?parent=277"}],"curies":[{"name":"wp","href":"https:\/\/api.w.org\/{rel}","templated":true}]}}