{"id":252,"date":"2021-04-19T10:47:39","date_gmt":"2021-04-19T10:47:39","guid":{"rendered":"http:\/\/localhost:85\/?page_id=252"},"modified":"2021-05-16T19:51:03","modified_gmt":"2021-05-16T19:51:03","slug":"the-elt-professional-development-quiz-result","status":"publish","type":"page","link":"https:\/\/www.theelthub.com\/fr\/the-elt-professional-development-quiz\/the-elt-professional-development-quiz-result\/","title":{"rendered":"ELT Language &#8211; Result &#8211; The ELT Professional Development Quiz"},"content":{"rendered":"<div class=\"result\">\n<p>Voici les r\u00e9sultats obtenus apr\u00e8s avoir r\u00e9pondu aux questions<\/p>\n<br>\n<p><b>Apprentissage et apprenant : <\/b>erreur<\/p>\n<p><b>Enseignement, apprentissage et \u00e9valuation : <\/b>enseignant d\u00e9butant<\/p>\n<p><b>Connaissance et conscience linguistiques : <\/b>enseignant d\u00e9butant<\/p>\n<p><b>D\u00e9veloppement professionnel et valeurs : <\/b>enseignant d\u00e9butant<\/p>\n<p><b>Comp\u00e9tences linguistiques : <\/b>erreur<\/p>\n<br>\n<form name=\"form\" onsubmit=\"CheckForm()\" action=\"\">\n                Au vu des r\u00e9sultats, j'ai le sentiment que, dans l'ensemble, je suis :&nbsp;\n                <select name=\"myOptions\" onchange=\"document.form.showValue.value=this.value\">\n                    <option value=\"\">-- Select level --<\/option>\n                    <option value=\"You might like to consider taking : TKT, CELTA, Distance training in methodology and language for teachers, The online reflective\">a Foundation Teacher<\/option>\n                    <option value=\"You might like to consider taking : CELTA, Distance training in methodology and language for teachers, The online reflective teachers' club.\">a Developing Teacher<\/option>\n                    <option value=\"You might like to consider taking : DELTA, CLIL Training, The online academic writing course, The online reflective teachers' club, Distance training in methodology and language for teachers\">a Proficient Teacher<\/option>\n                    <option value=\"You might like to consider taking : DELTA, CLIL Training, The online reflective teachers' club.\">an Expert Teacher<\/option>\n                <\/select>\n                <br><br>\n                <textarea class=\"w-100\" rows=\"6\" name=\"showValue\"><\/textarea>\n            <input type=\"hidden\" name=\"trp-form-language\" value=\"fr\"\/><\/form> \n\n\n\n<p><\/p>","protected":false},"excerpt":{"rendered":"","protected":false},"author":1,"featured_media":0,"parent":240,"menu_order":0,"comment_status":"closed","ping_status":"closed","template":"","meta":{"footnotes":""},"class_list":["post-252","page","type-page","status-publish","hentry"],"_links":{"self":[{"href":"https:\/\/www.theelthub.com\/fr\/wp-json\/wp\/v2\/pages\/252","targetHints":{"allow":["GET"]}}],"collection":[{"href":"https:\/\/www.theelthub.com\/fr\/wp-json\/wp\/v2\/pages"}],"about":[{"href":"https:\/\/www.theelthub.com\/fr\/wp-json\/wp\/v2\/types\/page"}],"author":[{"embeddable":true,"href":"https:\/\/www.theelthub.com\/fr\/wp-json\/wp\/v2\/users\/1"}],"replies":[{"embeddable":true,"href":"https:\/\/www.theelthub.com\/fr\/wp-json\/wp\/v2\/comments?post=252"}],"version-history":[{"count":4,"href":"https:\/\/www.theelthub.com\/fr\/wp-json\/wp\/v2\/pages\/252\/revisions"}],"predecessor-version":[{"id":580,"href":"https:\/\/www.theelthub.com\/fr\/wp-json\/wp\/v2\/pages\/252\/revisions\/580"}],"up":[{"embeddable":true,"href":"https:\/\/www.theelthub.com\/fr\/wp-json\/wp\/v2\/pages\/240"}],"wp:attachment":[{"href":"https:\/\/www.theelthub.com\/fr\/wp-json\/wp\/v2\/media?parent=252"}],"curies":[{"name":"wp","href":"https:\/\/api.w.org\/{rel}","templated":true}]}}