{"id":240,"date":"2021-04-19T08:38:16","date_gmt":"2021-04-19T08:38:16","guid":{"rendered":"http:\/\/localhost:85\/?page_id=240"},"modified":"2025-12-29T13:37:23","modified_gmt":"2025-12-29T13:37:23","slug":"the-elt-professional-development-quiz","status":"publish","type":"page","link":"https:\/\/www.theelthub.com\/fr\/the-elt-professional-development-quiz\/","title":{"rendered":"ELT Language &#8211; The ELT Professional Development Quiz"},"content":{"rendered":"<p>Si vous souhaitez am\u00e9liorer vos comp\u00e9tences p\u00e9dagogiques, que ce soit en suivant un cours de courte dur\u00e9e ou en participant \u00e0 un programme de formation \u00e0 distance, nous vous invitons \u00e0 r\u00e9pondre \u00e0 notre petit questionnaire ci-dessous afin de d\u00e9terminer votre niveau de comp\u00e9tence en mati\u00e8re de p\u00e9dagogie de l\u2019anglais.<\/p>\n\n\n\n<figure class=\"wp-block-image size-large\"><img loading=\"lazy\" decoding=\"async\" width=\"622\" height=\"420\" src=\"http:\/\/www.theelthub.com\/wp-content\/uploads\/2021\/04\/circle.jpg\" alt=\"\" class=\"wp-image-241\" srcset=\"https:\/\/www.theelthub.com\/wp-content\/uploads\/2021\/04\/circle.jpg 622w, https:\/\/www.theelthub.com\/wp-content\/uploads\/2021\/04\/circle-300x203.jpg 300w\" sizes=\"auto, (max-width: 622px) 100vw, 622px\" \/><\/figure>\n\n\n\n<p>Ce quiz est bas\u00e9 sur le <a href=\"https:\/\/www.theelthub.com\/fr\/en\/public\/pdf\/teaching-framework-summary.pdf\/\">Cadre d\u2019enseignement de l\u2019anglais de Cambridge<\/a> et vous pouvez acc\u00e9der \u00e0 la version compl\u00e8te du quiz ici :<br><a href=\"https:\/\/tracker.cambridgeenglish.org\/\">https:\/\/tracker.cambridgeenglish.org\/<\/a><br>Ce cadre de r\u00e9f\u00e9rence d\u00e9finit quatre niveaux de d\u00e9veloppement professionnel pour les enseignants, allant du niveau d\u00e9butant au niveau expert, et cinq cat\u00e9gories de comp\u00e9tences p\u00e9dagogiques. Chaque cat\u00e9gorie d\u00e9crit les comp\u00e9tences cl\u00e9s n\u00e9cessaires pour une pratique p\u00e9dagogique efficace \u00e0 chaque niveau. Ce cadre a un double objectif : aider les enseignants \u00e0 identifier leur niveau de comp\u00e9tences professionnelles et les encourager, ainsi que leurs employeurs, \u00e0 r\u00e9fl\u00e9chir \u00e0 leur \u00e9volution professionnelle et \u00e0 identifier les actions de formation appropri\u00e9es.<\/p>\n\n\n\n<p>Il existe cinq cat\u00e9gories, correspondant \u00e0 diff\u00e9rents domaines de comp\u00e9tences.<br>Vous devez r\u00e9pondre aux 14 questions.<\/p>\n\n\n<form method=\"post\" id=\"esolform\" action=\"\/fr\/the-elt-professional-development-quiz\/the-elt-professional-development-quiz-result\/\" data-trp-original-action=\"\/the-elt-professional-development-quiz\/the-elt-professional-development-quiz-result\/\">\n    <p>\n        <fieldset>\n            <legend><b>1 - Look at the list of these 10 terms. How many of them do you understand?<\/b><\/legend>\n            <p>Communicative language teaching, behaviorism, scaffolding, guided discovery, target language, TPR, mingle, skimming, eliciting, comprehensible input.<\/p>\n            <br>\n            <span class=\"radio-container\">\n                <input type=\"radio\"  name=\"c1\" value=\"1\" required> I think I know one or two.<br>\n                <input type=\"radio\"  name=\"c1\" value=\"2\" required> I have a good understanding of 4-7 terms.<br>\n                <input type=\"radio\"  name=\"c1\" value=\"3\" required> I understand more than 7 of them.<br>\n                <input type=\"radio\"  name=\"c1\" value=\"4\" required> I have detailed understanding of each one of them.\n            <\/span>\n        <\/fieldset>\n    <\/p>\n    <br>\n    <p>\t\t\n        <fieldset>\n            <legend><b>2 - Which statement describes you best?<\/b><\/legend>\n            <span class=\"radio-container\">\n                <input type=\"radio\"  name=\"d1\" value=\"1\" required> I really need feedback on my lessons to know what worked and what didn\u2019t. When someone explains to me what I did wrong, I find it very useful and learn from it.<br>\n                <input type=\"radio\"  name=\"d1\" value=\"2\" required> Even before I get feedback from the observer, I already have a good idea of what went well and badly in my lesson. Still, feedback is useful \u2013 I get a lot of new ideas.<br>\n                <input type=\"radio\"  name=\"d1\" value=\"3\" required> I tend to reflect on my teaching quite often, evaluating it and trying to learn from my experience. I\u2019m happy for my colleagues to see my lessons \u2013 I enjoy the discussions afterwards.<br>\n                <input type=\"radio\"  name=\"d1\" value=\"4\" required> I think very thoroughly about each lesson I give, trying to identify precisely the areas I need to work on in  my next lessons. I enjoy experimenting and trying new things, and I often watch videos and webinars and read articles on professional development.\n            <\/span>\n        <\/fieldset>\n    <\/p>\n    <br>\n    <p>\t\t\n        <fieldset>\n            <legend><b>3 - Look at the list of these 10 terms. How many of them do you understand?<\/b><\/legend>\n            <p>A transitive verb; a prefix; an idiom; colligation; minimal pairs; juncture; Future Perfect; a class noun; a gerund; 3rd conditional<\/p>\n            <br>\n            <span class=\"radio-container\">\n                <input type=\"radio\"  name=\"c2\" value=\"1\" required> I think I know about half or less.<br>\n                <input type=\"radio\"  name=\"c2\" value=\"2\" required> I think I know most of them, but I\u2019m not sure I could explain them.<br>\n                <input type=\"radio\"  name=\"c2\" value=\"3\" required> I understand most of them and could probably explain them to students with some preparation.<br>\n                <input type=\"radio\"  name=\"c2\" value=\"4\" required> I have detailed understanding of each one of them.\n            <\/span>\n        <\/fieldset>\n    <\/p>\n    <br>\n    <p>\t\t\n        <fieldset>\n            <legend><b>4 - Which statement describes you best?<\/b><\/legend>\n            <span class=\"radio-container\">\n                <input type=\"radio\"  name=\"b1\" value=\"1\" required> I usually teach the material more or less like it is in the book.<br>\n                <input type=\"radio\"  name=\"b1\" value=\"2\" required> Sometimes I teach straight from the book, and sometimes I change the way the material is presented in the book to suit my learners.\t<br>\n                <input type=\"radio\"  name=\"b1\" value=\"3\" required> I often plan my lessons  independently \u2013 I know my learners well, I know what they enjoy and what is good for them. <br>\n                <input type=\"radio\"  name=\"b1\" value=\"4\" required> I almost never teach straight from the book. I plan my lessons based on my knowledge of my learners and on what I have read about Second Language Acquisition\n            <\/span>\n        <\/fieldset>\n    <\/p>\n    <br>\n    <p>\t\t\n        <fieldset>\n            <legend><b>5 - Which statement describes you best?<\/b><\/legend>\n            <span class=\"radio-container\">\n                <input type=\"radio\"  name=\"a1\" value=\"1\" required> I use the teacher\u2019s book a lot in my lesson planning and tend to follow what it says most of the time. If someone gave me some material and asked to plan a lesson based on it in 5 minutes, I would find this very challenging.<br>\n                <input type=\"radio\"  name=\"a1\" value=\"2\" required> I understand how to stage reading, listening, grammar and writing lessons. I can plan my own lessons, and they all generally follow the same pattern. I can be creative with warmers and lead-ins, though and I sometimes use authentic materials.<br>\n                <input type=\"radio\"  name=\"a1\" value=\"3\" required> I understand how to use such approaches as Task-Based Learning, Guided Discovery, Test-Teach-Test and others, and I vary the approaches I use in my teaching. I use a lot of authentic materials and I love designing my own lessons and tasks.<br>\n                <input type=\"radio\"  name=\"a1\" value=\"4\" required> I have read a lot on methodology, and I often go to workshops and webinars. There are plenty of approaches I can use and I also have a lot of tried-and-tested activities I have designed\/collected during the years. I can use all of these flexibly based on my learners\u2019 interests and needs.\n            <\/span>\n        <\/fieldset>\n    <\/p>\n    <br>\n    <p>\t\t\n        <fieldset>\n            <legend><b>6 - Which statement describes you best?<\/b><\/legend>\n            <span class=\"radio-container\">\n                <input type=\"radio\"  name=\"d2\" value=\"1\" required> I am not quite sure what to do to develop as a teacher. I find it hard to assess my own strengths and weaknesses as a teacher, and I am not sure what resources are available online and in my area.<br>\n                <input type=\"radio\"  name=\"d2\" value=\"2\" required> I think I have quite an accurate idea of what I need to work on \u2013 but I always appreciate ideas for how to do this and which resources are available.\t<br>\n                <input type=\"radio\"  name=\"d2\" value=\"3\" required> I know my own strengths and weaknesses well, and if I watch another teacher\u2019s lesson I can give them some useful feedback.<br>\n                <input type=\"radio\"  name=\"d2\" value=\"4\" required> I am very well aware of my strengths and weaknesses and have a clear plan for self-development in terms of my teaching skills and career goals. I regularly observe other teachers and support them.\n            <\/span>\n        <\/fieldset>\n    <\/p>\n    <br>\n    <p>\t\t\n        <fieldset>\n            <legend><b>7 - Which statement describes you best?<\/b><\/legend>\n            <span class=\"radio-container\">\n                <input type=\"radio\"  name=\"b2\" value=\"1\" required> I don\u2019t find teaching too difficult. I see it as quite a simple process, in which I teach the students the material and they study it. My teaching is not very different from how I was taught myself.<br>\n                <input type=\"radio\"  name=\"b2\" value=\"2\" required> I sometimes find it hard to manage the class. There are so many things to do \u2013 monitoring, writing on the board, eliciting, concept-checking, drilling, focusing on the language, keeping the right pace\u2026 If I focus on something, something else slips.  It can also be difficult to focus on what I need to do and to react to the learners at the same time.<br>\n                <input type=\"radio\"  name=\"b2\" value=\"3\" required> I am confident that my students enjoy my classes \u2013 there is always a variety of activities, everyone is involved even when the class is mixed-ability, and the results are good. I use different resources, including multimedia and online ones. At the moment, I feel that my teaching is very good in practice \u2013 but I would like to know more about the theory and the research behind what we do in the classroom.<br>\n                <input type=\"radio\"  name=\"b2\" value=\"4\" required> I have been a teacher for a few years and feel very confident in the classroom. I am very flexible and have a variety of techniques I can use. I understand teaching approaches quite well. My knowledge of theory, my reading and research contribute to what I do in the classroom.\n            <\/span>\n        <\/fieldset>\n    <\/p>\n    <br>\n    <p>\t\t\n        <fieldset>\n            <legend><b>8 - Which statement describes you best?<\/b><\/legend>\n            <span class=\"radio-container\">\n                <input type=\"radio\"  name=\"c3\" value=\"1\" required> I find it very difficult to answer students\u2019 questions. Reference books help, but I\u2019m still not really confident.<br>\n                <input type=\"radio\"  name=\"c3\" value=\"2\" required> If I have access to dictionaries and grammar reference books, I can answer most of my students\u2019 questions.<br>\n                <input type=\"radio\"  name=\"c3\" value=\"3\" required> I can answer most of my students\u2019 grammar and vocabulary questions without having to look anything up.<br>\n                <input type=\"radio\"  name=\"c3\" value=\"4\" required> I can give students detailed answers to most of their grammar and vocabulary questions without needing reference material.\n            <\/span>\n        <\/fieldset>\n    <\/p>\n    <br>\n    <p>\t\t\n        <fieldset>\n            <legend><b>9 - Which statement describes you best?<\/b><\/legend>\n            <span class=\"radio-container\">\n                <input type=\"radio\"  name=\"e1\" value=\"1\" required> I can recognise basic errors my students make and I can myself formulate simple sentences and interact with other English speakers on simple points of information.  I believe I am at level A2 or above on the CECR.<br>\n                <input type=\"radio\"  name=\"e1\" value=\"2\" required> I can recognise most of my students\u2019 errors and I can react to them appropriately in English, particularly in exchanges which I\u2019ve planned. I can hold conversations on routine subjects with my colleagues and I believe my level is at least B1 on the CECR.<br>\n                <input type=\"radio\"  name=\"e1\" value=\"3\" required> I can correct my students\u2019 mistakes in spontaneous exchanges with them. I can teach classes up to B2 level and I can interact with my colleagues in all professional situations. My own English is at B2 Level at least.<br>\n                <input type=\"radio\"  name=\"e1\" value=\"4\" required> I can use a wide range of language in the classroom which is consistently accurate. I can correct my students accurately without hesitation. I can converse freely in just about all situations. My own English is at least at C1 level.\n            <\/span>\n        <\/fieldset>\n    <\/p>\n    <br>\n    <p>\t\t\n        <fieldset>\n            <legend><b>10 - Which statement describes you best?<\/b><\/legend>\n            <span class=\"radio-container\">\n                <input type=\"radio\"  name=\"b3\" value=\"1\" required> I can use a coursebook in my classes but I don\u2019t know really how to adapt its content. I mainly write on the whiteboard and use a CD player and I sometimes show a video but I\u2019m not confident in exploiting it fully for my lesson.<br>\n                <input type=\"radio\"  name=\"b3\" value=\"2\" required> I can exploit and adapt my coursebook in a variety of ways and I do sometimes integrate web-based materials in my lessons with some improvisation. I\u2019m quite flexible in my use of resources and I don\u2019t just limit myself to the whiteboard.<br>\n                <input type=\"radio\"  name=\"b3\" value=\"3\" required> I\u2019m very comfortable in the selection, adaptation and supplementing of coursebook material. I regularly use web-based materials and I have a good understanding of how to integrate them into my classes according to my learners\u2019 needs.<br>\n                <input type=\"radio\"  name=\"b3\" value=\"4\" required> I have a very developed understanding of how to select, adapt and supplement materials. I\u2019m very confident in using the web in my teaching and I know exactly why and how to use it to help my learners and I always adapt my materials to motivate and engage them as much as possible.\n            <\/span>\n        <\/fieldset>\n    <\/p>\n    <br>\n    <p>\t\t\n        <fieldset>\n            <legend><b>11 - Which statement describes you best?<\/b><\/legend>\n            <span class=\"radio-container\">\n                <input type=\"radio\"  name=\"b4\" value=\"1\" required> I have a couple of ways of teaching grammar which I stick to and I know one or two ways of helping my students improve their pronunciation. I help my students in their writing by teaching them how to link sentences with linkers such as \u2018and\u2019 , \u2018but\u2019 and \u2018however\u2019.<br>\n                <input type=\"radio\"  name=\"b4\" value=\"2\" required> I can teach grammar in a variety of ways in my lessons and I sometimes use phonemic symbols when helping my learners with their pronunciation problems. I understand the principles underlying discourse and I try to help my learners structure their speaking and writing more effectively.<br>\n                <input type=\"radio\"  name=\"b4\" value=\"3\" required> In my lessons I know how to help my learners acquire more vocabulary on their own and I can adapt my lesson frameworks when teaching grammar to best suit my students\u2019 needs. I can vary my techniques when dealing with the pronunciation problems my students have to include both isolated and integrated phonology activities. I feel very comfortable in using the phonetic chart and I have a variety of techniques at my disposal for helping them with discourse.<br>\n                <input type=\"radio\"  name=\"b4\" value=\"4\" required> I have a very wide repertoire of techniques for teaching both grammar and vocabulary. I am very strong at teaching phonology and I deal with stress, connected speech and intonation issues using a wide variety of techniques. I also have a wide variety of techniques for teaching many different discourse features in both writing and speaking.\n            <\/span>\n        <\/fieldset>\n    <\/p>\n    <br>\n    <p>\t\t\n        <fieldset>\n            <legend><b>12 - Which statement describes you best?<\/b><\/legend>\n            <span class=\"radio-container\">\n                <input type=\"radio\"  name=\"b5\" value=\"1\" required> I help my students with listening by playing the audio on the CD player and then getting them to answer the comprehension questions prepared beforehand or included in the coursebook. Similarly for reading, I tend to give them a set amount of time to read a text and then have my students either write down their answers to pre-set questions or I just ask infieldsetiduals to answer the questions in whole class feedback.<br>\n                <input type=\"radio\"  name=\"b5\" value=\"2\" required> I like to prepare my students before playing an audio track, either by talking about the topic or by getting them to anticipate what they are going to hear. Similarly, when dealing with reading lessons I try to think of activities they could do after we\u2019ve studied the text together to further their engagement with the particular topic.<br>\n                <input type=\"radio\"  name=\"b5\" value=\"3\" required> When I prepare a listening or a reading lesson I try and integrate another skill, for example I might have the students do some talking or writing as well. I pay a lot of attention to how I stage the lesson and I have a variety of techniques at my disposal to make sure I prepare them fully before listening and help them whilst listening to ensure they have understood aspects of connected speech that arise in the recording.<br>\n                <input type=\"radio\"  name=\"b5\" value=\"4\" required> I have a very developed understanding of the techniques and the principles for teaching receptive skills lessons. In planning these lessons I integrate other skills and I intervene during the lessons appropriately in order to develop their sub-skills. I can fine-tune my techniques according to the level and the needs of my students.\n            <\/span>\n        <\/fieldset>\n    <\/p>\n    <br>\n    <p>\t\t\n        <fieldset>\n            <legend><b>13 - Which statement describes you best?<\/b><\/legend>\n            <span class=\"radio-container\">\n                <input type=\"radio\"  name=\"b6\" value=\"1\" required> I teach speaking by trying to get my learners to talk about a particular subject I think will interest them. I often ask them questions to try and animate the discussion. I give them practice in writing, for example, by giving them articles in English on interesting topics and asking them to write something on the same subject from their point of view.<br>\n                <input type=\"radio\"  name=\"b6\" value=\"2\" required> When I teach speaking and writing I pay attention to preparatory stages to help my students in thinking about what they are going to produce in terms of language.  I try to help them during their speaking and writing by allowing for wait time, self and peer correction.<br>\n                <input type=\"radio\"  name=\"b6\" value=\"3\" required> I like to integrate other skills into my speaking and writing lessons. I can stage my productive skills lessons easily and in the classroom I have a variety of techniques at my disposal for developing my learners\u2019 skills.  I am aware of scaffolding techniques and I try to integrate them as much as possible.<br>\n                <input type=\"radio\"  name=\"b6\" value=\"4\" required> I am very experienced at teaching speaking and writing and I understand the principles behind the different staging options in productive skills lessons. I pay a lot of attention to developing my learners productive skills by varying my techniques according to their needs and I frequently integrate receptive skills as well into these lessons. I have developed a sophisticated understanding and ability in this area.\n            <\/span>\n        <\/fieldset>\n    <\/p>\n    <br>\n    <p>\t\t\n        <fieldset>\n            <legend><b>14 - Which statement describes you best?<\/b><\/legend>\n            <span class=\"radio-container\">\n                <input type=\"radio\"  name=\"b7\" value=\"1\" required> I can prepare my learners for the TOEIC test and in my classes I pay attention to telling them if they\u2019ve done well at a particular activity. I also correct any written work I set them.<br>\n                <input type=\"radio\"  name=\"b7\" value=\"2\" required> I have some experience and knowledge of a range of exams, such as the Cambridge First Certificate and the TOEFL exam. I often design comprehension multiple-choice or gap-fill tests for my students and I\u2019m able to conduct tests included in my course materials. In my lessons I give clear feedback to my students after an activity and after any test they sit.<br>\n                <input type=\"radio\"  name=\"b7\" value=\"3\" required> I understand the principles of testing; concepts such as validity and reliability for example. I\u2019m also aware of the wider role of testing in education, the effect of washback for example. I design my own written and oral tests for my students in order to assess their progress and I use the results to inform my design of subsequent lessons. I see testing as an integral part of their learning when designed for their learning.<br>\n                <input type=\"radio\"  name=\"b7\" value=\"4\" required> I know the ins and outs of all the major English tests. I have a detailed understanding of the principles behind testing and I can also judge levels easily using the kind of criteria found in the IELTS test. I design my own written and oral tests consistently and thoroughly. In class I give detailed and infieldsetidualized feedback to my students on their strengths and weaknesses using both formal and informal assessment techniques and I use the knowledge gained to set priorities for infieldsetiduals and the class.\n            <\/span>\n        <\/fieldset>\t\n    <\/p>\n    <br>\n    <p>\n        <input class=\"submit\" type=\"submit\" value=\" See what Level you are \">\n    <\/p>\n<input type=\"hidden\" name=\"trp-form-language\" value=\"fr\"\/><\/form>","protected":false},"excerpt":{"rendered":"<p>If you are looking to improve your skills in teaching, either by taking a short course, or maybe by enrolling on a distance programme, then first<span class=\"excerpt-hellip\"> [\u2026]<\/span><\/p>\n","protected":false},"author":1,"featured_media":0,"parent":0,"menu_order":1,"comment_status":"closed","ping_status":"closed","template":"","meta":{"footnotes":""},"class_list":["post-240","page","type-page","status-publish","hentry"],"_links":{"self":[{"href":"https:\/\/www.theelthub.com\/fr\/wp-json\/wp\/v2\/pages\/240","targetHints":{"allow":["GET"]}}],"collection":[{"href":"https:\/\/www.theelthub.com\/fr\/wp-json\/wp\/v2\/pages"}],"about":[{"href":"https:\/\/www.theelthub.com\/fr\/wp-json\/wp\/v2\/types\/page"}],"author":[{"embeddable":true,"href":"https:\/\/www.theelthub.com\/fr\/wp-json\/wp\/v2\/users\/1"}],"replies":[{"embeddable":true,"href":"https:\/\/www.theelthub.com\/fr\/wp-json\/wp\/v2\/comments?post=240"}],"version-history":[{"count":10,"href":"https:\/\/www.theelthub.com\/fr\/wp-json\/wp\/v2\/pages\/240\/revisions"}],"predecessor-version":[{"id":2163,"href":"https:\/\/www.theelthub.com\/fr\/wp-json\/wp\/v2\/pages\/240\/revisions\/2163"}],"wp:attachment":[{"href":"https:\/\/www.theelthub.com\/fr\/wp-json\/wp\/v2\/media?parent=240"}],"curies":[{"name":"wp","href":"https:\/\/api.w.org\/{rel}","templated":true}]}}