{"id":1114,"date":"2022-03-01T09:03:33","date_gmt":"2022-03-01T09:03:33","guid":{"rendered":"https:\/\/www.theelthub.com\/?page_id=1114"},"modified":"2025-12-29T13:28:42","modified_gmt":"2025-12-29T13:28:42","slug":"certp-2","status":"publish","type":"page","link":"https:\/\/www.theelthub.com\/fr\/certp-2\/","title":{"rendered":"CertPT"},"content":{"rendered":"<h3 class=\"wp-block-heading\">Le CertPT, qu\u2019est-ce que c\u2019est ?<\/h3>\n\n\n\n<p>Le Certificate for Practising Teachers de Trinity College London, ou CertPT (certificat pour enseignants en exercice) est une qualification de perfectionnement visant au d\u00e9veloppement professionnel des enseignants en langue anglaise.<\/p>\n\n\n\n<p>En mettant en avant le d\u00e9veloppement des connaissances et comp\u00e9tences p\u00e9dagogiques, le CertPT de Trinity permet aux enseignants en exercice, y compris ceux dont la comp\u00e9tence linguistique est inf\u00e9rieure au niveau CECRL C1, d\u2019acc\u00e9der \u00e0 une formation et certification sp\u00e9cialis\u00e9e susceptible de transformer leur pratique de l\u2019enseignement.<\/p>\n\n\n\n<p>Le CertPT de Trinity s\u2019adresse aux enseignants d\u00e9sireux de mettre \u00e0 jour, de perfectionner et d\u2019enrichir leur pratique professionnelle d\u2019enseignement. La formation tire parti des connaissances p\u00e9dagogiques th\u00e9oriques et pratiques d\u2019enseignants TESOL qualifi\u00e9s tout en mettant l\u2019accent sur l\u2019acquisition et l\u2019am\u00e9lioration des comp\u00e9tences sp\u00e9cialis\u00e9es n\u00e9cessaires pour d\u00e9velopper et faire usage de ressources p\u00e9dagogiques efficaces.<\/p>\n\n\n\n<p>Les participants \u00e0 la formation d\u00e9veloppent leur capacit\u00e9 \u00e0 \u00e9valuer, adapter et cr\u00e9er des ressources p\u00e9dagogiques en fonction du contexte, et \u00e0 r\u00e9fl\u00e9chir \u00e0 leur utilisation. Le CertPT de Trinity est une qualification de niveau 6, situ\u00e9e entre le certificat initial de formation des enseignants (niveau 5) et le dipl\u00f4me p\u00e9dagogique avanc\u00e9 (niveau 7).<\/p>\n\n\n\n<p>Comme pour toutes les autres qualifications de Trinity, un accent particulier est port\u00e9 sur la contextualisation, la personnalisation, les applications pratiques et la r\u00e9flexion critique.<\/p>\n\n\n\n<h3 class=\"wp-block-heading\">Pr\u00e9requis \u00e0 l\u2019entr\u00e9e en formation<\/h3>\n\n\n\n<p>Le CertPT \u00e9tant une qualification de d\u00e9veloppement p\u00e9dagogique en cours d\u2019emploi, les participants doivent n\u00e9cessairement justifier au minimum :<\/p>\n\n\n\n<ul class=\"wp-block-list\">\n<li>D\u2019une qualification de formation \u00e0 l\u2019enseignement, par exemple le CertTESOL de Trinity ou une qualification p\u00e9dagogique officielle locale, ainsi que d\u2019un minimum de six mois d\u2019exp\u00e9rience de l\u2019enseignement.<\/li>\n<\/ul>\n\n\n\n<p>OU<\/p>\n\n\n\n<ul class=\"wp-block-list\">\n<li>D\u2019une exp\u00e9rience de l\u2019enseignement substantielle (au moins deux ans) permettant au candidat de remplir les travaux d\u2019\u00e9valuation avec le niveau requis.<\/li>\n<\/ul>\n\n\n\n<h3 class=\"wp-block-heading\">A qui s\u2019adresse le CertPT ?<\/h3>\n\n\n\n<ul class=\"wp-block-list\">\n<li>Aux enseignants titulaires d\u2019une qualification p\u00e9dagogique initiale souhaitant attester du perfectionnement de connaissances et comp\u00e9tences sp\u00e9cialis\u00e9es relatives \u00e0 l\u2019adaptation des ressources en fonction du contexte.<\/li>\n\n\n\n<li>Aux enseignants titulaires d\u2019un certificat initial d\u2019enseignement de la langue anglaise de niveau 5 cherchant \u00e0 faire progresser leurs carri\u00e8res par l\u2019acquisition d\u2019une qualification de niveau 6 attestant de leur d\u00e9veloppement professionnel avant de pr\u00e9parer un dipl\u00f4me avanc\u00e9 DipTESOL (Diploma in TESOL) de niveau 7.<\/li>\n\n\n\n<li>Aux enseignants exp\u00e9riment\u00e9s d\u00e9sireux de suivre un cours en d\u00e9veloppement professionnel men\u00e9 en anglais.<\/li>\n<\/ul>\n\n\n\n<p>Le CertPT suscitera aussi l\u2019int\u00e9r\u00eat des directeurs d\u2019\u00e9coles d\u00e9sireux de soutenir le d\u00e9veloppement professionnel continu de leur personnel d\u2019enseignement de la langue anglaise, de mani\u00e8re \u00e0 \u00e9lever les standards et \u00e0 encourager \u00e0 de meilleures pratiques au sein de leurs \u00e9tablissements.<\/p>\n\n\n\n<h3 class=\"wp-block-heading\">Les programmes CertPT propos\u00e9s par The ELT Hub :<\/h3>\n\n\n\n<p><a href=\"https:\/\/www.theelthub.com\/fr\/en\/certp-2\/certp-certificate-for-practising-teachers-english-as-a-medium-of-instruction\/\" target=\"_blank\" rel=\"noreferrer noopener\">Certificat pour les enseignants en exercice : l\u2019anglais comme langue d\u2019enseignement<\/a><\/p>\n\n\n\n<p><a href=\"https:\/\/www.theelthub.com\/fr\/en\/certp-2\/certp-certificate-for-practising-teachers-communicative-methods-and-materials-design\/\" target=\"_blank\" rel=\"noreferrer noopener\">Certificat pour les enseignants en activit\u00e9 : M\u00e9thodes et outils p\u00e9dagogiques ax\u00e9s sur la communication<\/a><\/p>\n\n\n\n<p><a href=\"https:\/\/www.theelthub.com\/fr\/en\/certp-certificate-for-practising-teachers-young-learners-yl\/\" target=\"_blank\" rel=\"noreferrer noopener\">Certificat pour les enseignants en activit\u00e9 : Enfants et jeunes apprenants (YL)<\/a><\/p>","protected":false},"excerpt":{"rendered":"<p>What is the CertPT ? The Trinity Certificate for Practising Teachers (CertPT) is an in-service qualification that supports the professional development of English language teachers. Promoting<span class=\"excerpt-hellip\"> [\u2026]<\/span><\/p>\n","protected":false},"author":1,"featured_media":0,"parent":0,"menu_order":0,"comment_status":"closed","ping_status":"closed","template":"","meta":{"footnotes":""},"class_list":["post-1114","page","type-page","status-publish","hentry"],"_links":{"self":[{"href":"https:\/\/www.theelthub.com\/fr\/wp-json\/wp\/v2\/pages\/1114","targetHints":{"allow":["GET"]}}],"collection":[{"href":"https:\/\/www.theelthub.com\/fr\/wp-json\/wp\/v2\/pages"}],"about":[{"href":"https:\/\/www.theelthub.com\/fr\/wp-json\/wp\/v2\/types\/page"}],"author":[{"embeddable":true,"href":"https:\/\/www.theelthub.com\/fr\/wp-json\/wp\/v2\/users\/1"}],"replies":[{"embeddable":true,"href":"https:\/\/www.theelthub.com\/fr\/wp-json\/wp\/v2\/comments?post=1114"}],"version-history":[{"count":22,"href":"https:\/\/www.theelthub.com\/fr\/wp-json\/wp\/v2\/pages\/1114\/revisions"}],"predecessor-version":[{"id":2161,"href":"https:\/\/www.theelthub.com\/fr\/wp-json\/wp\/v2\/pages\/1114\/revisions\/2161"}],"wp:attachment":[{"href":"https:\/\/www.theelthub.com\/fr\/wp-json\/wp\/v2\/media?parent=1114"}],"curies":[{"name":"wp","href":"https:\/\/api.w.org\/{rel}","templated":true}]}}