{"id":1054,"date":"2022-02-14T09:15:00","date_gmt":"2022-02-14T09:15:00","guid":{"rendered":"https:\/\/www.theelthub.com\/?page_id=1054"},"modified":"2025-12-29T14:49:52","modified_gmt":"2025-12-29T14:49:52","slug":"elt-language-dcl","status":"publish","type":"page","link":"https:\/\/www.theelthub.com\/fr\/elt-language-dcl\/","title":{"rendered":"DCL"},"content":{"rendered":"<p>Le dipl\u00f4me de comp\u00e9tence en langue (DCL) est un dipl\u00f4me national professionnel cr\u00e9\u00e9 sp\u00e9cialement pour les adultes. Il r\u00e9pond aux besoins du monde \u00e9conomique. Son originalit\u00e9 : \u00e9valuer les comp\u00e9tences langagi\u00e8res dans une situation proche de la r\u00e9alit\u00e9 de travail. En fonction de leur performance, les candidats obtiennent le dipl\u00f4me avec la mention d\u2019un des niveaux du Cadre europ\u00e9en commun de r\u00e9f\u00e9rence pour les langues (CECRL).<\/p>\n\n\n\n<h3 class=\"wp-block-heading\"><a><\/a> Le DCL, une certification pour la vie professionnelle<\/h3>\n\n\n\n<p><strong>Le DCL atteste les comp\u00e9tences acquises en langue de communication usuelle et professionnelle<\/strong> communes \u00e0 l\u2019ensemble des secteurs d\u2019activit\u00e9 \u00e9conomique. L\u2019\u00e9preuve se d\u00e9roule sous la forme d\u2019une \u00e9tude de cas o\u00f9 s\u2019encha\u00eenent, comme dans la vie professionnelle, des t\u00e2ches vari\u00e9es.<\/p>\n\n\n\n<p><br><strong>Le DCL est un dipl\u00f4me national professionnel qui s\u2019inscrit dans la d\u00e9marche qualit\u00e9<\/strong> Eduform et concerne quatre sp\u00e9cialit\u00e9s et treize langues.<\/p>\n\n\n\n<p><br>The ELT Hub vous offre \u00e0 pr\u00e9parer votre DCL en :<\/p>\n\n\n\n<ul class=\"wp-block-list\">\n<li>Anglais<\/li>\n\n\n\n<li>Fran\u00e7ais Langue Etrang\u00e8re (FLE)<\/li>\n<\/ul>\n\n\n\n<h3 class=\"wp-block-heading\"><a><\/a> Qui est concern\u00e9 par le DCL ?<\/h3>\n\n\n\n<p><strong>Le DCL a \u00e9t\u00e9 cr\u00e9\u00e9 sp\u00e9cialement pour les adultes et correspond aux besoins du monde professionnel.<\/strong><\/p>\n\n\n\n<p><br>Il permet aux <strong>entreprises <\/strong>de s\u2019assurer de la comp\u00e9tence en langue de leurs collaborateurs au-del\u00e0 de la formule \u00ab\u00a0lu, \u00e9crit, parl\u00e9\u00a0\u00bb.<\/p>\n\n\n\n<p><br>Pour les <strong>salari\u00e9s, demandeurs d\u2019emploi, stagiaires de la formation professionnelle, \u00e9tudiants et particuliers,<\/strong>cette d\u00e9marche peut s\u2019inscrire dans une perspective de :<\/p>\n\n\n\n<ul class=\"wp-block-list\">\n<li>d\u00e9veloppement personnel<\/li>\n\n\n\n<li>d\u2019insertion professionnelle<\/li>\n\n\n\n<li>de reconversion<\/li>\n\n\n\n<li>d\u2019\u00e9volution et de mobilit\u00e9<\/li>\n<\/ul>\n\n\n\n<p>Le DCL est \u00e9ligible au Plan de d\u00e9veloppement des comp\u00e9tences, Compte Personnel de Formation (CPF), CPF de transition professionnelle, Contrat de S\u00e9curisation Professionnelle (CSP) et PRO-A.<\/p>\n\n\n\n<p>Code CPF Anglais RS5457<\/p>\n\n\n\n<p>Code CPF FLE RS5454<\/p>\n\n\n\n<h3 class=\"wp-block-heading\"><a><\/a>Les atouts du DCL<\/h3>\n\n\n\n<ul class=\"wp-block-list\">\n<li>c\u2019est un dipl\u00f4me national professionnel inscrit au Registre Sp\u00e9cifique de France Comp\u00e9tences<\/li>\n\n\n\n<li>il est align\u00e9 sur les niveaux du CECRL<\/li>\n\n\n\n<li>sa dur\u00e9e de validit\u00e9 est illimit\u00e9e<\/li>\n\n\n\n<li>il \u00e9value toutes les dimensions de la comp\u00e9tence en langue<\/li>\n\n\n\n<li>un taux de r\u00e9ussite sup\u00e9rieur \u00e0 90%<\/li>\n\n\n\n<li>une seule et m\u00eame \u00e9preuve pour tous, un r\u00e9sultat en fonction de la performance<\/li>\n<\/ul>\n\n\n\n<h3 class=\"wp-block-heading\"><a><\/a> Les domaines de comp\u00e9tence \u00e9valu\u00e9s<\/h3>\n\n\n\n<p>Le DCL valide <strong>cinq domaines de comp\u00e9tence<\/strong> in langue de communication usuelle et professionnelle :<\/p>\n\n\n\n<ul class=\"wp-block-list\">\n<li>compr\u00e9hension de l\u2019\u00e9crit<\/li>\n\n\n\n<li>compr\u00e9hension de l\u2019oral ou de la langue des signes fran\u00e7aise (LSF)<\/li>\n\n\n\n<li>expression orale ou expression en LSF<\/li>\n\n\n\n<li>expression \u00e9crite<\/li>\n\n\n\n<li>interaction \u00e0 l\u2019oral ou en LSF<\/li>\n<\/ul>\n\n\n\n<p>Au terme de l\u2019\u00e9preuve, le jury attribue aux laur\u00e9ats, en fonction de la performance r\u00e9alis\u00e9e, l\u2019un des niveaux du Cadre Europ\u00e9en Commun de R\u00e9f\u00e9rence pour les Langues : de A1-A2 pour le Fran\u00e7ais Professionnel de premier niveau et de A2-C1 pour toutes les autres langues.<\/p>\n\n\n\n<h3 class=\"wp-block-heading\"><a><\/a> L\u2019objectif de notre prestation<\/h3>\n\n\n\n<p>D\u2019offrir un accompagnement personnalis\u00e9 tant en la familiarisation au DCL qu\u2019en le d\u00e9veloppement des comp\u00e9tences linguistiques n\u00e9cessaires pour sa r\u00e9ussite.<\/p>\n\n\n\n<h3 class=\"wp-block-heading\"><a><\/a>Le Contenu de la formation :<\/h3>\n\n\n\n<ul class=\"wp-block-list\">\n<li>Pr\u00e9sentation du Cadre Europ\u00e9en Commun de R\u00e9f\u00e9rence pour les Langues (CECRL)<\/li>\n\n\n\n<li>Pr\u00e9sentation des principes et de l\u2019organisation g\u00e9n\u00e9rale de l\u2019examen. Entra\u00eenement cibl\u00e9 de la phase 1 \u00e0 la phase 5 du DCL FLE<\/li>\n\n\n\n<li>Passation d\u2019un examen blanc en condition r\u00e9elle<\/li>\n\n\n\n<li>Envoi d\u2019exercices cibl\u00e9s pour un travail individuel et personnalis\u00e9 avec attention aux quatre comp\u00e9tences requis pour r\u00e9ussir le DCL (expression orale, \u00e9crite et compr\u00e9hension de l\u2019oral et de l\u2019\u00e9crit).<\/li>\n<\/ul>\n\n\n\n<h3 class=\"wp-block-heading\"><a><\/a>Terms and conditions:<\/h3>\n\n\n\n<ul class=\"wp-block-list\">\n<li>Formation pr\u00e9sentielle et \u00e0 distance (via Zoom)<\/li>\n\n\n\n<li>De pr\u00e9f\u00e9rence en groupe qui permet une approche participative et active, fond\u00e9e sur les mises en situation, les \u00e9changes et la prise de parole. En cas d\u2019un apprenant individuel le formateur\/formatrice prendra le r\u00f4le de l\u2019interlocuteur.<\/li>\n\n\n\n<li>Alternance d\u2019apports th\u00e9oriques et de mise en place<\/li>\n\n\n\n<li>P\u00e9dagogie centr\u00e9e sur l\u2019apprenant<\/li>\n\n\n\n<li>Retour d\u00e9taill\u00e9 apr\u00e8s chaque travail individuel fourni par l\u2019apprenant. \u00c9valuation formative individualis\u00e9e, par le biais de la passation d\u2019un DCL blanc.<\/li>\n<\/ul>\n\n\n\n<h3 class=\"wp-block-heading\"><a><\/a>Dur\u00e9e et Tarif :<\/h3>\n\n\n\n<ul class=\"wp-block-list\">\n<li>30 heures 1,400 \u20ac \/candidat TTC<\/li>\n\n\n\n<li>50 heures 2,300 \u20ac\/candidat TTC<\/li>\n<\/ul>\n\n\n\n<p>Le prix d\u2019enregistrement \u00e0 l\u2019examen de DCL n\u2019est pas compris.<br>Tarif d\u00e9gressif pour des groupes.<\/p>\n\n\n\n<h3 class=\"wp-block-heading\"><a><\/a>Pr\u00e9-requis :<\/h3>\n\n\n\n<p>Un niveau B1 pour le DCL Anglais et A2 pour le DCL FLE.<\/p>","protected":false},"excerpt":{"rendered":"<p>The Language Proficiency Diploma (DCL) is a national professional qualification for adults. It addresses the needs of the business world. Its unique feature lies in its<span class=\"excerpt-hellip\"> [\u2026]<\/span><\/p>\n","protected":false},"author":1,"featured_media":0,"parent":0,"menu_order":0,"comment_status":"closed","ping_status":"closed","template":"","meta":{"footnotes":""},"class_list":["post-1054","page","type-page","status-publish","hentry"],"_links":{"self":[{"href":"https:\/\/www.theelthub.com\/fr\/wp-json\/wp\/v2\/pages\/1054","targetHints":{"allow":["GET"]}}],"collection":[{"href":"https:\/\/www.theelthub.com\/fr\/wp-json\/wp\/v2\/pages"}],"about":[{"href":"https:\/\/www.theelthub.com\/fr\/wp-json\/wp\/v2\/types\/page"}],"author":[{"embeddable":true,"href":"https:\/\/www.theelthub.com\/fr\/wp-json\/wp\/v2\/users\/1"}],"replies":[{"embeddable":true,"href":"https:\/\/www.theelthub.com\/fr\/wp-json\/wp\/v2\/comments?post=1054"}],"version-history":[{"count":13,"href":"https:\/\/www.theelthub.com\/fr\/wp-json\/wp\/v2\/pages\/1054\/revisions"}],"predecessor-version":[{"id":2192,"href":"https:\/\/www.theelthub.com\/fr\/wp-json\/wp\/v2\/pages\/1054\/revisions\/2192"}],"wp:attachment":[{"href":"https:\/\/www.theelthub.com\/fr\/wp-json\/wp\/v2\/media?parent=1054"}],"curies":[{"name":"wp","href":"https:\/\/api.w.org\/{rel}","templated":true}]}}